{"id":9568,"date":"2023-01-19T17:14:30","date_gmt":"2023-01-19T16:14:30","guid":{"rendered":"https:\/\/koisiegi.com\/?post_type=product&#038;p=9568"},"modified":"2026-02-19T18:50:58","modified_gmt":"2026-02-19T17:50:58","slug":"hq-tosai-mix-16-20cm","status":"publish","type":"product","link":"https:\/\/koisiegi.com\/index.php\/product\/hq-tosai-mix-16-20cm\/","title":{"rendered":"Sakazume Platina 15-18cm HQ Quarant\u00e4ne bis Ende M\u00e4rz 26"},"content":{"rendered":"<h3>Sakazume Platina 15-18cm HQ<\/h3>\n<ul style=\"list-style-type: square\">\n<li><strong><span style=\"vertical-align: inherit\"><span style=\"vertical-align: inherit\"><span style=\"vertical-align: inherit\"><span style=\"vertical-align: inherit\">Geburtsjahr: 2025<\/span><\/span><\/span><\/span><\/strong><\/li>\n<li><strong><span style=\"vertical-align: inherit\"><span style=\"vertical-align: inherit\"><span style=\"vertical-align: inherit\"><span style=\"vertical-align: inherit\">Gr\u00f6\u00dfe: 15-18cm<\/span><\/span><\/span><\/span><\/strong><\/li>\n<li><b><span style=\"vertical-align: inherit\"><span style=\"vertical-align: inherit\"><span style=\"vertical-align: inherit\"><span style=\"vertical-align: inherit\">Z\u00fcchter: Sakazume<\/span><\/span><\/span><\/span><\/b><\/li>\n<li><strong><span style=\"vertical-align: inherit\"><span style=\"vertical-align: inherit\"><span style=\"vertical-align: inherit\"><span style=\"vertical-align: inherit\">Geschlecht: \u26a5<\/span><\/span><\/span><\/span><\/strong><\/li>\n<li><strong><span style=\"vertical-align: inherit\"><span style=\"vertical-align: inherit\"><span style=\"vertical-align: inherit\"><span style=\"vertical-align: inherit\">Video\u00a0<\/span><\/span><\/span><\/span><\/strong><\/li>\n<li><strong><span style=\"vertical-align: inherit\"><span style=\"vertical-align: inherit\"><span style=\"vertical-align: inherit\"><span style=\"vertical-align: inherit\">Standort Koihaus-Hitzendorf \/ AT<\/span><\/span><\/span><\/span><\/strong><\/li>\n<li><strong><span style=\"vertical-align: inherit\"><span style=\"vertical-align: inherit\"><span style=\"vertical-align: inherit\"><span style=\"vertical-align: inherit\">Azukari, Ja<\/span><\/span><\/span><\/span><\/strong><\/li>\n<\/ul>\n<p>&nbsp;<\/p>\n","protected":false},"excerpt":{"rendered":"<p>Sakazume Platina 15-18cm HQ Geburtsjahr: 2025 Gr\u00f6\u00dfe: 15-18cm Z\u00fcchter: Sakazume Geschlecht: \u26a5 Video\u00a0 Standort Koihaus-Hitzendorf \/ AT Azukari, Ja &nbsp;<\/p>\n","protected":false},"featured_media":37935,"template":"","meta":[],"product_brand":[],"product_cat":[167],"product_tag":[166],"class_list":{"0":"post-9568","1":"product","2":"type-product","3":"status-publish","4":"has-post-thumbnail","6":"product_cat-tosai-2026","7":"product_tag-tosai","8":"product_shipping_class-koi","10":"first","11":"instock","12":"taxable","13":"shipping-taxable","14":"purchasable","15":"product-type-simple"},"_links":{"self":[{"href":"https:\/\/koisiegi.com\/index.php\/wp-json\/wp\/v2\/product\/9568","targetHints":{"allow":["GET"]}}],"collection":[{"href":"https:\/\/koisiegi.com\/index.php\/wp-json\/wp\/v2\/product"}],"about":[{"href":"https:\/\/koisiegi.com\/index.php\/wp-json\/wp\/v2\/types\/product"}],"wp:featuredmedia":[{"embeddable":true,"href":"https:\/\/koisiegi.com\/index.php\/wp-json\/wp\/v2\/media\/37935"}],"wp:attachment":[{"href":"https:\/\/koisiegi.com\/index.php\/wp-json\/wp\/v2\/media?parent=9568"}],"wp:term":[{"taxonomy":"product_brand","embeddable":true,"href":"https:\/\/koisiegi.com\/index.php\/wp-json\/wp\/v2\/product_brand?post=9568"},{"taxonomy":"product_cat","embeddable":true,"href":"https:\/\/koisiegi.com\/index.php\/wp-json\/wp\/v2\/product_cat?post=9568"},{"taxonomy":"product_tag","embeddable":true,"href":"https:\/\/koisiegi.com\/index.php\/wp-json\/wp\/v2\/product_tag?post=9568"}],"curies":[{"name":"wp","href":"https:\/\/api.w.org\/{rel}","templated":true}]}}