{"id":9541,"date":"2022-12-28T19:23:49","date_gmt":"2022-12-28T18:23:49","guid":{"rendered":"https:\/\/koisiegi.com\/?post_type=product&#038;p=9541"},"modified":"2024-09-16T13:19:46","modified_gmt":"2024-09-16T11:19:46","slug":"happykoi-aqua-monton-reines-montmorillonit-bentonit-3-kg","status":"publish","type":"product","link":"https:\/\/koisiegi.com\/index.php\/product\/happykoi-aqua-monton-reines-montmorillonit-bentonit-3-kg\/","title":{"rendered":"HAPPYKOI\u00ae AQUA-MONTON\u00ae 3 kg"},"content":{"rendered":"<p>&nbsp;<\/p>\n<p style=\"font-weight: 400\"><b><strong>AQUA-MONTON<\/strong><\/b><b><strong>\u00ae<\/strong><\/b>\u00a0reines Montmorillonit-Bentonit Tonmineral<\/p>\n<h3><span style=\"font-weight: 400\">\u00a0<\/span><\/h3>\n<p style=\"font-weight: 400\"><b><strong>AQUA-MONTON\u00ae\u00a0<\/strong><\/b>ist ein zu 100% rein biologisches Produkt.<br \/>\nDieses premium Montmorillonit ist ein Tonmineral und ein wesentlicher Bestandteil von Bentonit mit mehr als sechzig biologisch verf\u00fcgbaren Mineralien und Spurenelementen.<br \/>\nDieses rein nat\u00fcrliche Gesteinsmehl ist hochl\u00f6slich und weist eine<\/p>\n<p style=\"font-weight: 400\">gro\u00dfe Oberfl\u00e4che auf. Das Teichwasser wird mit Calcium als wichtigstes und nat\u00fcrlichstes Mineral angereichert. Die Fische nehmen dieses \u00fcber die Kiemen und die Schleimhaut auf.<\/p>\n<p style=\"font-weight: 400\"><b><strong>\u00a0<\/strong><\/b><\/p>\n<p style=\"font-weight: 400\"><b><strong>AQUA-MONTON\u00ae\u00a0<\/strong><\/b>ist ein Wasser-Pflegemittel, welches nicht nur Mineralien und Spurenelemente dem Teich zuf\u00fchrt, sondern auch Schadstoffe aus dem Wasser bzw. dem Darm der Fische entfernen kann. Montmorillonit regt die Verdauung beim Fisch an und sorgt daf\u00fcr, dass Vitamine und Mineralien besser\u00a0aufgenommen werden k\u00f6nnen.<br \/>\nDurch die bessere Verdauung nimmt der Koi die N\u00e4hrstoffe des Futters besser auf.<\/p>\n<p style=\"font-weight: 400\">Die regelm\u00e4\u00dfige Anwendung von\u00a0<b><strong>AQUA-MONTON\u00ae\u00a0<\/strong><\/b>verbessert die Wasserqualit\u00e4t nachhaltig und sorgt zus\u00e4tzlich f\u00fcr kristallklares Wasser.<br \/>\nEs f\u00f6rdert die Gesundheit und das Wohlbefinden der Koi, steigert die Farbbrillianz, sch\u00fctzt die Schleimhaut und intensiviert die Nahrungsverwertung.<\/p>\n<p>Auf den Koi wirkt\u00a0die Zugabe von\u00a0<b><strong>AQUA-MONTON\u00ae\u00a0<\/strong><\/b>wie eine &#8222;Wellness-Kur&#8220;.<br \/>\nDer pH-Wert wird dauerhaft intensiviert und wirkt unterst\u00fctzend beim Schlammabbau auf Teichb\u00f6den &#8211; dadurch entstehen l\u00e4ngere Filterstandzeiten.<\/p>\n<p style=\"font-weight: 400\">Nat\u00fcrlicher Kationentauscher zur S\u00e4uberung von Wasser &#8211; Besitzt die F\u00e4higkeit zur Bindung von Wasser, Proteinen, positiv geladenen Ionen und Huminstoffen.<\/p>\n<p style=\"font-weight: 400\">Lagert in seinem Gef\u00fcge das 2-3 fache des Eigengewichtes an Wasser und anderen fl\u00fcssigen Verbindungen ein.<\/p>\n<p>Auch Schwebepartikel werden dadurch gebunden und setzen sich am Teichboden ab.<\/p>\n<p style=\"font-weight: 400\"><b><strong>\u00a0<\/strong><\/b><\/p>\n<p style=\"font-weight: 400\"><b><strong>AQUA-MONTON\u00ae\u00a0<\/strong><\/b>wird unter h\u00f6chsten Qualit\u00e4tsanforderungen im deutschen Tagebau gewonnen. Das Produkt besteht aus ca. 95 % reinem Montmorillonit h\u00f6chster Reinheit und geh\u00f6rt somit zu einem der konzentriertesten Tonmineralien, die am Markt angeboten werden.<\/p>\n<p style=\"font-weight: 400\"><b><strong>\u00a0<\/strong><\/b><\/p>\n<p style=\"font-weight: 400\"><b><strong>AQUA-MONTON\u00ae\u00a0<\/strong><\/b>enth\u00e4lt Montmorillonitschichten in einer Form, die besonders f\u00fcr diesen Anwendungsbereich geeignet sind. Da die japanischen Hochgebirgsteiche, die s.g. &#8222;Mudponds&#8220; sich auf stark tonhaltigen B\u00f6den befinden, entfaltet sich dadurch die wahre Farbbrillianz der Koi und unterst\u00fctzt<\/p>\n<p style=\"font-weight: 400\">die Verdauung der Koi erheblich. Montmorillonit ist f\u00fcr seine farbf\u00f6rdernden, hautpflegenden und schleimhautunterst\u00fctzenden Eigenschaften bekannt und ein Geheimtipp erfolgreicher Koi-Z\u00fcchter und Koi-Halter.<\/p>\n<p style=\"font-weight: 400\"><b><strong>\u00a0<\/strong><\/b><\/p>\n<p style=\"font-weight: 400\"><b><strong>Anwendung &amp; Dosierung:<\/strong><\/b><\/p>\n<p style=\"font-weight: 400\">Im Koiteich, Zierfischteich, Schwimmteich, Aquaristik, Garnelenzucht, Aquakultur<\/p>\n<p style=\"font-weight: 400\"><b><strong>1x w\u00f6chentlich 50 &#8211; 70 g je 10.000 Liter Teichvolumen<\/strong><\/b><\/p>\n<p style=\"font-weight: 400\"><b><strong>\u00a0<\/strong><\/b><\/p>\n<p style=\"font-weight: 400\"><b><strong>AQUA-MONTON\u00ae\u00a0<\/strong><\/b>sollte vor der Anwendung in Wasser gel\u00f6st werden, am besten die gew\u00fcnschte Menge in einem Eimer mit Teichwasser anr\u00fchren, kurz aufquellen lassen und gleichm\u00e4\u00dfig in der Teichanlage (mit dem einstr\u00f6menden Wasser) verteilen. W\u00e4hrend der Anwendung kommt es gelegentlich zur Tr\u00fcbung des Wassers welches innerhalb weniger Zeit durch die s.g. Ionenbindung in kristallklares Wasser \u00fcbergeht.<br \/>\n<b><strong>AQUA-MONTON\u00ae\u00a0<\/strong><\/b>ist ganzj\u00e4hrig anzuwenden, da es temperaturunabh\u00e4ngig ist.<\/p>\n<p style=\"font-weight: 400\"><b><strong>\u00a0<\/strong><\/b><\/p>\n<p style=\"font-weight: 400\"><b><strong>Zusammensetzung &amp; Analyse:<\/strong><\/b><\/p>\n<p style=\"font-weight: 400\">Aussehen: sehr feines, homogenes, hellgrau-wei\u00dfes Pulver<\/p>\n<p>&nbsp;<\/p>\n","protected":false},"excerpt":{"rendered":"<p>HAPPYKOI\u00ae AQUA-MONTON\u00ae reines Montmorillonit-Bentonit- 3 kg<\/p>\n","protected":false},"featured_media":9545,"template":"","meta":[],"product_brand":[],"product_cat":[34,40],"product_tag":[64],"class_list":{"0":"post-9541","1":"product","2":"type-product","3":"status-publish","4":"has-post-thumbnail","6":"product_cat-gesundheit","7":"product_cat-wasserbehandlung","8":"product_tag-teichbakterien","9":"product_shipping_class-zubehoer","11":"first","12":"instock","13":"taxable","14":"shipping-taxable","15":"purchasable","16":"product-type-simple"},"_links":{"self":[{"href":"https:\/\/koisiegi.com\/index.php\/wp-json\/wp\/v2\/product\/9541","targetHints":{"allow":["GET"]}}],"collection":[{"href":"https:\/\/koisiegi.com\/index.php\/wp-json\/wp\/v2\/product"}],"about":[{"href":"https:\/\/koisiegi.com\/index.php\/wp-json\/wp\/v2\/types\/product"}],"wp:featuredmedia":[{"embeddable":true,"href":"https:\/\/koisiegi.com\/index.php\/wp-json\/wp\/v2\/media\/9545"}],"wp:attachment":[{"href":"https:\/\/koisiegi.com\/index.php\/wp-json\/wp\/v2\/media?parent=9541"}],"wp:term":[{"taxonomy":"product_brand","embeddable":true,"href":"https:\/\/koisiegi.com\/index.php\/wp-json\/wp\/v2\/product_brand?post=9541"},{"taxonomy":"product_cat","embeddable":true,"href":"https:\/\/koisiegi.com\/index.php\/wp-json\/wp\/v2\/product_cat?post=9541"},{"taxonomy":"product_tag","embeddable":true,"href":"https:\/\/koisiegi.com\/index.php\/wp-json\/wp\/v2\/product_tag?post=9541"}],"curies":[{"name":"wp","href":"https:\/\/api.w.org\/{rel}","templated":true}]}}