{"id":9532,"date":"2022-12-28T18:40:05","date_gmt":"2022-12-28T17:40:05","guid":{"rendered":"https:\/\/koisiegi.com\/?post_type=product&#038;p=9532"},"modified":"2025-08-31T11:06:22","modified_gmt":"2025-08-31T09:06:22","slug":"aqua-5-dry-140g","status":"publish","type":"product","link":"https:\/\/koisiegi.com\/index.php\/product\/aqua-5-dry-140g\/","title":{"rendered":"Aqua-5 DRY 140g"},"content":{"rendered":"<h2>AQUA-5 DRY Mikrobakterien<\/h2>\n<p>Nat\u00fcrliches, klares und gesundes Wasser durch hochkonzentrierte gefriergetrocknete Mikroorganismen, Mineralien und Enzyme.<\/p>\n<p><strong>Eine Dose enth\u00e4lt 140 Gramm f\u00fcr 75.000 Liter Teichwasser.<br \/>\n<\/strong>Haltbarkeit: K\u00fchl und trocken gelagert, 2 &#8211; 3 Jahre<\/p>\n<h3>AQUA-5 DRY:<\/h3>\n<ul>\n<li>sehr schnelle, kr\u00e4ftige biologische Aktivit\u00e4t in allen Teichen und Filteranlagen<\/li>\n<li>100 % biologisch<\/li>\n<li>verhindert die Bildung von krankheitserregenden (negative, pathogene) Bakterien und Keimen<\/li>\n<li>unterst\u00fctzt den schnellen Abbau von Nitrit, gr\u00fcnem Wasser, Fischausscheidungen, Eiwei\u00df, schlechtem Geruch etc.<\/li>\n<li>schafft ein stabiles \u00f6kologisches Gleichgewicht, ohne UV, Ozon oder Absch\u00e4umer und ohne st\u00e4ndiges Filterreinigen<\/li>\n<\/ul>\n<div class=\"alert alert-danger\">\n<h4><strong>AQUA-5 DRY ist absolut unsch\u00e4dlich f\u00fcr Menschen, Tiere<\/strong><strong>\u00a0(auch St\u00f6re)<\/strong><strong>, alle Pflanzen und die Umwelt!<\/strong><\/h4>\n<\/div>\n<p><strong>AQUA-5 DRY<\/strong>\u00a0bietet euch das was euer Teich ben\u00f6tigt, damit sein\u00a0<strong>\u00f6kologisches Gleichgewicht<\/strong>\u00a0aufrecht erhalten werden kann. In klarem Wasser f\u00fchlen sich eure Koi schlie\u00dflich wohler und bleiben gesund.<\/p>\n<p>Das Gleichgewicht in eurem kleinen Bio-System aufrecht zu erhalten ist gar keine einfache Sache, denn unter den vielen verschiedenen Arten von Mikroorganismen herrscht ein permanenter Verdr\u00e4ngungs-Wettbewerb. Daher ist es wichtig, dass eurem Koi- und Gartenteich kontinuierlich\u00a0<strong>positive Bakterien<\/strong>\u00a0zugef\u00fchrt werden, damit die negativen pathogenen Bakterien verdr\u00e4ngt werden.<\/p>\n<p>Daf\u00fcr hat AQUA-5 DRY mit\u00a0<strong>80 Billionen Bakterien pro Gramm<\/strong>\u00a0eine hochkonzentrierte Dichte ausgesuchter Bakterienst\u00e4mmen, die in k\u00fcrzester Zeit dieses \u00f6kologische Gleichgewicht herstellen.<\/p>\n<p>Sollte euer Teich mal stark verschmutzt sein, die Fr\u00fchjahr-Saison beginnen oder ihr einen neuen Teich anlegen, k\u00f6nnt ihr einfach eine doppelte Dosis AQUA-5 DRY nehmen.<\/p>\n<p>Setzt ihr AQUA-5 DRY und auch AQUA-BIO-5 Milchs\u00e4urebakterien regelm\u00e4\u00dfig ein, k\u00f6nnt ihr viel Arbeit, Technik und Geld sparen. Au\u00dferdem sind die AQUA-5 DRY Bakterien bis zu 3 Jahre und l\u00e4nger haltbar und\u00a0<strong>werden erst durch Wasser und Sauerstoff aktiviert<\/strong>. So k\u00f6nnt ihr euch alles selbst einteilen und es muss nichts krampfhaft aufgebraucht werden, so wie es bei Fl\u00fcssigbakterien der Fall ist.<\/p>\n<p>Man kann sagen, dass AQUA-5 DRY ein\u00a0<strong>Rund-um-Sorglospaket f\u00fcr euren Teich und eure Koi<\/strong>\u00a0bietet. Es vermindert und verhindert Ammonium, Ammoniak, Nitrit, Nitrat, Phosphat und Algenbl\u00fcte. Es\u00a0<strong>regt\u00a0<\/strong>sogar<strong>\u00a0die Schleimhautbildung der Fische<\/strong>\u00a0an,\u00a0<strong>reduziert dadurch Stress<\/strong>\u00a0und\u00a0<strong>tr\u00e4gt somit zum sichtbaren Wohlbefinden der Koi bei<\/strong>. Es beseitigt au\u00dferdem sehr ergiebig s\u00e4mtliche Abf\u00e4lle, abgestorbene Pflanzen, F\u00e4ulnis, Schadgasbildung, Fischausscheidungen, Futterreste, Eiwei\u00df, Fett usw. sowie schlechten Geruch des Wassers. Der PH Wert wird stabilisiert und die Sauerstoffverbindung im Wasser wird verbessert, was den Appetit und dadurch das Wachstum der Fische beg\u00fcnstigt.<\/p>\n<p>Bei regelm\u00e4\u00dfiger Anwendung von AQUA-5 DRY und ausreichendem Filtervolumen werden UV-Lampen und andere Techniken nicht mehr ben\u00f6tigt. Bei regelm\u00e4\u00dfiger Anwendung werden gr\u00fcnes Wasser und Algenbl\u00fcte vermieden.<\/p>\n<p><strong>Mit AQUA-5 DRY und AQUA-BIO-5 erhaltet ihr dauerhaft klares, biologisch einwandfreies Wasser und gesunde, kr\u00e4ftige Koi.<\/strong><\/p>\n<p>&nbsp;<\/p>\n","protected":false},"excerpt":{"rendered":"<p>AQUA-5 DRY Mikrobakterien<\/p>\n","protected":false},"featured_media":9533,"template":"","meta":[],"product_brand":[],"product_cat":[34,40],"product_tag":[64],"class_list":{"0":"post-9532","1":"product","2":"type-product","3":"status-publish","4":"has-post-thumbnail","6":"product_cat-gesundheit","7":"product_cat-wasserbehandlung","8":"product_tag-teichbakterien","9":"product_shipping_class-zubehoer","11":"first","12":"instock","13":"taxable","14":"shipping-taxable","15":"purchasable","16":"product-type-simple"},"_links":{"self":[{"href":"https:\/\/koisiegi.com\/index.php\/wp-json\/wp\/v2\/product\/9532","targetHints":{"allow":["GET"]}}],"collection":[{"href":"https:\/\/koisiegi.com\/index.php\/wp-json\/wp\/v2\/product"}],"about":[{"href":"https:\/\/koisiegi.com\/index.php\/wp-json\/wp\/v2\/types\/product"}],"wp:featuredmedia":[{"embeddable":true,"href":"https:\/\/koisiegi.com\/index.php\/wp-json\/wp\/v2\/media\/9533"}],"wp:attachment":[{"href":"https:\/\/koisiegi.com\/index.php\/wp-json\/wp\/v2\/media?parent=9532"}],"wp:term":[{"taxonomy":"product_brand","embeddable":true,"href":"https:\/\/koisiegi.com\/index.php\/wp-json\/wp\/v2\/product_brand?post=9532"},{"taxonomy":"product_cat","embeddable":true,"href":"https:\/\/koisiegi.com\/index.php\/wp-json\/wp\/v2\/product_cat?post=9532"},{"taxonomy":"product_tag","embeddable":true,"href":"https:\/\/koisiegi.com\/index.php\/wp-json\/wp\/v2\/product_tag?post=9532"}],"curies":[{"name":"wp","href":"https:\/\/api.w.org\/{rel}","templated":true}]}}