{"id":9488,"date":"2022-12-03T17:36:51","date_gmt":"2022-12-03T16:36:51","guid":{"rendered":"https:\/\/koisiegi.com\/?post_type=product&#038;p=9488"},"modified":"2026-03-17T17:31:59","modified_gmt":"2026-03-17T16:31:59","slug":"hikari-staple-m","status":"publish","type":"product","link":"https:\/\/koisiegi.com\/index.php\/product\/hikari-staple-m\/","title":{"rendered":"Hikari Staple M 5-10kg 2026"},"content":{"rendered":"<p><strong>Hikari Staple M<\/strong><\/p>\n<p>T\u00e4gliches Basisfutter von hoher Qualit\u00e4t, hergestellt aus erstklassigen Zutaten, die f\u00fcr herausragendes Wachstum und gesunde Immunit\u00e4t sorgen.<\/p>\n<p>Enth\u00e4lt einzigartige, ausgewogene N\u00e4hrstoffe, die Ihre Koi ben\u00f6tigen um ein langes und gesundes Leben f\u00fchren zu k\u00f6nnen. Sorgt als t\u00e4gliches Futter f\u00fcr ein besseres Wachstum und eine vorhersehbare Kondition ohne Fettansammlung. Drei treibende Pellet Gr\u00f6\u00dfen bieten Fischen aller Gr\u00f6\u00dfen die M\u00f6glichkeit das Futter aufzunehmen und vermindern das Risiko f\u00fcr Wassertr\u00fcbung und Verschmutzung.<\/p>\n<p>Zusammensetzung: Weizenmehl, Fischmehl, Sojabohnenmehl, Reiskleie, Kleber (gem.), Hefe (getr.), Seetangmehl, Knoblauch<\/p>\n<p>&nbsp;<\/p>\n<p>Analytische Bestandteile:<\/p>\n<p>Rohprotein: 38%<\/p>\n<p>Rohfett: 5%<\/p>\n<p>Rohfaser: 3,3%<\/p>\n<p>Rohasche: 11,6%<\/p>\n<p>Phosphor: 1,2%<\/p>\n<p>Feuchtigkeit: 9%<\/p>\n<p>Vitamine:<\/p>\n<p>Vitamin A (IE\/kg): ca. 8300<\/p>\n<p>Vitamin D3 (IE\/kg): ca. 1600<\/p>\n<p>Vitamin E (mg\/kg): ca. 130<\/p>\n<p>Vitamin C (mg\/kg): ca. 67<\/p>\n<p>&nbsp;<\/p>\n","protected":false},"excerpt":{"rendered":"<p>&nbsp;<\/p>\n<p>Hikari Staple 5kg,<\/p>\n<p>Hikari Staple M 10kg,<\/p>\n","protected":false},"featured_media":8446,"template":"","meta":[],"product_brand":[],"product_cat":[96,137],"product_tag":[97,138],"class_list":{"0":"post-9488","1":"product","2":"type-product","3":"status-publish","4":"has-post-thumbnail","6":"product_cat-futter","7":"product_cat-hikari","8":"product_tag-futter","9":"product_tag-hikari","10":"product_shipping_class-futter","12":"first","13":"instock","14":"taxable","15":"shipping-taxable","16":"purchasable","17":"product-type-variable"},"_links":{"self":[{"href":"https:\/\/koisiegi.com\/index.php\/wp-json\/wp\/v2\/product\/9488","targetHints":{"allow":["GET"]}}],"collection":[{"href":"https:\/\/koisiegi.com\/index.php\/wp-json\/wp\/v2\/product"}],"about":[{"href":"https:\/\/koisiegi.com\/index.php\/wp-json\/wp\/v2\/types\/product"}],"wp:featuredmedia":[{"embeddable":true,"href":"https:\/\/koisiegi.com\/index.php\/wp-json\/wp\/v2\/media\/8446"}],"wp:attachment":[{"href":"https:\/\/koisiegi.com\/index.php\/wp-json\/wp\/v2\/media?parent=9488"}],"wp:term":[{"taxonomy":"product_brand","embeddable":true,"href":"https:\/\/koisiegi.com\/index.php\/wp-json\/wp\/v2\/product_brand?post=9488"},{"taxonomy":"product_cat","embeddable":true,"href":"https:\/\/koisiegi.com\/index.php\/wp-json\/wp\/v2\/product_cat?post=9488"},{"taxonomy":"product_tag","embeddable":true,"href":"https:\/\/koisiegi.com\/index.php\/wp-json\/wp\/v2\/product_tag?post=9488"}],"curies":[{"name":"wp","href":"https:\/\/api.w.org\/{rel}","templated":true}]}}