{"id":8954,"date":"2022-02-08T15:36:18","date_gmt":"2022-02-08T14:36:18","guid":{"rendered":"https:\/\/koisiegi.com\/?post_type=product&#038;p=8954"},"modified":"2024-09-16T15:09:01","modified_gmt":"2024-09-16T13:09:01","slug":"superfish-pondclear-teichfilter-set-6000-mit-7-w-uvc-pumpe","status":"publish","type":"product","link":"https:\/\/koisiegi.com\/index.php\/product\/superfish-pondclear-teichfilter-set-6000-mit-7-w-uvc-pumpe\/","title":{"rendered":"SuperFish PondClear Teichfilter Set 6000 mit 7 W UVC + Pumpe"},"content":{"rendered":"<div>\n<p>Teichfilter Komplett Set inkl. UVC und\u00a0Pumpe<\/p>\n<p>f\u00fcr Teiche bis 6000 Liter \/ auch f\u00fcr Aufstellbecken und Innenh\u00e4lterung bis 6000 Liter geeignet<\/p>\n<\/div>\n<div>Vollst\u00e4ndiger biologischer Teichfilter mit UVC f\u00fcr Teiche. Zwei Filterkammern mit Filtermedien und einem eingebauten UVC Ger\u00e4t f\u00fcr einen klaren und sauberen Gartenteiche.<\/div>\n<div><\/div>\n<div>&#8211; Das UVC Ger\u00e4t ist im Deckel integriert<\/div>\n<div>&#8211; Ausgestattet mit Filterb\u00fcrsten in der ersten Filterkammer<\/div>\n<div>&#8211; Biologische Filtration in der zweiten Filterkammer (Filterschaumstoff und Bio-B\u00e4lle)<\/div>\n<div><\/div>\n<div>max.: Teichinhalt: ca. 6000 Liter<\/div>\n<div>Fischteiche max.:\u00a0ca. 3000 Liter<\/div>\n<div>eingebautes UVC:\u00a07 Watt<\/div>\n<div>max. Durchflussmenge:\u00a05000 l\/h<\/div>\n<div>Anschluss Einlass:\u00a0f\u00fcr 25\/32\/40mm Schlauch<\/div>\n<div>Anschluss Ausgang:\u00a063mm<\/div>\n<div>Abmessungen (LxBxH):\u00a0ca. 37x27x40cm<\/div>\n<div><\/div>\n<div>inkl. Filtermaterial: Filterb\u00fcrsten, Filtermatte, Bio-B\u00e4lle<\/div>\n<div><\/div>\n<div>\u00a0Superfish Pond Eco 2900<\/div>\n<div>Die Super Fish Pond Eco ist eine Energie sparende multifunktionale Filterpumpe. Pump Leistung: 3500 L\/h<br \/>\nmax. Wassers\u00e4ule:\u00a02 Meter<br \/>\nLeistung:\u00a014 Watt<\/div>\n<div><\/div>\n<div>Set beinhaltet:<u><br \/>\n<\/u>1x Superfish\u00a0Pond Clear 6000 mit 7 Watt UVC<br \/>\n1x Superfish Filterpumpe Pond Eco 2900<\/div>\n<div><\/div>\n","protected":false},"excerpt":{"rendered":"<p>Teichfilter Komplett Set inkl. UVC und\u00a0Pumpe<\/p>\n","protected":false},"featured_media":8955,"template":"","meta":[],"product_brand":[],"product_cat":[115,142,39],"product_tag":[],"class_list":{"0":"post-8954","1":"product","2":"type-product","3":"status-publish","4":"has-post-thumbnail","6":"product_cat-diverse","7":"product_cat-filtertechnik-zubehoer","8":"product_cat-zubehoer","9":"product_shipping_class-zubehoer","11":"first","12":"instock","13":"taxable","14":"shipping-taxable","15":"purchasable","16":"product-type-simple"},"_links":{"self":[{"href":"https:\/\/koisiegi.com\/index.php\/wp-json\/wp\/v2\/product\/8954","targetHints":{"allow":["GET"]}}],"collection":[{"href":"https:\/\/koisiegi.com\/index.php\/wp-json\/wp\/v2\/product"}],"about":[{"href":"https:\/\/koisiegi.com\/index.php\/wp-json\/wp\/v2\/types\/product"}],"wp:featuredmedia":[{"embeddable":true,"href":"https:\/\/koisiegi.com\/index.php\/wp-json\/wp\/v2\/media\/8955"}],"wp:attachment":[{"href":"https:\/\/koisiegi.com\/index.php\/wp-json\/wp\/v2\/media?parent=8954"}],"wp:term":[{"taxonomy":"product_brand","embeddable":true,"href":"https:\/\/koisiegi.com\/index.php\/wp-json\/wp\/v2\/product_brand?post=8954"},{"taxonomy":"product_cat","embeddable":true,"href":"https:\/\/koisiegi.com\/index.php\/wp-json\/wp\/v2\/product_cat?post=8954"},{"taxonomy":"product_tag","embeddable":true,"href":"https:\/\/koisiegi.com\/index.php\/wp-json\/wp\/v2\/product_tag?post=8954"}],"curies":[{"name":"wp","href":"https:\/\/api.w.org\/{rel}","templated":true}]}}