{"id":8442,"date":"2021-12-26T17:59:26","date_gmt":"2021-12-26T16:59:26","guid":{"rendered":"https:\/\/koisiegi.com\/?post_type=product&#038;p=8442"},"modified":"2026-03-17T17:33:29","modified_gmt":"2026-03-17T16:33:29","slug":"hikari-gold-10kg-schwimm","status":"publish","type":"product","link":"https:\/\/koisiegi.com\/index.php\/product\/hikari-gold-10kg-schwimm\/","title":{"rendered":"Hikari Gold 10kg 2026"},"content":{"rendered":"<p><strong>Hikari Gold<\/strong><\/p>\n<p>Farb- und wachstumsf\u00f6rderndes Futter f\u00fcr den t\u00e4glichen Gebrauch. Hikari Gold ist ein wissenschaftlich entwickeltes t\u00e4gliches Futter f\u00fcr Koi und andere Teichfische. Die neue Zusammensetzung, mit mehr Spirulina und der Zugabe von Krill, bietet eine noch aktivere Farbverst\u00e4rkung des Hiban (rote Farbe).<\/p>\n<p>Neue verbesserte Formel f\u00fcr noch\u00a0sch\u00f6nere nat\u00fcrliche Farben<\/p>\n<p>Unterst\u00fctzt das\u00a0Immunsystem und die Gesundheit<\/p>\n<p>F\u00fcr ein\u00a0hervorragendes Wachstum\u00a0und\u00a0Kondition<\/p>\n<p>Schwimmende Pellets in Small, Medium, Large<\/p>\n<p>Wassertemperatur ab +15\u00b0C<\/p>\n<table style=\"width: 45.0317%;height: 636px\">\n<thead>\n<tr style=\"height: 53px\">\n<td style=\"height: 53px\" colspan=\"2\"><u>Analytische Zusammensetzung:<\/u><\/p>\n<p>&nbsp;<\/td>\n<\/tr>\n<tr style=\"height: 24px\">\n<td style=\"height: 24px\" colspan=\"2\"><\/td>\n<\/tr>\n<\/thead>\n<tbody>\n<tr style=\"height: 24px\">\n<td style=\"height: 24px\" width=\"176\">Protein: 43%<\/td>\n<td style=\"height: 24px\" width=\"429\"><\/td>\n<\/tr>\n<tr style=\"height: 24px\">\n<td style=\"height: 24px\" width=\"176\">Fettgehalt:6%<\/td>\n<td style=\"height: 24px\" width=\"429\"><\/td>\n<\/tr>\n<tr style=\"height: 24px\">\n<td style=\"height: 24px\" width=\"176\">Rohfaser:1,3%<\/td>\n<td style=\"height: 24px\" width=\"429\"><\/td>\n<\/tr>\n<tr style=\"height: 24px\">\n<td style=\"height: 24px\" width=\"176\">Rohasche:13,4%<\/td>\n<td style=\"height: 24px\" width=\"429\"><\/td>\n<\/tr>\n<tr style=\"height: 24px\">\n<td style=\"height: 24px\" width=\"176\">Phosphor:1,2%<\/td>\n<td style=\"height: 24px\" width=\"429\"><\/td>\n<\/tr>\n<tr style=\"height: 24px\">\n<td style=\"height: 24px\" width=\"176\">Feuchtigkeit:9%<\/td>\n<td style=\"height: 24px\" width=\"429\"><\/td>\n<\/tr>\n<tr style=\"height: 24px\">\n<td style=\"height: 24px\" colspan=\"2\">Ern\u00e4hrungsphysiologische Zusatzstoffe:<\/td>\n<\/tr>\n<tr style=\"height: 24px\">\n<td style=\"height: 24px\" width=\"176\">Vit. A :14000 IU\/kg<\/td>\n<td style=\"height: 24px\" width=\"429\"><\/td>\n<\/tr>\n<tr style=\"height: 24px\">\n<td style=\"height: 24px\" width=\"176\">Vit. D3: 2900 IU\/kg<\/td>\n<td style=\"height: 24px\" width=\"429\"><\/td>\n<\/tr>\n<tr style=\"height: 24px\">\n<td style=\"height: 24px\" width=\"176\">Vit. E: 290 mg\/kg<\/td>\n<td style=\"height: 24px\" width=\"429\"><\/td>\n<\/tr>\n<tr style=\"height: 24px\">\n<td style=\"height: 24px\" width=\"176\">Vit. C: 74\u00a0mg\/kg<\/td>\n<td style=\"height: 24px\" width=\"429\"><\/td>\n<\/tr>\n<tr style=\"height: 24px\">\n<td style=\"height: 24px\" width=\"176\">Co : 0,79 mg\/kg<\/td>\n<td style=\"height: 24px\" width=\"429\"><\/td>\n<\/tr>\n<tr style=\"height: 24px\">\n<td style=\"height: 24px\" width=\"176\">Se : &#8211; mg\/kg<\/td>\n<td style=\"height: 24px\" width=\"429\"><\/td>\n<\/tr>\n<tr style=\"height: 24px\">\n<td style=\"height: 24px\" width=\"176\">Mn : 100 mg\/kg<\/td>\n<td style=\"height: 24px\" width=\"429\"><\/td>\n<\/tr>\n<tr style=\"height: 24px\">\n<td style=\"height: 24px\" width=\"176\">I : 4,9\u00a0mg\/kg<\/td>\n<td style=\"height: 24px\" width=\"429\"><\/td>\n<\/tr>\n<tr style=\"height: 24px\">\n<td style=\"height: 24px\" width=\"176\">Zn : 19 mg \/kg<\/td>\n<td style=\"height: 24px\" width=\"429\"><\/td>\n<\/tr>\n<tr style=\"height: 24px\">\n<td style=\"height: 24px\" width=\"176\">Fe : 20mg\/kg<\/td>\n<td style=\"height: 24px\" width=\"429\"><\/td>\n<\/tr>\n<tr style=\"height: 24px\">\n<td style=\"height: 24px\" width=\"176\">Cu : &#8211; Mg \/kg<\/td>\n<td style=\"height: 24px\" width=\"429\"><\/td>\n<\/tr>\n<\/tbody>\n<\/table>\n","protected":false},"excerpt":{"rendered":"<p>Hikari Gold 10kg schwimm<\/p>\n","protected":false},"featured_media":8443,"template":"","meta":[],"product_brand":[],"product_cat":[96,137],"product_tag":[97,138],"class_list":{"0":"post-8442","1":"product","2":"type-product","3":"status-publish","4":"has-post-thumbnail","6":"product_cat-futter","7":"product_cat-hikari","8":"product_tag-futter","9":"product_tag-hikari","10":"product_shipping_class-futter","12":"first","13":"instock","14":"taxable","15":"shipping-taxable","16":"purchasable","17":"product-type-simple"},"_links":{"self":[{"href":"https:\/\/koisiegi.com\/index.php\/wp-json\/wp\/v2\/product\/8442","targetHints":{"allow":["GET"]}}],"collection":[{"href":"https:\/\/koisiegi.com\/index.php\/wp-json\/wp\/v2\/product"}],"about":[{"href":"https:\/\/koisiegi.com\/index.php\/wp-json\/wp\/v2\/types\/product"}],"wp:featuredmedia":[{"embeddable":true,"href":"https:\/\/koisiegi.com\/index.php\/wp-json\/wp\/v2\/media\/8443"}],"wp:attachment":[{"href":"https:\/\/koisiegi.com\/index.php\/wp-json\/wp\/v2\/media?parent=8442"}],"wp:term":[{"taxonomy":"product_brand","embeddable":true,"href":"https:\/\/koisiegi.com\/index.php\/wp-json\/wp\/v2\/product_brand?post=8442"},{"taxonomy":"product_cat","embeddable":true,"href":"https:\/\/koisiegi.com\/index.php\/wp-json\/wp\/v2\/product_cat?post=8442"},{"taxonomy":"product_tag","embeddable":true,"href":"https:\/\/koisiegi.com\/index.php\/wp-json\/wp\/v2\/product_tag?post=8442"}],"curies":[{"name":"wp","href":"https:\/\/api.w.org\/{rel}","templated":true}]}}