{"id":7689,"date":"2021-09-16T11:42:47","date_gmt":"2021-09-16T09:42:47","guid":{"rendered":"https:\/\/koisiegi.com\/?post_type=product&#038;p=7689"},"modified":"2024-09-16T11:24:46","modified_gmt":"2024-09-16T09:24:46","slug":"koi-siegi-t-shirt","status":"publish","type":"product","link":"https:\/\/koisiegi.com\/index.php\/product\/koi-siegi-t-shirt\/","title":{"rendered":"Koi Siegi T-Shirt"},"content":{"rendered":"<p>Aus 100% Baumwolle. In Damen und Herren Gr\u00f6\u00dfen erh\u00e4ltlich. Sehr guter Dragekomfort. Hochwertiger Druck (Made In Austria ) der auch nach vielen Waschg\u00e4ngen nicht gleich ausbleicht und Farbe verliert . Ein absolutes Must Have f\u00fcr jeden Koi Fan. Auf Anfrage Sind auch Sweater, Hoodies und Softshelljacken\u00a0 erh\u00e4ltlich. Bei der Bestellung bitte Angeben Ob Damen oder Herren Ausf\u00fchrung.<\/p>\n","protected":false},"excerpt":{"rendered":"<p>Koi Siegi T-Shirt<\/p>\n","protected":false},"featured_media":7690,"template":"","meta":[],"product_brand":[],"product_cat":[128,133],"product_tag":[],"class_list":{"0":"post-7689","1":"product","2":"type-product","3":"status-publish","4":"has-post-thumbnail","6":"product_cat-fanshop","7":"product_cat-t-shirt","8":"product_shipping_class-zubehoer","10":"first","11":"instock","12":"taxable","13":"shipping-taxable","14":"purchasable","15":"product-type-variable","16":"has-default-attributes"},"_links":{"self":[{"href":"https:\/\/koisiegi.com\/index.php\/wp-json\/wp\/v2\/product\/7689","targetHints":{"allow":["GET"]}}],"collection":[{"href":"https:\/\/koisiegi.com\/index.php\/wp-json\/wp\/v2\/product"}],"about":[{"href":"https:\/\/koisiegi.com\/index.php\/wp-json\/wp\/v2\/types\/product"}],"wp:featuredmedia":[{"embeddable":true,"href":"https:\/\/koisiegi.com\/index.php\/wp-json\/wp\/v2\/media\/7690"}],"wp:attachment":[{"href":"https:\/\/koisiegi.com\/index.php\/wp-json\/wp\/v2\/media?parent=7689"}],"wp:term":[{"taxonomy":"product_brand","embeddable":true,"href":"https:\/\/koisiegi.com\/index.php\/wp-json\/wp\/v2\/product_brand?post=7689"},{"taxonomy":"product_cat","embeddable":true,"href":"https:\/\/koisiegi.com\/index.php\/wp-json\/wp\/v2\/product_cat?post=7689"},{"taxonomy":"product_tag","embeddable":true,"href":"https:\/\/koisiegi.com\/index.php\/wp-json\/wp\/v2\/product_tag?post=7689"}],"curies":[{"name":"wp","href":"https:\/\/api.w.org\/{rel}","templated":true}]}}