{"id":7637,"date":"2021-08-09T12:00:38","date_gmt":"2021-08-09T10:00:38","guid":{"rendered":"https:\/\/koisiegi.com\/?post_type=product&#038;p=7637"},"modified":"2026-03-22T18:48:17","modified_gmt":"2026-03-22T17:48:17","slug":"kashikoi-premium-sinkend-45mm-5-5kg","status":"publish","type":"product","link":"https:\/\/koisiegi.com\/index.php\/product\/kashikoi-premium-sinkend-45mm-5-5kg\/","title":{"rendered":"KASHIKOI SINK 5kg \/ 4,5mm ( Coppens SINK )"},"content":{"rendered":"<p>KASHIKOI PREMIUM SINK ( Coppens ) \/ 4,5mm bis 5 Grad Wassertemperatur\u00a0 im Praktischen 5 kg K\u00fcbel<\/p>\n<p>&nbsp;<\/p>\n<p>KASHIKOI PREMIUM SINK ist ein Ganzjahresfutter mit einer bewusst gew\u00e4hlten K\u00f6rnung von 4,5mm. Das KASHIKOI PREMIUM SINK ist auf die Bed\u00fcrfnisse unserer Koi optimiert und mit allen notwendigen Bausteinen in der richtigen Menge versehen (Proteine, Fette, Kohlenhydrate, Mineralien, Vitamine, Spurenelemente), um die Gesundheit lebenslang zu erhalten. Daher ist KASHIKOI PREMIUM SINK ein optimiertes Basisfutter und eine sehr gute Wahl eines jeden anspruchsvollen Koihalter. Die leicht verdaulichen Bestandteile und die enthaltenen probiotischen Bakterienkulturen wirken sich positiv auf die Darmflora eines jeden Koi aus und sorgen daf\u00fcr, dass die N\u00e4hrstoffe zeitnah dort ankommen wo sie gebraucht werden. Des Weiteren wird das KASHIKOI PREMIUM SINK immer weiterentwickelt und entspricht dem weltweit neuesten Stand der Koi-Ern\u00e4hrung.<\/p>\n<h5><strong>Inhaltsstoffe:<\/strong><br \/>\n<strong>Protein 38,0 %,<\/strong><br \/>\n<strong>Rohfett 13,0 %,<\/strong><br \/>\n<strong>Rohfaser 1,5 %,<\/strong><br \/>\n<strong>Rohasche 7,8 %,\u00a0<\/strong><\/h5>\n<p><strong>Zusammensetzung:<\/strong><br \/>\n<strong>Weizen, Fischmehl, Gefl\u00fcgelmehl, Fisch\u00f6l, Weizenkleber,\u00a0 Sojaproteinextraktionsschrot, Hefeprodukte.<\/strong><\/p>\n<p><strong>Ern\u00e4hrungsphysiologische Zusatzstoffe:<\/strong><br \/>\n<strong>Vitamin D3: 690 I.E.\/kg, Vitamin A: 10000 I.E.\/kg, Eisen: 40 mg\/kg, Jod: 3,3 mg\/kg, Kupfer: 3,3 mg\/kg, Mangan: 13,3 mg\/kg, Zink: 40 mg\/kg<\/strong><\/p>\n<p><strong>Technologische Zusatzstoffe:<\/strong><br \/>\n<strong>Propylgallat: 52 mg\/kg, Butylhydroxyanisol 52 mg\/kg<\/strong><\/p>\n<p><strong>Anwendung:<\/strong><br \/>\n<strong>KOI SELECT SINK ist vollst\u00e4ndig sinkend und wasserstabil, was zur Erhaltung der Wasserqualit\u00e4t beitr\u00e4gt. Die optimale F\u00fctterungsmenge betr\u00e4gt ab einer Wassertemperatur von 15 Grad, 2 &#8211; 8 Portionen pro Tag, in Abh\u00e4ngigkeit der Fischgr\u00f6\u00dfe. KOI SELECT SINK<\/strong><br \/>\n<strong>bitte trocken und dunkel lagern.<\/strong><\/p>\n<p><strong>Hersteller: DE 05166014713<\/strong><\/p>\n<p>&nbsp;<\/p>\n<p>Wir empfehlen Ihnen die Futtermenge der Wassertemperatur und den Bed\u00fcrfnissen der Koi anzupassen. Bis 5 Grad Celsius WT empfehlen wir, angepasst an die Jahreszeiten, 1 \u2013 2,5 Prozent des K\u00f6rpergewichtes zu f\u00fcttern. Es empfiehlt es sich, die Futtermenge auf 4-8F\u00fctterungen pro Tag zu verteilen, je \u00f6fter desto besser f\u00fcr den Darm der Fische.<\/p>\n<p>&nbsp;<\/p>\n<p>&nbsp;<\/p>\n<p>&nbsp;<\/p>\n","protected":false},"excerpt":{"rendered":"<p>KASHIKOI PREMIUM \/ SINK 5Kg<\/p>\n","protected":false},"featured_media":7638,"template":"","meta":[],"product_brand":[],"product_cat":[96,98],"product_tag":[97],"class_list":{"0":"post-7637","1":"product","2":"type-product","3":"status-publish","4":"has-post-thumbnail","6":"product_cat-futter","7":"product_cat-kashikoi-coppens","8":"product_tag-futter","9":"product_shipping_class-futter","11":"first","12":"instock","13":"taxable","14":"shipping-taxable","15":"purchasable","16":"product-type-simple"},"_links":{"self":[{"href":"https:\/\/koisiegi.com\/index.php\/wp-json\/wp\/v2\/product\/7637","targetHints":{"allow":["GET"]}}],"collection":[{"href":"https:\/\/koisiegi.com\/index.php\/wp-json\/wp\/v2\/product"}],"about":[{"href":"https:\/\/koisiegi.com\/index.php\/wp-json\/wp\/v2\/types\/product"}],"wp:featuredmedia":[{"embeddable":true,"href":"https:\/\/koisiegi.com\/index.php\/wp-json\/wp\/v2\/media\/7638"}],"wp:attachment":[{"href":"https:\/\/koisiegi.com\/index.php\/wp-json\/wp\/v2\/media?parent=7637"}],"wp:term":[{"taxonomy":"product_brand","embeddable":true,"href":"https:\/\/koisiegi.com\/index.php\/wp-json\/wp\/v2\/product_brand?post=7637"},{"taxonomy":"product_cat","embeddable":true,"href":"https:\/\/koisiegi.com\/index.php\/wp-json\/wp\/v2\/product_cat?post=7637"},{"taxonomy":"product_tag","embeddable":true,"href":"https:\/\/koisiegi.com\/index.php\/wp-json\/wp\/v2\/product_tag?post=7637"}],"curies":[{"name":"wp","href":"https:\/\/api.w.org\/{rel}","templated":true}]}}