{"id":7613,"date":"2021-07-22T14:24:48","date_gmt":"2021-07-22T12:24:48","guid":{"rendered":"https:\/\/koisiegi.com\/?post_type=product&#038;p=7613"},"modified":"2024-05-29T21:52:24","modified_gmt":"2024-05-29T19:52:24","slug":"bodenablauf-100mm-o","status":"publish","type":"product","link":"https:\/\/koisiegi.com\/index.php\/product\/bodenablauf-100mm-o\/","title":{"rendered":"Bodenablauf 100mm \u00d8"},"content":{"rendered":"<p>Bodenabl\u00e4ufe sorgen f\u00fcr die Zufuhr des Wassers zum Schwerkraftfilter.<\/p>\n<p>Produktbeschreibung:<\/p>\n<ul>\n<li>Material: Kunststoff<\/li>\n<li>Durchmesser: 100mm \u00d8<\/li>\n<\/ul>\n","protected":false},"excerpt":{"rendered":"<p>Bodenablauf 100mm \u00d8<\/p>\n","protected":false},"featured_media":7614,"template":"","meta":[],"product_brand":[],"product_cat":[62,39],"product_tag":[125],"class_list":{"0":"post-7613","1":"product","2":"type-product","3":"status-publish","4":"has-post-thumbnail","6":"product_cat-skimmer","7":"product_cat-zubehoer","8":"product_tag-bodenablauf","9":"product_shipping_class-zubehoer","11":"first","12":"instock","13":"taxable","14":"shipping-taxable","15":"purchasable","16":"product-type-simple"},"_links":{"self":[{"href":"https:\/\/koisiegi.com\/index.php\/wp-json\/wp\/v2\/product\/7613","targetHints":{"allow":["GET"]}}],"collection":[{"href":"https:\/\/koisiegi.com\/index.php\/wp-json\/wp\/v2\/product"}],"about":[{"href":"https:\/\/koisiegi.com\/index.php\/wp-json\/wp\/v2\/types\/product"}],"wp:featuredmedia":[{"embeddable":true,"href":"https:\/\/koisiegi.com\/index.php\/wp-json\/wp\/v2\/media\/7614"}],"wp:attachment":[{"href":"https:\/\/koisiegi.com\/index.php\/wp-json\/wp\/v2\/media?parent=7613"}],"wp:term":[{"taxonomy":"product_brand","embeddable":true,"href":"https:\/\/koisiegi.com\/index.php\/wp-json\/wp\/v2\/product_brand?post=7613"},{"taxonomy":"product_cat","embeddable":true,"href":"https:\/\/koisiegi.com\/index.php\/wp-json\/wp\/v2\/product_cat?post=7613"},{"taxonomy":"product_tag","embeddable":true,"href":"https:\/\/koisiegi.com\/index.php\/wp-json\/wp\/v2\/product_tag?post=7613"}],"curies":[{"name":"wp","href":"https:\/\/api.w.org\/{rel}","templated":true}]}}