{"id":7580,"date":"2021-07-22T09:49:47","date_gmt":"2021-07-22T07:49:47","guid":{"rendered":"https:\/\/koisiegi.com\/?post_type=product&amp;p=7580"},"modified":"2021-07-22T09:49:47","modified_gmt":"2021-07-22T07:49:47","slug":"superfish-alutech-uvc-t5-40-75-watt","status":"publish","type":"product","link":"https:\/\/koisiegi.com\/index.php\/product\/superfish-alutech-uvc-t5-40-75-watt\/","title":{"rendered":"Superfish ALUTECH UVC T5 40\/75 Watt Amalgam"},"content":{"rendered":"<p>Superfish ALUTECH UVC T5 40\/75 Watt<\/p>\n<p>Superfish ALU Tech UVC Aluminium UVC-Ger\u00e4t f\u00fcr gro\u00dfe Kombi-Teiche. Erh\u00e4ltlich in zwei Versionen: 40 Watt f\u00fcr Teiche bis zu 40.000 Liter und 75 Watt f\u00fcr Teiche bis zu 75.000 Liter. Kann entweder geklebt (PVC \u00f8 50\/63 mm) oder mit Schlauch (40\/32\/25 mm) angeschlossen werden. \u2022 Aluminiumgeh\u00e4use, reflektiert UV-Strahlung f\u00fcr eine bessere Leistung. \u2022 Double Head Connection, PVC 50\/63 mm und Multistep Anschluss 40\/32\/25 mm. \u2022 T5 High Output UV-Lampe f\u00fcr optimale Reinigungskraft. \u2022 Garantiert 8000 Brennstunden.<\/p>\n<p>Technische Spezifikationen<\/p>\n<ul>\n<li>SF ALU Tech UVC 40 W 40.000l 20.000 l\/h 25\/32\/40-50\/63 mm High Power T5 40 Watt Alu<\/li>\n<li>SF ALU Tech UVC 75 W 75.000l 20.000 l\/h 25\/32\/40-50\/63 mm High Power T5 75 Watt Alu<\/li>\n<\/ul>\n","protected":false},"excerpt":{"rendered":"<p>Superfish ALUTECH UVC T5 40\/75 Watt Amalgam<\/p>\n","protected":false},"featured_media":7583,"template":"","meta":[],"product_brand":[],"product_cat":[60],"product_tag":[61],"class_list":{"0":"post-7580","1":"product","2":"type-product","3":"status-publish","4":"has-post-thumbnail","6":"product_cat-uvc","7":"product_tag-uvc","8":"product_shipping_class-zubehoer","10":"first","11":"instock","12":"taxable","13":"shipping-taxable","14":"purchasable","15":"product-type-variable"},"_links":{"self":[{"href":"https:\/\/koisiegi.com\/index.php\/wp-json\/wp\/v2\/product\/7580","targetHints":{"allow":["GET"]}}],"collection":[{"href":"https:\/\/koisiegi.com\/index.php\/wp-json\/wp\/v2\/product"}],"about":[{"href":"https:\/\/koisiegi.com\/index.php\/wp-json\/wp\/v2\/types\/product"}],"wp:featuredmedia":[{"embeddable":true,"href":"https:\/\/koisiegi.com\/index.php\/wp-json\/wp\/v2\/media\/7583"}],"wp:attachment":[{"href":"https:\/\/koisiegi.com\/index.php\/wp-json\/wp\/v2\/media?parent=7580"}],"wp:term":[{"taxonomy":"product_brand","embeddable":true,"href":"https:\/\/koisiegi.com\/index.php\/wp-json\/wp\/v2\/product_brand?post=7580"},{"taxonomy":"product_cat","embeddable":true,"href":"https:\/\/koisiegi.com\/index.php\/wp-json\/wp\/v2\/product_cat?post=7580"},{"taxonomy":"product_tag","embeddable":true,"href":"https:\/\/koisiegi.com\/index.php\/wp-json\/wp\/v2\/product_tag?post=7580"}],"curies":[{"name":"wp","href":"https:\/\/api.w.org\/{rel}","templated":true}]}}