{"id":7460,"date":"2021-06-17T10:24:00","date_gmt":"2021-06-17T08:24:00","guid":{"rendered":"https:\/\/koisiegi.com\/?post_type=product&#038;p=7460"},"modified":"2024-09-16T12:58:17","modified_gmt":"2024-09-16T10:58:17","slug":"colombo-gh-test-kopie","status":"publish","type":"product","link":"https:\/\/koisiegi.com\/index.php\/product\/colombo-gh-test-kopie\/","title":{"rendered":"Colombo GH Test"},"content":{"rendered":"<p>Zur Bestimmung der Gesamth\u00e4rte<\/p>\n<ul>\n<li>Gesamth\u00e4rte\u00a0(GH) ist das Ma\u00df f\u00fcr die Gesamtmenge der im Wasser gel\u00f6sten Mineralien, haupts\u00e4chlich aus Kalzium<\/li>\n<li>wird nach H\u00e4rtegraden eingeteilt<\/li>\n<li>Optimal: 7-14 \u00b0 dH<\/li>\n<li>Bedingung f\u00fcr klares Wasser<\/li>\n<li>wird von Pflanzen und Fischen ben\u00f6tigt<\/li>\n<\/ul>\n","protected":false},"excerpt":{"rendered":"<p>Colombo GH Test<\/p>\n","protected":false},"featured_media":7461,"template":"","meta":[],"product_brand":[],"product_cat":[34,69],"product_tag":[37],"class_list":{"0":"post-7460","1":"product","2":"type-product","3":"status-publish","4":"has-post-thumbnail","6":"product_cat-gesundheit","7":"product_cat-wassertest","8":"product_tag-zubehoer","9":"product_shipping_class-zubehoer","11":"first","12":"instock","13":"taxable","14":"shipping-taxable","15":"purchasable","16":"product-type-simple"},"_links":{"self":[{"href":"https:\/\/koisiegi.com\/index.php\/wp-json\/wp\/v2\/product\/7460","targetHints":{"allow":["GET"]}}],"collection":[{"href":"https:\/\/koisiegi.com\/index.php\/wp-json\/wp\/v2\/product"}],"about":[{"href":"https:\/\/koisiegi.com\/index.php\/wp-json\/wp\/v2\/types\/product"}],"wp:featuredmedia":[{"embeddable":true,"href":"https:\/\/koisiegi.com\/index.php\/wp-json\/wp\/v2\/media\/7461"}],"wp:attachment":[{"href":"https:\/\/koisiegi.com\/index.php\/wp-json\/wp\/v2\/media?parent=7460"}],"wp:term":[{"taxonomy":"product_brand","embeddable":true,"href":"https:\/\/koisiegi.com\/index.php\/wp-json\/wp\/v2\/product_brand?post=7460"},{"taxonomy":"product_cat","embeddable":true,"href":"https:\/\/koisiegi.com\/index.php\/wp-json\/wp\/v2\/product_cat?post=7460"},{"taxonomy":"product_tag","embeddable":true,"href":"https:\/\/koisiegi.com\/index.php\/wp-json\/wp\/v2\/product_tag?post=7460"}],"curies":[{"name":"wp","href":"https:\/\/api.w.org\/{rel}","templated":true}]}}