{"id":7458,"date":"2021-06-17T10:05:24","date_gmt":"2021-06-17T08:05:24","guid":{"rendered":"https:\/\/koisiegi.com\/?post_type=product&amp;p=7458"},"modified":"2021-06-17T10:05:24","modified_gmt":"2021-06-17T08:05:24","slug":"colombo-kh-test","status":"publish","type":"product","link":"https:\/\/koisiegi.com\/index.php\/product\/colombo-kh-test\/","title":{"rendered":"Colombo KH Test"},"content":{"rendered":"<p>Zur Bestimmung der Karbonat H\u00e4rte<\/p>\n<ul>\n<li>Karbonat H\u00e4rte (KH) ist Bestandteil der Gesamth\u00e4rte und ein wichtiger Wasserwert<\/li>\n<li>ist ein Ma\u00df f\u00fcr die Gesamtmenge der gel\u00f6sten Karbonate im Teichwasser<\/li>\n<li>diese wirken als Puffer und halten den pH-Wert stabil<\/li>\n<li>der KH-Wert sollte halb so hoch sein, wie der GH-Wert<\/li>\n<li>optimal ist ein KH-Wert zwischen 5 \u00b0KH und 12 \u00b0KH<\/li>\n<\/ul>\n","protected":false},"excerpt":{"rendered":"<p>Colombo KH Test<\/p>\n","protected":false},"featured_media":7459,"template":"","meta":[],"product_brand":[],"product_cat":[34,69],"product_tag":[37],"class_list":{"0":"post-7458","1":"product","2":"type-product","3":"status-publish","4":"has-post-thumbnail","6":"product_cat-gesundheit","7":"product_cat-wassertest","8":"product_tag-zubehoer","9":"product_shipping_class-zubehoer","11":"first","12":"instock","13":"taxable","14":"shipping-taxable","15":"purchasable","16":"product-type-simple"},"_links":{"self":[{"href":"https:\/\/koisiegi.com\/index.php\/wp-json\/wp\/v2\/product\/7458","targetHints":{"allow":["GET"]}}],"collection":[{"href":"https:\/\/koisiegi.com\/index.php\/wp-json\/wp\/v2\/product"}],"about":[{"href":"https:\/\/koisiegi.com\/index.php\/wp-json\/wp\/v2\/types\/product"}],"wp:featuredmedia":[{"embeddable":true,"href":"https:\/\/koisiegi.com\/index.php\/wp-json\/wp\/v2\/media\/7459"}],"wp:attachment":[{"href":"https:\/\/koisiegi.com\/index.php\/wp-json\/wp\/v2\/media?parent=7458"}],"wp:term":[{"taxonomy":"product_brand","embeddable":true,"href":"https:\/\/koisiegi.com\/index.php\/wp-json\/wp\/v2\/product_brand?post=7458"},{"taxonomy":"product_cat","embeddable":true,"href":"https:\/\/koisiegi.com\/index.php\/wp-json\/wp\/v2\/product_cat?post=7458"},{"taxonomy":"product_tag","embeddable":true,"href":"https:\/\/koisiegi.com\/index.php\/wp-json\/wp\/v2\/product_tag?post=7458"}],"curies":[{"name":"wp","href":"https:\/\/api.w.org\/{rel}","templated":true}]}}