{"id":7129,"date":"2021-04-24T11:50:35","date_gmt":"2021-04-24T09:50:35","guid":{"rendered":"https:\/\/koisiegi.com\/?post_type=product&#038;p=7129"},"modified":"2024-09-16T16:25:15","modified_gmt":"2024-09-16T14:25:15","slug":"cyprinocur-antisept-100ml","status":"publish","type":"product","link":"https:\/\/koisiegi.com\/index.php\/product\/cyprinocur-antisept-100ml\/","title":{"rendered":"Cyprinocur Antisept 100ml"},"content":{"rendered":"<p><span style=\"font-size: x-large\"><span class=\"h1\">Cyprinocur <\/span><\/span><span style=\"font-size: x-large\"><span class=\"h1\">Antisept 100ml<\/span><\/span><\/p>\n<p class=\"product-name\"><span style=\"font-size: medium\">Cyprinocur Antisept ist ein schmerzloses Wundspray zur schonenden Schleimhautdesinfektion f\u00fcr Koi und Zierfische.<\/span><br \/>\n<span style=\"font-size: medium\">Cyprinocur Antisept wurde entwickelt, um dem Koi Halter die M\u00f6glichkeit zu geben, Wunden schnell und schonend zu desinfizieren. Es enth\u00e4lt weder Jod noch Schwermetalle, der Alkoholgehalt konnte durch die Kombination verschiedener Wirkstoffe auf 10% gesenkt werden. Cyprinocur Antisept ist gegen ein breites Spektrum von Bakterien, Viren und Pilzen wirksam.<\/span><\/p>\n<div>\n<p><span style=\"font-size: medium\">Inhaltsstoffe :<\/span><\/p>\n<p><span style=\"font-size: medium\">1,5g Wasserstoffperoxyd 30%, 1,55g Chlorhexidindigluconat 20%,11g 2-Propanol, 100g Aqua purificata ad<\/span><\/p>\n<p>Bitte die Packungs- und Warnhinweise auf der Originalflasche beachten.<br \/>\n<span style=\"font-size: medium\"><span style=\"font-family: Trebuchet MS\">Die Wunde vorsichtig reinigen, anschlie\u00dfend die erforderliche Menge auf die Wunde spr\u00fchen. Sollte danach noch kein Heilungserfolg einsetzen sollten Sie umgehend einen Fachtierarzt f\u00fcr Fische konsultieren<\/span><\/span><b><span style=\"font-size: medium\"><span style=\"font-family: Trebuchet MS\">.<br \/>\n<\/span><\/span><\/b><\/p>\n<div class=\"product-name\"><span style=\"color: #ff0010;font-size: medium\"><strong><img loading=\"lazy\" decoding=\"async\" class=\"alignnone size-full wp-image-5258\" src=\"https:\/\/victorh10.apconsult.at\/~user547\/wp-content\/uploads\/2020\/05\/achtung.png\" alt=\"\" width=\"51\" height=\"51\" \/>Achtung: Fragen Sie bei Fischkrankheiten grunds\u00e4tzlich erst Ihren Fischspezialisten. Eine genaue Diagnose ist wichtig f\u00fcr die Wahl der richtigen Behandlung! Seien Sie vorsichtig beim Einsatz von\u00a0<\/strong><\/span><span style=\"color: #ff0010;font-size: medium\"><span style=\"color: #ff0010;font-size: medium\"><b>Medikamenten. Darf nicht bei Tieren angewendet werden die zur Gewinnung von Lebensmitteln dienen.<\/b><\/span><\/span><\/div>\n<\/div>\n","protected":false},"excerpt":{"rendered":"<p>Cyprinocur Antisept 100ml<\/p>\n","protected":false},"featured_media":7130,"template":"","meta":[],"product_brand":[],"product_cat":[34,66],"product_tag":[],"class_list":{"0":"post-7129","1":"product","2":"type-product","3":"status-publish","4":"has-post-thumbnail","6":"product_cat-gesundheit","7":"product_cat-wundbehandlung","8":"product_shipping_class-zubehoer","10":"first","11":"onbackorder","12":"taxable","13":"shipping-taxable","14":"purchasable","15":"product-type-simple"},"_links":{"self":[{"href":"https:\/\/koisiegi.com\/index.php\/wp-json\/wp\/v2\/product\/7129","targetHints":{"allow":["GET"]}}],"collection":[{"href":"https:\/\/koisiegi.com\/index.php\/wp-json\/wp\/v2\/product"}],"about":[{"href":"https:\/\/koisiegi.com\/index.php\/wp-json\/wp\/v2\/types\/product"}],"wp:featuredmedia":[{"embeddable":true,"href":"https:\/\/koisiegi.com\/index.php\/wp-json\/wp\/v2\/media\/7130"}],"wp:attachment":[{"href":"https:\/\/koisiegi.com\/index.php\/wp-json\/wp\/v2\/media?parent=7129"}],"wp:term":[{"taxonomy":"product_brand","embeddable":true,"href":"https:\/\/koisiegi.com\/index.php\/wp-json\/wp\/v2\/product_brand?post=7129"},{"taxonomy":"product_cat","embeddable":true,"href":"https:\/\/koisiegi.com\/index.php\/wp-json\/wp\/v2\/product_cat?post=7129"},{"taxonomy":"product_tag","embeddable":true,"href":"https:\/\/koisiegi.com\/index.php\/wp-json\/wp\/v2\/product_tag?post=7129"}],"curies":[{"name":"wp","href":"https:\/\/api.w.org\/{rel}","templated":true}]}}