{"id":6782,"date":"2021-03-11T13:54:44","date_gmt":"2021-03-11T12:54:44","guid":{"rendered":"https:\/\/koisiegi.com\/?post_type=product&#038;p=6782"},"modified":"2026-03-22T18:41:58","modified_gmt":"2026-03-22T17:41:58","slug":"teichpumpe-aquaforte-dm-vario-s","status":"publish","type":"product","link":"https:\/\/koisiegi.com\/index.php\/product\/teichpumpe-aquaforte-dm-vario-s\/","title":{"rendered":"Teichpumpe Aqua Forte DM Vario 10S\/22S\/32S"},"content":{"rendered":"<p>Die Aqua Forte DM Vario S Teichpumpe kann sowohl im Innenbereich sowohl auch im feuchten Au\u00dfenbereich installiert werden.<br \/>\nDie Pumpe ist \u00fcber die externe Steuerung in 22 Stufen zu regeln und kann \u00fcber die Start &#8211; Stop Taste ein- oder ausgeschaltet werden.<br \/>\nMit dem externen Kontroller k\u00f6nnen Sie den Durchfluss (und damit auch den Stromverbrauch) von 30 % bis 100 % Leistung einstellen.<br \/>\nBei der Aqua Forte DM Vario Teichpumpe handelt es sich um eine sehr Energieeffiziente Pumpe mit innovativer Elektronik!<\/p>\n<p>Die DM Vario Teichpumpe ist sehr leise, sie ist ausgestattet mit einem Synchronmotor in dem keine Kupferteile verbaut sind.<br \/>\nDurch die verschlei\u00dffeste Keramik Welle ist die Aqua Forte DM Vario Teichpumpe sehr langlebig. Die Pumpe hat einen automatischen Trockenlaufschutz. Sollte das Laufrad der Pumpe blockieren geht die Pumpe in Ruhestellung, sie verbraucht keine Energie mehr bis die Blockade aufgehoben ist, somit wird das Durchbrennen der Pumpe verhindert.<\/p>\n<p>Die Aqua Forte DM Vario Teichpumpe ist durch das perfekte Preis-Leistungsverh\u00e4ltnis ideal um Bachl\u00e4ufe, Wasserf\u00e4lle, Font\u00e4nen, Filter usw. zu betreiben. Die Teichpumpe ist auch geeignet f\u00fcr die trockene Aufstellung. Die Pumpe ist nicht selbst ansaugend und Muss unbedingt unter dem Wasserniveau installiert werden.<br \/>\nEs K\u00f6nnen Schmutzteile bis zu einem Durchmesser von 6 mm transportiert werden.<\/p>\n<p><strong>Die Vorteile der Aqua Forte DM Vario S Teichpumpe<br \/>\n<\/strong><\/p>\n<ul>\n<li>Die Aqua Forte Vario Teichpumpen sind sehr ger\u00e4uscharm.<\/li>\n<li>Die Aqua Forte Vario Pumpe eignen sich hervorragend f\u00fcr S\u00fc\u00df- und Salzwasser.<\/li>\n<li>Bei der Aqua Forte DM Serie sind keine Teile aus Kupfer verbaut.<\/li>\n<li>Alle Pumpen sind mit einer verschlei\u00dfarmen, keramischen Achse versehen.<\/li>\n<li>Die Aqua Forte DM schaltet automatisch aus wenn sich kein Wasser im Rotor befindet (Trockenlaufschutz).<\/li>\n<li>Bei einer Blockade des Laufrades wird die Pumpe gesperrt, wodurch kein weiterer Strom verbraucht wird bis die Blockierung wieder aufgehoben wurde.<\/li>\n<li>Interessantes Preis\/Leistungsverh\u00e4ltnis der Aqua Forte DM Schmutzwasserpumpe.<\/li>\n<li>Geeignet f\u00fcr Bachl\u00e4ufe, Wasserf\u00e4lle, Springbrunnen, Filter, etc.<\/li>\n<li>Auch zur trockenen Aufstellung geeignet (Einlauf Muss unter dem Wasserspiegel sein, da nicht selbst ansaugend!).<\/li>\n<li>Kann Schmutzpartikel bis zu 6 mm f\u00f6rdern.<\/li>\n<\/ul>\n<p>Kabell\u00e4nge von der Pumpe zum Controller ca. 9 m (kann am Controller ausgesteckt werden)<br \/>\nKabell\u00e4nge vom Controller zur Steckdose ca. 1,5 m<br \/>\nBei der DM Vario S handelt es sich um eine 220 Volt Pumpe<br \/>\nDie Stufenschlaucht\u00fcllen und der Ansaugkorb ist bei jeder Pumpe im Lieferumfang enthalten.<\/p>\n<p>&nbsp;<\/p>\n<h2><strong>Technische Daten\u00a0&#8211; DM-Vario &#8222;S&#8220;\u00a0regelbare Teichpumpen im Vergleich:<\/strong><\/h2>\n<p>&nbsp;<\/p>\n<div class=\"table-responsive\">\n<p><img loading=\"lazy\" decoding=\"async\" class=\"alignnone wp-image-9301 size-full\" src=\"https:\/\/victorh10.apconsult.at\/~user547\/wp-content\/uploads\/2021\/03\/FireShot-Capture-031-AquaForte-DM-Vario-S-Serie-elektronisch-regelbare-Teichpumpe-Filter_-teichbedarf-discount.de_.jpg\" alt=\"\" width=\"721\" height=\"210\" srcset=\"https:\/\/koisiegi.com\/wp-content\/uploads\/2021\/03\/FireShot-Capture-031-AquaForte-DM-Vario-S-Serie-elektronisch-regelbare-Teichpumpe-Filter_-teichbedarf-discount.de_.jpg 721w, https:\/\/koisiegi.com\/wp-content\/uploads\/2021\/03\/FireShot-Capture-031-AquaForte-DM-Vario-S-Serie-elektronisch-regelbare-Teichpumpe-Filter_-teichbedarf-discount.de_-300x87.jpg 300w, https:\/\/koisiegi.com\/wp-content\/uploads\/2021\/03\/FireShot-Capture-031-AquaForte-DM-Vario-S-Serie-elektronisch-regelbare-Teichpumpe-Filter_-teichbedarf-discount.de_-416x121.jpg 416w\" sizes=\"auto, (max-width: 721px) 100vw, 721px\" \/><\/p>\n<\/div>\n","protected":false},"excerpt":{"rendered":"<p>Die Aqua Forte DM Vario S Teichpumpe kann sowohl im Innenbereich sowohl auch im feuchten Au\u00dfenbereich installiert werden. Die Pumpe ist \u00fcber die externe Steuerung in 22 Stufen zu regeln und kann \u00fcber die Start &#8211; Stop Taste ein- oder ausgeschaltet werden. Mit dem externen Kontroller k\u00f6nnen Sie den Durchfluss (und damit auch den Stromverbrauch) [&hellip;]<\/p>\n","protected":false},"featured_media":5132,"template":"","meta":[],"product_brand":[],"product_cat":[142,24],"product_tag":[23],"class_list":{"0":"post-6782","1":"product","2":"type-product","3":"status-publish","4":"has-post-thumbnail","6":"product_cat-filtertechnik-zubehoer","7":"product_cat-pumpen","8":"product_tag-pumpe","9":"product_shipping_class-zubehoer","11":"first","12":"instock","13":"taxable","14":"shipping-taxable","15":"purchasable","16":"product-type-variable","17":"has-default-attributes"},"_links":{"self":[{"href":"https:\/\/koisiegi.com\/index.php\/wp-json\/wp\/v2\/product\/6782","targetHints":{"allow":["GET"]}}],"collection":[{"href":"https:\/\/koisiegi.com\/index.php\/wp-json\/wp\/v2\/product"}],"about":[{"href":"https:\/\/koisiegi.com\/index.php\/wp-json\/wp\/v2\/types\/product"}],"wp:featuredmedia":[{"embeddable":true,"href":"https:\/\/koisiegi.com\/index.php\/wp-json\/wp\/v2\/media\/5132"}],"wp:attachment":[{"href":"https:\/\/koisiegi.com\/index.php\/wp-json\/wp\/v2\/media?parent=6782"}],"wp:term":[{"taxonomy":"product_brand","embeddable":true,"href":"https:\/\/koisiegi.com\/index.php\/wp-json\/wp\/v2\/product_brand?post=6782"},{"taxonomy":"product_cat","embeddable":true,"href":"https:\/\/koisiegi.com\/index.php\/wp-json\/wp\/v2\/product_cat?post=6782"},{"taxonomy":"product_tag","embeddable":true,"href":"https:\/\/koisiegi.com\/index.php\/wp-json\/wp\/v2\/product_tag?post=6782"}],"curies":[{"name":"wp","href":"https:\/\/api.w.org\/{rel}","templated":true}]}}