{"id":6205,"date":"2020-11-16T15:33:56","date_gmt":"2020-11-16T14:33:56","guid":{"rendered":"https:\/\/koisiegi.com\/?post_type=product&#038;p=6205"},"modified":"2026-03-17T17:21:42","modified_gmt":"2026-03-17T16:21:42","slug":"kashikoi-high-growth-gold","status":"publish","type":"product","link":"https:\/\/koisiegi.com\/index.php\/product\/kashikoi-high-growth-gold\/","title":{"rendered":"Coppens Swim 15kg \/ 4,5mm Ganzjahresfutter"},"content":{"rendered":"<p>&nbsp;<\/p>\n<p>&nbsp;<\/p>\n<p>Coppens Swim 15kg \/ 4,5mm Ganzjahresfutter &gt;12\u00b0<\/p>\n<p>&nbsp;<\/p>\n<p>Coppens Swim 15kg \/ 4,5mm Ganzjahresfutter, ist ein Wachstumsfutter mit einem optimalen Protein- und Fettverh\u00e4ltnis und mit einer bewusst gew\u00e4hlten K\u00f6rnung von 4,5mm. Das Coppens Swim 15kg \/ 4,5mm Ganzjahresfutter ist auf die Bed\u00fcrfnisse unserer Koi optimiert und mit allen notwendigen Bausteinen in der richtigen Menge versehen (Proteine, Fette, Kohlenhydrate, Mineralien, Vitamine, Spurenelemente), um die Gesundheit lebenslang zu erhalten. Daher ist KASHIKOI HIGH GROWTH GOLD ein Futter f\u00fcr ein gesundes Wachstum und eine sehr gute Wahl f\u00fcr jeden anspruchsvollen Koihalter. Die ausgewogenen Bestandteile und die enthaltenen probiotischen Bakterienkulturen wirken sich positiv auf die Darmflora eines jeden Koi aus und sorgen daf\u00fcr, dass die N\u00e4hrstoffe zeitnah dort ankommen wo sie gebraucht werden. Des Weiteren wird das Coppens Swim 15kg \/ 4,5mm Ganzjahresfutter immer weiterentwickelt und entspricht dem weltweit neuesten Stand der Koi-Ern\u00e4hrung.<\/p>\n<h5><strong>Inhaltstoffe:<\/strong><\/h5>\n<h5><strong>Analyse \/ Analytic:<\/strong><br \/>\n<strong>Rohproteine \/ Crude Protein:\u00a0 \u00a0 \u00a0 \u00a0 42%<\/strong><br \/>\n<strong>Rohfett \/ Crude Fat:\u00a0 \u00a0 \u00a0 \u00a0 \u00a0 \u00a0 \u00a0 \u00a0 \u00a0 \u00a0 \u00a013 %<\/strong><br \/>\n<strong>Rohfaser \/ Crude Fibre:\u00a0 \u00a0 \u00a0 \u00a0 \u00a0 \u00a0 \u00a0 1,5 %<\/strong><br \/>\n<strong>Rohasche \/ Crude Ash:\u00a0 \u00a0 \u00a0 \u00a0 \u00a0 \u00a0 \u00a0 \u00a0 7,9%<\/strong><br \/>\n<strong>Phospor \/ Phosphorus:\u00a0 \u00a0 \u00a0 \u00a0 \u00a0 \u00a0 \u00a0 1,14%<\/strong><br \/>\n<strong>Calcium \/ Calcium:\u00a0 \u00a0 \u00a0 \u00a0 \u00a0 \u00a0 \u00a0 \u00a0 \u00a0 \u00a0 \u00a0 \u00a01,9%<\/strong><br \/>\n<strong>Natrium \/ Sodium:\u00a0 \u00a0 \u00a0 \u00a0 \u00a0 \u00a0 \u00a0 \u00a0 \u00a0 \u00a0 \u00a0 \u00a0 0,3%<\/strong><br \/>\n<strong>\u00a0<\/strong><br \/>\n<strong>Spurenelemente \/ Trace elements:<\/strong><br \/>\n<strong>E1 Eisen\u00a0 \u00a0 \u00a0 \u00a0 \u00a0 \u00a0 \u00a0 \u00a0 \u00a0 \u00a0 \u00a0 \u00a0 \u00a0 \u00a0 \u00a0 \u00a0 60 mg\/kg<\/strong><br \/>\n<strong>Iodine\u00a0 \u00a0 \u00a0 \u00a0 \u00a0 \u00a0 \u00a0 \u00a0 \u00a0 \u00a0 \u00a0 \u00a0 \u00a0 \u00a0 \u00a0 \u00a0 \u00a0 \u00a0 \u00a0 5 mg\/kg<\/strong><br \/>\n<strong>Copper\u00a0 \u00a0 \u00a0 \u00a0 \u00a0 \u00a0 \u00a0 \u00a0 \u00a0 \u00a0 \u00a0 \u00a0 \u00a0 \u00a0 \u00a0 \u00a0 \u00a0 \u00a0 \u00a05mg\/kg<\/strong><br \/>\n<strong>Manganese\u00a0 \u00a0 \u00a0 \u00a0 \u00a0 \u00a0 \u00a0 \u00a0 \u00a0 \u00a0 \u00a0 \u00a0 \u00a0 \u00a0 20mg\/kg<\/strong><br \/>\n<strong>Zinc\u00a0 \u00a0 \u00a0 \u00a0 \u00a0 \u00a0 \u00a0 \u00a0 \u00a0 \u00a0 \u00a0 \u00a0 \u00a0 \u00a0 \u00a0 \u00a0 \u00a0 \u00a0 \u00a0 \u00a060 mg\/kg<\/strong><br \/>\n<strong>\u00a0<\/strong><br \/>\n<strong>\u00a0Vitamine \/ Vitamins:<\/strong><br \/>\n<strong>Vitamin A:\u00a0 \u00a0 \u00a0 \u00a0 \u00a0 \u00a0 \u00a0 \u00a0 \u00a0 \u00a0 \u00a0 \u00a0 10001IU\/kg<\/strong><br \/>\n<strong>Vitamin C (stabil):\u00a0 \u00a0 \u00a0 \u00a0 \u00a0 \u00a0 \u00a0 \u00a0250 mg\/kg<\/strong><br \/>\n<strong>Vitamin E:\u00a0 \u00a0 \u00a0 \u00a0 \u00a0 \u00a0 \u00a0 \u00a0 \u00a0 \u00a0 \u00a0 \u00a0 \u00a0 \u00a0200 mg\/kg<\/strong><br \/>\n<strong>Vitamin D3:\u00a0 \u00a0 \u00a0 \u00a0 \u00a0 \u00a0 \u00a0 \u00a0 \u00a0 \u00a0 \u00a0 2324 IU\/kg<\/strong><br \/>\n<strong>\u00a0<\/strong><br \/>\n<strong>Antioxidantien \/ Antioxidants<\/strong><br \/>\n<strong>Propyl gallate\u00a0 \u00a0 \u00a0 \u00a0 \u00a0 \u00a0 \u00a0 \u00a0 \u00a0 \u00a0 \u00a049 mg\/kg<\/strong><br \/>\n<strong>Butylated hydroxyanisole\u00a0 \u00a049 mg\/kg<\/strong><br \/>\n<strong>\u00a0<\/strong><br \/>\n<strong>Zusammensetzung \/ Composition:<\/strong><br \/>\n<strong>Weizen, Gefl\u00fcgelmehl, Fischmehl,<\/strong><br \/>\n<strong>Raps\u00f6l, Sojaprotein, Weizenkleber,<\/strong><br \/>\n<strong>Algen, Hefe Derivat.<\/strong><\/h5>\n<p>&nbsp;<\/p>\n<p>&nbsp;<\/p>\n<p>Wir empfehlen Ihnen die Futtermenge der Wassertemperatur und den Bed\u00fcrfnissen der Koi anzupassen. Bis 12 Grad Celsius WT empfehlen wir, angepasst an die Jahreszeiten, 1 \u2013 2,5 Prozent des K\u00f6rpergewichtes zu f\u00fcttern. Es empfiehlt es sich, die Futtermenge auf 4-8F\u00fctterungen pro Tag zu verteilen, je \u00f6fter desto besser f\u00fcr den Darm der Fische.<\/p>\n<p>&nbsp;<\/p>\n","protected":false},"excerpt":{"rendered":"<p>Coppens Swim 15kg \/ 4,5mm Ganzjahresfutter<\/p>\n","protected":false},"featured_media":36888,"template":"","meta":[],"product_brand":[],"product_cat":[96,98],"product_tag":[97,99],"class_list":{"0":"post-6205","1":"product","2":"type-product","3":"status-publish","4":"has-post-thumbnail","6":"product_cat-futter","7":"product_cat-kashikoi-coppens","8":"product_tag-futter","9":"product_tag-kashikoi-high-growth-gold","10":"product_shipping_class-futter","12":"first","13":"instock","14":"taxable","15":"shipping-taxable","16":"purchasable","17":"product-type-simple"},"_links":{"self":[{"href":"https:\/\/koisiegi.com\/index.php\/wp-json\/wp\/v2\/product\/6205","targetHints":{"allow":["GET"]}}],"collection":[{"href":"https:\/\/koisiegi.com\/index.php\/wp-json\/wp\/v2\/product"}],"about":[{"href":"https:\/\/koisiegi.com\/index.php\/wp-json\/wp\/v2\/types\/product"}],"wp:featuredmedia":[{"embeddable":true,"href":"https:\/\/koisiegi.com\/index.php\/wp-json\/wp\/v2\/media\/36888"}],"wp:attachment":[{"href":"https:\/\/koisiegi.com\/index.php\/wp-json\/wp\/v2\/media?parent=6205"}],"wp:term":[{"taxonomy":"product_brand","embeddable":true,"href":"https:\/\/koisiegi.com\/index.php\/wp-json\/wp\/v2\/product_brand?post=6205"},{"taxonomy":"product_cat","embeddable":true,"href":"https:\/\/koisiegi.com\/index.php\/wp-json\/wp\/v2\/product_cat?post=6205"},{"taxonomy":"product_tag","embeddable":true,"href":"https:\/\/koisiegi.com\/index.php\/wp-json\/wp\/v2\/product_tag?post=6205"}],"curies":[{"name":"wp","href":"https:\/\/api.w.org\/{rel}","templated":true}]}}