{"id":6072,"date":"2020-10-03T17:12:11","date_gmt":"2020-10-03T15:12:11","guid":{"rendered":"https:\/\/koisiegi.com\/?post_type=product&#038;p=6072"},"modified":"2025-07-20T16:37:14","modified_gmt":"2025-07-20T14:37:14","slug":"faltbecken-100cm-hoehe","status":"publish","type":"product","link":"https:\/\/koisiegi.com\/index.php\/product\/faltbecken-100cm-hoehe\/","title":{"rendered":"Faltbecken 100cm H\u00f6he"},"content":{"rendered":"<p>\u00dcberwinterung Ihrer Koi<br \/>\nQuarant\u00e4ne neu erworbener Koi und anderer Teichfische<br \/>\nBehandlung von erkrankten Fischen<br \/>\nWasservorbereitung f\u00fcr einen schonenden Wasserwechsel<br \/>\nAusstellung und Pr\u00e4sentation von Koi<br \/>\nUnsere Faltbecken werden aus stabiler, extrem rei\u00dffester, gewebeverst\u00e4rkter PVC-Folie geschwei\u00dft<br \/>\nWir verwenden nur starke Qualit\u00e4ts-Folien 1. Wahl<br \/>\nUV-best\u00e4ndig<br \/>\nStabile St\u00fctzbeine aus Kunststoff rundum<br \/>\nEin Kunststoffring am Rand h\u00e4lt die Folie auch ohne Wasser in Form<br \/>\nDie Standard-Farbe ist ein nicht zu dunkles Blau, worin die Farben Ihrer Koi besonderes gut zur Geltung kommt. (Andere Farben auf Anfrage)<br \/>\nF\u00fcr Innen und Au\u00dfen<br \/>\nSchneller Auf- und Abbau<br \/>\nPlatzsparend zusammenlegbar<br \/>\nAndere Gr\u00f6\u00dfen, H\u00f6hen, Farben und Farbkombinationen sind auf Anfrage m\u00f6glich.<\/p>\n<p>Ma\u00dfe<\/p>\n<p>175cm\u00d8 x 100cm H\u00f6he 2.350 Liter<\/p>\n<p>200cm\u00d8x 100cm H\u00f6he 3.100 Liter<\/p>\n<p>225cm \u00d8 x 100cm H\u00f6he 3.900 Liter<\/p>\n<p>250cm \u00d8 x 100cm H\u00f6he 4.900 Liter<\/p>\n<p>Inklusive Hacken !<\/p>\n<p><span style=\"color: #ff0000\">Lieferzeit 2 Wochen<\/span><\/p>\n<p>\u00dcberwinterung Ihrer Koi<br \/>\nQuarant\u00e4ne neu erworbener Koi und anderer Teichfische<\/p>\n","protected":false},"excerpt":{"rendered":"<p>Faltbecken 100cm H\u00f6he<\/p>\n","protected":false},"featured_media":6050,"template":"","meta":[],"product_brand":[],"product_cat":[87,39],"product_tag":[86],"class_list":{"0":"post-6072","1":"product","2":"type-product","3":"status-publish","4":"has-post-thumbnail","6":"product_cat-faltbecken","7":"product_cat-zubehoer","8":"product_tag-faltbecken","9":"product_shipping_class-zubehoer","11":"first","12":"onbackorder","13":"taxable","14":"shipping-taxable","15":"purchasable","16":"product-type-variable"},"_links":{"self":[{"href":"https:\/\/koisiegi.com\/index.php\/wp-json\/wp\/v2\/product\/6072","targetHints":{"allow":["GET"]}}],"collection":[{"href":"https:\/\/koisiegi.com\/index.php\/wp-json\/wp\/v2\/product"}],"about":[{"href":"https:\/\/koisiegi.com\/index.php\/wp-json\/wp\/v2\/types\/product"}],"wp:featuredmedia":[{"embeddable":true,"href":"https:\/\/koisiegi.com\/index.php\/wp-json\/wp\/v2\/media\/6050"}],"wp:attachment":[{"href":"https:\/\/koisiegi.com\/index.php\/wp-json\/wp\/v2\/media?parent=6072"}],"wp:term":[{"taxonomy":"product_brand","embeddable":true,"href":"https:\/\/koisiegi.com\/index.php\/wp-json\/wp\/v2\/product_brand?post=6072"},{"taxonomy":"product_cat","embeddable":true,"href":"https:\/\/koisiegi.com\/index.php\/wp-json\/wp\/v2\/product_cat?post=6072"},{"taxonomy":"product_tag","embeddable":true,"href":"https:\/\/koisiegi.com\/index.php\/wp-json\/wp\/v2\/product_tag?post=6072"}],"curies":[{"name":"wp","href":"https:\/\/api.w.org\/{rel}","templated":true}]}}