{"id":6063,"date":"2020-10-03T12:30:16","date_gmt":"2020-10-03T10:30:16","guid":{"rendered":"https:\/\/koisiegi.com\/?post_type=product&#038;p=6063"},"modified":"2024-09-16T11:34:13","modified_gmt":"2024-09-16T09:34:13","slug":"alfagrog-e25-27-5-liter","status":"publish","type":"product","link":"https:\/\/koisiegi.com\/index.php\/product\/alfagrog-e25-27-5-liter\/","title":{"rendered":"Alfa Grog E25 27.5 Liter"},"content":{"rendered":"<div id=\"tab-description\" class=\"tab-pane tab-content active\">\n<div id=\"tab-description\" class=\"tab-pane tab-content active\">\n<p>AlfaGrog E25 27.5 Liter<\/p>\n<p>AlfaGrog ist ein por\u00f6ses Keramikmaterial: stark, verschlei\u00dffest und relativ leicht. AlfaGrog ist pH-neutral und reagiert nicht mit anderen Stoffen. Das Material bietet im Vergleich zu anderen Materialien eine enorm gro\u00dfe Oberfl\u00e4che f\u00fcr die Anhaftung von Mikroorganismen.<\/p>\n<p>Ausf\u00fchrung :<\/p>\n<p>AlfaGrog E25:\u00a0\u00a0 90.000 m\u00b2\/1 m\u00b3 Besiedelungsfl\u00e4che<\/p>\n<p>&nbsp;<\/p>\n<p>Zum Vergleich:&#8230;dagegen hat Helix 13 KLL nur per 955m\u00b2\/ 1m\u00b3 und Filterschaum hat die Oberfl\u00e4che von ca. 3.000 bis 6.000 m\u00b2\/m\u00b3.<\/p>\n<p>Dadurch ist der Preis von AlfaGrog je Quadratmeter verf\u00fcgbarer Oberfl\u00e4che ausgesprochen niedrig, da f\u00fcr dieselbe biologische Wirkung nur wenig Material ben\u00f6tigt wird. So steht bei weniger Raum f\u00fcr den biologischen Teil zus\u00e4tzliche Biofilterkapazit\u00e4t zur Verf\u00fcgung.<br \/>\nAlfaGrog eignet sich ausgezeichnet f\u00fcr Trommel- und Mehrkammerfilter.<\/p>\n<\/div>\n<p>&nbsp;<\/p>\n<\/div>\n","protected":false},"excerpt":{"rendered":"<p>AlfaGrog E25 27.5 Liter<\/p>\n","protected":false},"featured_media":6064,"template":"","meta":[],"product_brand":[],"product_cat":[77,142],"product_tag":[94],"class_list":{"0":"post-6063","1":"product","2":"type-product","3":"status-publish","4":"has-post-thumbnail","6":"product_cat-filtermedien","7":"product_cat-filtertechnik-zubehoer","8":"product_tag-filtermedien","9":"product_shipping_class-zubehoer","11":"first","12":"instock","13":"taxable","14":"shipping-taxable","15":"purchasable","16":"product-type-simple"},"_links":{"self":[{"href":"https:\/\/koisiegi.com\/index.php\/wp-json\/wp\/v2\/product\/6063","targetHints":{"allow":["GET"]}}],"collection":[{"href":"https:\/\/koisiegi.com\/index.php\/wp-json\/wp\/v2\/product"}],"about":[{"href":"https:\/\/koisiegi.com\/index.php\/wp-json\/wp\/v2\/types\/product"}],"wp:featuredmedia":[{"embeddable":true,"href":"https:\/\/koisiegi.com\/index.php\/wp-json\/wp\/v2\/media\/6064"}],"wp:attachment":[{"href":"https:\/\/koisiegi.com\/index.php\/wp-json\/wp\/v2\/media?parent=6063"}],"wp:term":[{"taxonomy":"product_brand","embeddable":true,"href":"https:\/\/koisiegi.com\/index.php\/wp-json\/wp\/v2\/product_brand?post=6063"},{"taxonomy":"product_cat","embeddable":true,"href":"https:\/\/koisiegi.com\/index.php\/wp-json\/wp\/v2\/product_cat?post=6063"},{"taxonomy":"product_tag","embeddable":true,"href":"https:\/\/koisiegi.com\/index.php\/wp-json\/wp\/v2\/product_tag?post=6063"}],"curies":[{"name":"wp","href":"https:\/\/api.w.org\/{rel}","templated":true}]}}