{"id":6046,"date":"2020-10-03T11:39:45","date_gmt":"2020-10-03T09:39:45","guid":{"rendered":"https:\/\/koisiegi.com\/?post_type=product&#038;p=6046"},"modified":"2025-08-20T17:06:50","modified_gmt":"2025-08-20T15:06:50","slug":"faltbecken-vielseitig-verwendbar","status":"publish","type":"product","link":"https:\/\/koisiegi.com\/index.php\/product\/faltbecken-vielseitig-verwendbar\/","title":{"rendered":"Faltbecken 120cm H\u00f6he"},"content":{"rendered":"<ul>\n<li>\u00dcberwinterung Ihrer Koi<\/li>\n<li>Quarant\u00e4ne neu erworbener Koi und anderer Teichfische<\/li>\n<li>Behandlung von erkrankten Fischen<\/li>\n<li>Wasservorbereitung f\u00fcr einen schonenden Wasserwechsel<\/li>\n<li>Ausstellung und Pr\u00e4sentation von Koi<\/li>\n<li>Unsere Faltbecken werden aus stabiler, extrem rei\u00dffester, gewebeverst\u00e4rkter PVC-Folie geschwei\u00dft<\/li>\n<li>Wir verwenden nur starke Qualit\u00e4ts-Folien 1. Wahl<\/li>\n<li>UV-best\u00e4ndig<\/li>\n<li>Stabile St\u00fctzbeine aus Kunststoff rundum<\/li>\n<li>Ein Kunststoffring am Rand h\u00e4lt die Folie auch ohne Wasser in Form<\/li>\n<li>Die Standard-Farbe ist ein nicht zu dunkles Blau, worin die Farben Ihrer Koi besonderes gut zur Geltung kommt. (Andere Farben auf Anfrage)<\/li>\n<li>F\u00fcr Innen und Au\u00dfen<\/li>\n<li>Schneller Auf- und Abbau<\/li>\n<li>Platzsparend zusammenlegbar<\/li>\n<li>Andere Gr\u00f6\u00dfen, H\u00f6hen, Farben und Farbkombinationen sind auf Anfrage m\u00f6glich.<\/li>\n<\/ul>\n<p>Ma\u00dfe<\/p>\n<p>150cm <span class=\"aCOpRe\">\u00d8 <\/span>x 120cm H\u00f6he 2100 Liter<\/p>\n<p>175cm<span class=\"aCOpRe\">\u00d8 <\/span>x 120cm H\u00f6he <span class=\"breadcrumbEntry\"> 2.800 Liter<\/span><\/p>\n<p>200cm<span class=\"aCOpRe\">\u00d8x <\/span>120cm H\u00f6he 3.700 Liter<\/p>\n<p>225cm <span class=\"aCOpRe\">\u00d8 <\/span>x 120cm H\u00f6he 4700 Liter<\/p>\n<p>250cm <span class=\"aCOpRe\">\u00d8 <\/span>x 120cm H\u00f6he 5900 Liter<\/p>\n<h4><span style=\"color: #ff0000\">Lieferzeit 2 Wochen, Ausgenommen Lagerware in 120cm H\u00f6he<\/span><\/h4>\n<p>\u00dcberwinterung Ihrer Koi<br \/>\nQuarant\u00e4ne neu erworbener Koi und anderer Teichfische<\/p>\n<p>&nbsp;<\/p>\n","protected":false},"excerpt":{"rendered":"<p>Faltbecken 120cm H\u00f6he<\/p>\n","protected":false},"featured_media":6050,"template":"","meta":[],"product_brand":[],"product_cat":[87,39],"product_tag":[86],"class_list":{"0":"post-6046","1":"product","2":"type-product","3":"status-publish","4":"has-post-thumbnail","6":"product_cat-faltbecken","7":"product_cat-zubehoer","8":"product_tag-faltbecken","9":"product_shipping_class-zubehoer","11":"first","12":"instock","13":"taxable","14":"shipping-taxable","15":"purchasable","16":"product-type-variable"},"_links":{"self":[{"href":"https:\/\/koisiegi.com\/index.php\/wp-json\/wp\/v2\/product\/6046","targetHints":{"allow":["GET"]}}],"collection":[{"href":"https:\/\/koisiegi.com\/index.php\/wp-json\/wp\/v2\/product"}],"about":[{"href":"https:\/\/koisiegi.com\/index.php\/wp-json\/wp\/v2\/types\/product"}],"wp:featuredmedia":[{"embeddable":true,"href":"https:\/\/koisiegi.com\/index.php\/wp-json\/wp\/v2\/media\/6050"}],"wp:attachment":[{"href":"https:\/\/koisiegi.com\/index.php\/wp-json\/wp\/v2\/media?parent=6046"}],"wp:term":[{"taxonomy":"product_brand","embeddable":true,"href":"https:\/\/koisiegi.com\/index.php\/wp-json\/wp\/v2\/product_brand?post=6046"},{"taxonomy":"product_cat","embeddable":true,"href":"https:\/\/koisiegi.com\/index.php\/wp-json\/wp\/v2\/product_cat?post=6046"},{"taxonomy":"product_tag","embeddable":true,"href":"https:\/\/koisiegi.com\/index.php\/wp-json\/wp\/v2\/product_tag?post=6046"}],"curies":[{"name":"wp","href":"https:\/\/api.w.org\/{rel}","templated":true}]}}