{"id":6015,"date":"2020-09-13T11:02:59","date_gmt":"2020-09-13T09:02:59","guid":{"rendered":"https:\/\/koisiegi.com\/?post_type=product&amp;p=6015"},"modified":"2020-09-13T11:02:59","modified_gmt":"2020-09-13T09:02:59","slug":"wasserpegelschalter-wps-1000","status":"publish","type":"product","link":"https:\/\/koisiegi.com\/index.php\/product\/wasserpegelschalter-wps-1000\/","title":{"rendered":"Wasserpegelschalter WPS 1000"},"content":{"rendered":"<div class=\"content--description\">\n<p>Eine zuverl\u00e4ssige Wasserpegel-\u00dcberwachung ist hier bares Geld wert, ob es sich nun um das Erkennen eines d\u00fcnnen Wasserfilms im Waschkeller oder das eines gef\u00fcllten Wasserbeh\u00e4lters handelt.<\/p>\n<p>Der universell einsetzbare Wasserpegelschalter bietet hier Sicherheit. Er verf\u00fcgt \u00fcber einen vielseitig einsetzbaren Sensor, dessen Zuleitung bis auf 20 m verl\u00e4ngert werden kann. Der l\u00f6st bei auftretender, anhaltender Feuchtigkeit einen Schalt Aktor aus, der Pumpen, Warneinrichtungen, Magnetventile etc. mit einer Leistungsaufnahme bis 1000 W schaltet.<\/p>\n<p><strong>Neu: <\/strong>Bei Erreichen des vorher definierten Pegelstandes k\u00f6nnen Sie den Schaltausgang wahlweise als \u00d6ffner oder Schlie\u00dfer verwenden.<\/p>\n<ul>\n<li>Schaltpunkt bei beliebigem Wasserstand frei w\u00e4hlbar<\/li>\n<li>Einfache Fernmessung \u00fcber zweiadrige Leitung mit einer L\u00e4nge bis zu 20 m<\/li>\n<li>Schneller Einsatz durch Steckverbindungen<\/li>\n<li>Einsatz in Beh\u00e4ltern aus beliebigem Material m\u00f6glich<\/li>\n<li>Keine gef\u00e4hrliche Netzspannung am Sensor<\/li>\n<li>Kein Irritieren durch bewegte Sensoren wie Schwimmer etc.<\/li>\n<li>Keine Bedienung und \u00dcberwachung erforderlich \u2013 Automatikbetrieb<\/li>\n<li>Schalthysterese von 20 Sekunden \u2013 verhindert Fehlschaltung bei Wellenbewegungen<\/li>\n<li>Auch andere Eins\u00e4tze, z. B. \u00dcberwachung von Schalt- oder Alarmkontakten m\u00f6glich, Kontaktempfindlichkeit \u2039 50 k\u03a9<\/li>\n<\/ul>\n<p>&nbsp;<\/p>\n<\/div>\n","protected":false},"excerpt":{"rendered":"<p>Wasserpegelschalter WPS 1000<\/p>\n","protected":false},"featured_media":6016,"template":"","meta":[],"product_brand":[],"product_cat":[71,39],"product_tag":[],"class_list":{"0":"post-6015","1":"product","2":"type-product","3":"status-publish","4":"has-post-thumbnail","6":"product_cat-wasserpegelschalter","7":"product_cat-zubehoer","8":"product_shipping_class-zubehoer","10":"first","11":"instock","12":"taxable","13":"shipping-taxable","14":"purchasable","15":"product-type-simple"},"_links":{"self":[{"href":"https:\/\/koisiegi.com\/index.php\/wp-json\/wp\/v2\/product\/6015","targetHints":{"allow":["GET"]}}],"collection":[{"href":"https:\/\/koisiegi.com\/index.php\/wp-json\/wp\/v2\/product"}],"about":[{"href":"https:\/\/koisiegi.com\/index.php\/wp-json\/wp\/v2\/types\/product"}],"wp:featuredmedia":[{"embeddable":true,"href":"https:\/\/koisiegi.com\/index.php\/wp-json\/wp\/v2\/media\/6016"}],"wp:attachment":[{"href":"https:\/\/koisiegi.com\/index.php\/wp-json\/wp\/v2\/media?parent=6015"}],"wp:term":[{"taxonomy":"product_brand","embeddable":true,"href":"https:\/\/koisiegi.com\/index.php\/wp-json\/wp\/v2\/product_brand?post=6015"},{"taxonomy":"product_cat","embeddable":true,"href":"https:\/\/koisiegi.com\/index.php\/wp-json\/wp\/v2\/product_cat?post=6015"},{"taxonomy":"product_tag","embeddable":true,"href":"https:\/\/koisiegi.com\/index.php\/wp-json\/wp\/v2\/product_tag?post=6015"}],"curies":[{"name":"wp","href":"https:\/\/api.w.org\/{rel}","templated":true}]}}