{"id":5445,"date":"2020-06-08T13:53:56","date_gmt":"2020-06-08T11:53:56","guid":{"rendered":"https:\/\/koisiegi.com\/?post_type=product&#038;p=5445"},"modified":"2024-05-29T21:27:32","modified_gmt":"2024-05-29T19:27:32","slug":"lufolight-downfire","status":"publish","type":"product","link":"https:\/\/koisiegi.com\/index.php\/product\/lufolight-downfire\/","title":{"rendered":"LUFOLIGHT \u00ae &#8211; Basic"},"content":{"rendered":"<p>Koi brauchen Licht,<\/p>\n<p>Nat\u00fcrliches Licht steuert auch bei Fischen den Biorhythmus, Fressen, Aktivit\u00e4t und ihr Immunsystem, sowie ihre Fruchtbarkeit und ihre Motivation. Ein dauerhafter Lichtmangel f\u00fchrt zu Antriebslosigkeit und Erkrankungen.<\/p>\n<p>Unsere LED-Leuchten wurden u.a. speziell f\u00fcr die Tierhaltung entwickelt und leuchten ohne UV-Strahlung mit gesundem und tageslicht\u00e4hnlichem Vollspektrum. Die Teich- und Beckenbeleuchtungen sind in verschiedenen Lichtfarben lieferbar. Die robusten und schweren Geh\u00e4use gew\u00e4hrleisten einen Dauereinsatz unter extremen Belastungen und sind resistent gegen Feuchtigkeit und chemische Substanzen.<\/p>\n<div data-canvas-width=\"106.90156107692309\">Technische Daten<\/div>\n<div data-canvas-width=\"82.39509600000001\">LUFOLIGHT \u00ae BASIC<\/div>\n<div data-canvas-width=\"55.684597846153856\">Lichtfarbe: 3.000 K | 4.000 K | 5.300 K<\/div>\n<div data-canvas-width=\"123.10225920000002\">Lichtstrom (bei 4000K):970-2.800 Lumen<\/div>\n<div data-canvas-width=\"79.91704800000001\">Abstrahlwinkel:270 \u00b0<\/div>\n<div data-canvas-width=\"48.25045384615386\">Leistung:14-32 Watt<\/div>\n<div data-canvas-width=\"94.85681815384616\">Stromversorgung:110-250 VAC, 50-60 Hz<\/div>\n<div data-canvas-width=\"79.65494676923079\">Abmessungen:210 x 210 x 110mm (LxBxH)<\/div>\n<div data-canvas-width=\"46.23703984615385\">Gewicht:900 g<\/div>\n<div data-canvas-width=\"104.7451827692308\">Betriebstemperatur:-30\u00b0 bis + 60\u00b0<\/div>\n<div data-canvas-width=\"53.373341538461545\">Schutzart:IP20 | IP 64<\/div>\n<div data-canvas-width=\"93.83224061538462\">Geh\u00e4useunterteil: Hochglanzkunststoff in wei\u00df oder schwarz<\/div>\n<div data-canvas-width=\"90.52023415384615\">Geh\u00e4useoberteil: Aluminium Druckguss, unbehandelt, verchromt, nach RAL Angabe lackiert<\/div>\n<div data-canvas-width=\"57.66227076923077\">Anschluss: Federkraftklemmblock<\/div>\n<div data-canvas-width=\"68.765832\">Anschluss IP<\/div>\n<div><img loading=\"lazy\" decoding=\"async\" class=\"alignnone size-full wp-image-5221\" src=\"https:\/\/victorh10.apconsult.at\/~user547\/wp-content\/uploads\/2020\/05\/pdf.png\" alt=\"\" width=\"51\" height=\"51\" \/><a href=\"https:\/\/victorh10.apconsult.at\/~user547\/wp-content\/uploads\/2020\/06\/LED-Beleuchtung-in-der-Koihaltung-KoiSiegi.-gesamt.pdf\" target=\"_blank\" rel=\"noopener noreferrer\">LED Beleuchtung in der Koihaltung PDF<\/a><\/div>\n<p>&nbsp;<\/p>\n","protected":false},"excerpt":{"rendered":"<p>LUFOLIGHT \u00ae &#8211; Basic<\/p>\n","protected":false},"featured_media":5446,"template":"","meta":[],"product_brand":[],"product_cat":[81,39],"product_tag":[82,83],"class_list":{"0":"post-5445","1":"product","2":"type-product","3":"status-publish","4":"has-post-thumbnail","6":"product_cat-beleuchtung","7":"product_cat-zubehoer","8":"product_tag-licht","9":"product_tag-lufolight","10":"product_shipping_class-zubehoer","12":"first","13":"instock","14":"taxable","15":"shipping-taxable","16":"purchasable","17":"product-type-simple"},"_links":{"self":[{"href":"https:\/\/koisiegi.com\/index.php\/wp-json\/wp\/v2\/product\/5445","targetHints":{"allow":["GET"]}}],"collection":[{"href":"https:\/\/koisiegi.com\/index.php\/wp-json\/wp\/v2\/product"}],"about":[{"href":"https:\/\/koisiegi.com\/index.php\/wp-json\/wp\/v2\/types\/product"}],"wp:featuredmedia":[{"embeddable":true,"href":"https:\/\/koisiegi.com\/index.php\/wp-json\/wp\/v2\/media\/5446"}],"wp:attachment":[{"href":"https:\/\/koisiegi.com\/index.php\/wp-json\/wp\/v2\/media?parent=5445"}],"wp:term":[{"taxonomy":"product_brand","embeddable":true,"href":"https:\/\/koisiegi.com\/index.php\/wp-json\/wp\/v2\/product_brand?post=5445"},{"taxonomy":"product_cat","embeddable":true,"href":"https:\/\/koisiegi.com\/index.php\/wp-json\/wp\/v2\/product_cat?post=5445"},{"taxonomy":"product_tag","embeddable":true,"href":"https:\/\/koisiegi.com\/index.php\/wp-json\/wp\/v2\/product_tag?post=5445"}],"curies":[{"name":"wp","href":"https:\/\/api.w.org\/{rel}","templated":true}]}}