{"id":5428,"date":"2020-06-07T15:14:09","date_gmt":"2020-06-07T13:14:09","guid":{"rendered":"https:\/\/koisiegi.com\/?post_type=product&#038;p=5428"},"modified":"2024-09-16T12:02:44","modified_gmt":"2024-09-16T10:02:44","slug":"helix-hx-25er-kll-schwarz-100-liter-sack-hel-x","status":"publish","type":"product","link":"https:\/\/koisiegi.com\/index.php\/product\/helix-hx-25er-kll-schwarz-100-liter-sack-hel-x\/","title":{"rendered":"Helix HX 25er KLL Schwarz 100 Liter Sack Hel-X"},"content":{"rendered":"<p>&nbsp;<\/p>\n<p>Neuer Typ Biomedium um bei schwimmender oder bewegender Anwendung Schmutzwasser zu filtern. Auch geeignet f\u00fcr Riesel-Instalationen.<br \/>\nBiocarrier Helix \/ Hel-X &#8211; schwimmendes Filtermedium<br \/>\n100 Liter in schwarz- Gr\u00f6\u00dfe\u00a0 25mm<\/p>\n<p>Helix (Hel-X) Typ 13mm\/25mm ist ein biologisches Filtermedium, das f\u00fcr Bakterien eine enorm gro\u00dfe Besiedlungsfl\u00e4che bietet 602 m2\/m3 (im Vergleich eine Japanmatte hat eine Ansiedlungsfl\u00e4che von ca. 300 m2\/m3).<\/p>\n<p>Helix ist ein Filtermaterial, welches als schwimmendes Medium in jeden Filter eingesetzt werden kann. Schwimmend bedeutet, dass am Boden der Filterkammer ein perforierter Luftschlauch oder einzelne Luftsteine (Ausstr\u00f6mersteine) an einen Luftkompressor angeschlossen werden und das Filtermedium bewegt werden muss. Diese Vorrichtung bewirkt, dass die Filtermedien in Bewegung gehalten werden und somit die anhaftenden Bakterien eine optimale Sauerstoffzufuhr erhalten. Dies nennt man die &#8222;moving bed&#8220; Technologie.<\/p>\n<p>Helix eignet sich f\u00fcr biologische Filter, Rieselfilter im Teich oder Aquarium, Mehrkammerfilter, Schwerkraftfilter, Tropfk\u00f6rperfilter oder als Schwebek\u00f6rper.<\/p>\n<h2>Die Vorteile von Hel-X<\/h2>\n<p>* gleichm\u00e4\u00dfige Verteilung des Teichwassers durch das gesamte Filtermedium<br \/>\n* durch die freie Beweglichkeit des Mediums f\u00e4llt abgestorbene Biomasse von diesen ab, neue Bakterien haben so die M\u00f6glichkeit, sich an das freie Medium zu heften<br \/>\n* extrem gro\u00dfe Oberfl\u00e4che im Vergleich zum Volumen des Mediums<br \/>\n* sauerstoffreiche Umgebung<br \/>\n* beseitigt Nitrat (NO3), somit weniger Gr\u00fcnalgen und Fadenalgen<br \/>\n* auch wenn Helix nicht in Bewegung ist, ist die Ansiedlungsfl\u00e4che ca. 3-mal gr\u00f6\u00dfer als bei Japanmatten<br \/>\n* um ein vielfaches effizienter als Filtermatten<br \/>\n* bietet eine ges\u00fcndere Umgebung f\u00fcr die Koi<br \/>\n* bessere Sauerstoff\u00fcbertragung bei &#8222;moving bed&#8220;-Technologie selbst reinigend und wartungsfrei<br \/>\n* offenes Filtermedium f\u00fcr einen h\u00f6heren Nitratabbau<br \/>\n* einfaches Nachr\u00fcsten in die meisten Filter, f\u00fcr eine Zirkulation Luft hinzuf\u00fcgen<br \/>\n* keine Reinigung notwendig<\/p>\n<p>100 Liter Hel-X-Biomedium bieten ausreichend Besiedelungsraum f\u00fcr den Abbau von 450 Gramm Fischfutter pro Tag<\/p>\n<p>Unsere Empfehlung:<br \/>\nBenutzen Sie ca. 50 Liter Helix pro 10000 Liter Teichwasser, wobei darauf zu achten ist dass die Kammern nur ca. 1\/3 mit Helix gef\u00fcllt sind, damit sich das Helix in der Filterkammer ausreichend bewegen kann.<\/p>\n<p>Daten:<br \/>\nFarbe: schwarz<br \/>\nGr\u00f6\u00dfe: \u00d8\u00a0 25mm<br \/>\nL\u00e4nge :25 mm<br \/>\nOberfl\u00e4che: ca. 420 m\u00b2\/m\u00b3<br \/>\nOberfl\u00e4che gesch\u00fctzt: 342 m\u00b2\/m\u00b3<br \/>\nGewicht: ca. 125 kg\/m\u00b3<br \/>\nSt\u00fcck pro m\u00b3: ca. 153000<br \/>\nInhalt: 100 Liter<\/p>\n","protected":false},"excerpt":{"rendered":"<p>Helix HX 25er KLL\u00a0 Lieferr\u00fcckstand<\/p>\n","protected":false},"featured_media":5427,"template":"","meta":[],"product_brand":[],"product_cat":[77,142],"product_tag":[78],"class_list":{"0":"post-5428","1":"product","2":"type-product","3":"status-publish","4":"has-post-thumbnail","6":"product_cat-filtermedien","7":"product_cat-filtertechnik-zubehoer","8":"product_tag-helix","9":"product_shipping_class-zubehoer","11":"first","12":"instock","13":"taxable","14":"shipping-taxable","15":"purchasable","16":"product-type-simple"},"_links":{"self":[{"href":"https:\/\/koisiegi.com\/index.php\/wp-json\/wp\/v2\/product\/5428","targetHints":{"allow":["GET"]}}],"collection":[{"href":"https:\/\/koisiegi.com\/index.php\/wp-json\/wp\/v2\/product"}],"about":[{"href":"https:\/\/koisiegi.com\/index.php\/wp-json\/wp\/v2\/types\/product"}],"wp:featuredmedia":[{"embeddable":true,"href":"https:\/\/koisiegi.com\/index.php\/wp-json\/wp\/v2\/media\/5427"}],"wp:attachment":[{"href":"https:\/\/koisiegi.com\/index.php\/wp-json\/wp\/v2\/media?parent=5428"}],"wp:term":[{"taxonomy":"product_brand","embeddable":true,"href":"https:\/\/koisiegi.com\/index.php\/wp-json\/wp\/v2\/product_brand?post=5428"},{"taxonomy":"product_cat","embeddable":true,"href":"https:\/\/koisiegi.com\/index.php\/wp-json\/wp\/v2\/product_cat?post=5428"},{"taxonomy":"product_tag","embeddable":true,"href":"https:\/\/koisiegi.com\/index.php\/wp-json\/wp\/v2\/product_tag?post=5428"}],"curies":[{"name":"wp","href":"https:\/\/api.w.org\/{rel}","templated":true}]}}