{"id":5348,"date":"2020-05-30T17:25:03","date_gmt":"2020-05-30T15:25:03","guid":{"rendered":"https:\/\/koisiegi.com\/?post_type=product&amp;p=5348"},"modified":"2020-05-30T17:25:03","modified_gmt":"2020-05-30T15:25:03","slug":"wasserpegelschalter-wps-3000","status":"publish","type":"product","link":"https:\/\/koisiegi.com\/index.php\/product\/wasserpegelschalter-wps-3000\/","title":{"rendered":"Wasserpegelschalter WPS 3000"},"content":{"rendered":"<p class=\"product_title entry-title\">Wasserpegelschalter WPS 3000<\/p>\n<p>Der Wasserpegelschalter WPS 3000 eignet sich zur automatischen Pegel\u00fcberwachung von leitenden Fl\u00fcssigkeiten in Beh\u00e4ltern, Brunnen, Kellerr\u00e4umen u.\u00e4. Beim Eindringen von Wasser oder Erreichen des bestimmten Pegels zieht ein Relais an und schaltet z. B. netzbetriebene Pumpen, Ventile oder Warnger\u00e4te ein oder aus. Vorteile: keine aufw\u00e4ndige Installation, alle Anschl\u00fcsse steck bar, sofort betriebsbereit, st\u00f6rungsfrei durch Wegfall bewegter Schwimmerschalter.<\/p>\n<p>Beschreibung<\/p>\n<p>Merkmale:<br \/>\n\u2022 Schaltpunkt bei beliebigen Wasserst\u00e4nden frei w\u00e4hlbar<br \/>\n\u2022 Schaltausgang (Rel.) als \u00d6ffner oder Schlie\u00dfer \u00fcber Schalter an der Frontseite konfigurierbar<br \/>\n\u2022 Fernmessung bis 25 m \u00fcber zweiadrige Leitung m\u00f6glich<br \/>\n\u2022 Besonderheiten: Die Messelektroden sind chlor- und salzwasserbest\u00e4ndig (Edelstahl AISI 316 \/ V4A)<br \/>\n\u2022 Robuster Sensor f\u00fcr dauerhaften Einsatz unter Wasser<br \/>\n\u2022 F\u00fcr alle Speicher aus Beton, Kunststoff oder Metall<br \/>\n\u2022 Bedienungs- und \u00fcberwachungsfreier Betrieb<br \/>\n\u2022 Sehr einfache und schnelle Montage, da Stecker fertig<br \/>\n\u2022 LED-Anzeigen f\u00fcr Netz, Pegel und Rel. Ein<br \/>\n\u2022 Pumpenlaufzeit von 0\u202610 min einstellbar<\/p>\n<p>Technische Daten:<br \/>\n\u2022 Betriebsspannung: 230 V\/50 Hz<br \/>\n\u2022 Ausgangsspannung: 230 V\/50 Hz<br \/>\n\u2022 Sensorspannung (Kleinspannung) max. 10 V<br \/>\n\u2022 Leistungsaufnahme: max. 1,5 W (Stand-by)<br \/>\n\u2022 Schaltleistung: max. 3000 W<br \/>\n\u2022 Ausschaltverz\u00f6gerung*: ca. 0\u202610 Min einstellbar<br \/>\n\u2022 Sensoreingang: \u00fcber RJ 45 Buchse<br \/>\n\u2022 Ausl\u00f6seempfindlichkeit: &lt; 50 kOhm<br \/>\n\u2022 Schutzklasse: IP 20<br \/>\n\u2022 LED-Anzeigen: Netz, Pegel und Rel. Ein<br \/>\n\u2022 Funktionsbereich: \u201315\u00b0C \/ +40\u00b0C<br \/>\n\u2022 Kabell\u00e4nge (Sensor) 10 Meter<\/p>\n<p>Lieferumfang:<br \/>\n\u2022 Steuerger\u00e4t mit ausf\u00fchrlicher Montage<br \/>\n\u2022 Bedienungsanleitung und Wassersensor<\/p>\n","protected":false},"excerpt":{"rendered":"<p>Wasserpegelschalter WPS 3000<\/p>\n","protected":false},"featured_media":5350,"template":"","meta":[],"product_brand":[],"product_cat":[71,39],"product_tag":[72],"class_list":{"0":"post-5348","1":"product","2":"type-product","3":"status-publish","4":"has-post-thumbnail","6":"product_cat-wasserpegelschalter","7":"product_cat-zubehoer","8":"product_tag-wasserpegelschalter","9":"product_shipping_class-zubehoer","11":"first","12":"onbackorder","13":"taxable","14":"shipping-taxable","15":"purchasable","16":"product-type-simple"},"_links":{"self":[{"href":"https:\/\/koisiegi.com\/index.php\/wp-json\/wp\/v2\/product\/5348","targetHints":{"allow":["GET"]}}],"collection":[{"href":"https:\/\/koisiegi.com\/index.php\/wp-json\/wp\/v2\/product"}],"about":[{"href":"https:\/\/koisiegi.com\/index.php\/wp-json\/wp\/v2\/types\/product"}],"wp:featuredmedia":[{"embeddable":true,"href":"https:\/\/koisiegi.com\/index.php\/wp-json\/wp\/v2\/media\/5350"}],"wp:attachment":[{"href":"https:\/\/koisiegi.com\/index.php\/wp-json\/wp\/v2\/media?parent=5348"}],"wp:term":[{"taxonomy":"product_brand","embeddable":true,"href":"https:\/\/koisiegi.com\/index.php\/wp-json\/wp\/v2\/product_brand?post=5348"},{"taxonomy":"product_cat","embeddable":true,"href":"https:\/\/koisiegi.com\/index.php\/wp-json\/wp\/v2\/product_cat?post=5348"},{"taxonomy":"product_tag","embeddable":true,"href":"https:\/\/koisiegi.com\/index.php\/wp-json\/wp\/v2\/product_tag?post=5348"}],"curies":[{"name":"wp","href":"https:\/\/api.w.org\/{rel}","templated":true}]}}