{"id":5336,"date":"2020-05-30T12:39:32","date_gmt":"2020-05-30T10:39:32","guid":{"rendered":"https:\/\/koisiegi.com\/?post_type=product&#038;p=5336"},"modified":"2026-05-16T15:22:13","modified_gmt":"2026-05-16T13:22:13","slug":"cyprinocur-quick-wundheilpulver-5-g","status":"publish","type":"product","link":"https:\/\/koisiegi.com\/index.php\/product\/cyprinocur-quick-wundheilpulver-5-g\/","title":{"rendered":"Cyprinocur Quick Wundheilpulver 5 g"},"content":{"rendered":"<p>Cyprinocur quick Wundheilpulver 5 g<\/p>\n<p><strong>Cyprinocur<\/strong><sup><span style=\"font-family: Arial;font-size: x-small\">\u00ae<\/span><\/sup><strong> quick<\/strong> heilt schnell und unkompliziert alle Aufbr\u00fcche, Verletzungen und Infektionen der Fischhaut. Es wird einfach auf die zu behandelnde Stelle aufgestreut und haftet f\u00fcr l\u00e4ngere Zeit auf der Wunde.<\/p>\n<p><strong>Cyprinocur<\/strong><sup><span style=\"font-family: Arial;font-size: x-small\">\u00ae<\/span><\/sup><strong> quick<\/strong> ist au\u00dferdem hervorragend dazu geeignet, sehr gro\u00dfe und tiefe Aufbr\u00fcche f\u00fcr die Behandlung mit <strong>Cyprinocur<\/strong><sup><span style=\"font-family: Arial;font-size: x-small\">\u00ae<\/span><\/sup><strong> A Salbe<\/strong> vorzubereiten. Diese Aufbr\u00fcche enthalten sehr viel totes, matschiges Gewebe mit einer sehr lockeren Struktur, auf der auch die beste Salbe nicht haften kann.<\/p>\n<p><strong>Cyprinocur<\/strong><sup><span style=\"font-family: Arial;font-size: x-small\">\u00ae<\/span><\/sup><strong> quick<\/strong> bindet, neben seiner antibiotischen und wundheilenden Wirkung, diese Gewebetr\u00fcmmer und entfernt sie aus der Wunde, so das danach <strong>Cyprinocur<\/strong><sup><span style=\"font-family: Arial;font-size: x-small\">\u00ae<\/span><\/sup><strong> A Salbe<\/strong> sicher auf der Wunde haftet.<\/p>\n<p><strong>Cyprinocur<\/strong><sup><span style=\"font-family: Arial;font-size: x-small\">\u00ae<\/span><\/sup><strong> quick<\/strong> ist ein Tierarzneimittel und wird nach den Regeln des deutschen Arzneimittelgesetzes von einem zertifizierten Hersteller produziert, ist aber nicht verschreibungspflichtig und nicht apothekenpflichtig.<\/p>\n<p><strong>Wirkstoffe: Tyrothricin 0,5%, Clotrimazol 2%<\/strong><br \/>\nDer Wirkungsbereich des eingesetzten Antibiotikums umfasst vorwiegend grampositive Kokken und Bakterien, aber auch einige gramnegative Bakterien und verschiedene Pilzarten.<br \/>\nEs wirkt dosisabh\u00e4ngig bakteriostatisch oder bakterizid.<br \/>\nEine antivirale Wirkung konnte bei verschiedenen Viren ebenfalls nachgewiesen werden, dar\u00fcber hinaus ist ein wundreinigender Effekt belegt.<br \/>\nDas eingesetzte Breitspektrumantimykotikum ver\u00e4ndert die Membranzusammensetzung und die Eigenschaften von Pilzen. Es kommt zu Abweichungen in der Permeabilit\u00e4t und zur Hemmung der Aufnahme essentieller Substanzen zur DNA-Synthese der Pilzzelle.<br \/>\nDer Wirkstoff lagert sich weiterhin in der Zellmembran ein und st\u00f6rt die Membranstruktur so stark das die Pilzzelle abstirbt.<br \/>\nDie Matrix, in welche die Wirkstoffe eingebunden sind, adsorbiert Zelltr\u00fcmmer und Reste nekrotischen Gewebes, wirkt entquellend auf das entz\u00fcndete Wundgewebe und schafft ein optimales Wundheilungsmilieu.<\/p>\n<p><strong><span style=\"text-decoration: underline\">Daten:<br \/>\n<\/span><\/strong>Inhalt: 5 g<\/p>\n<p><em><strong><span style=\"text-decoration: underline\"><img loading=\"lazy\" decoding=\"async\" class=\"alignnone size-full wp-image-5258\" src=\"https:\/\/victorh10.apconsult.at\/~user547\/wp-content\/uploads\/2020\/05\/achtung.png\" alt=\"\" width=\"51\" height=\"51\" \/><\/span><\/strong><\/em><strong><span style=\"text-decoration: underline\">Allg. Sicherheitshinweise:<\/span><\/strong><br \/>\nUnzug\u00e4nglich f\u00fcr Kinder lagern. Bei Augenkontakt Augen mit reichlich Wasser sp\u00fclen. Hautkontakt vermeiden.<br \/>\n<strong><span style=\"color: #cc0000\">Nicht in Gew\u00e4ssern anwenden in denen sich Tiere befinden, die der Gewinnung von Lebensmitteln dienen.<\/span><br \/>\n<\/strong>R-S\u00e4tze : 20\/21\/22<br \/>\nGesundheitssch\u00e4dlich beim Einatmen, Verschlucken und Ber\u00fchrung mit der Haut.<br \/>\nS-S\u00e4tze : S 22-36<br \/>\nStaub nicht einatmen, bei der Arbeit Schutzhandschuhe tragen.<\/p>\n","protected":false},"excerpt":{"rendered":"<p>Cyprinocur Quick Wundheilpulver 5 g<\/p>\n","protected":false},"featured_media":5320,"template":"","meta":[],"product_brand":[],"product_cat":[34,66],"product_tag":[67],"class_list":{"0":"post-5336","1":"product","2":"type-product","3":"status-publish","4":"has-post-thumbnail","6":"product_cat-gesundheit","7":"product_cat-wundbehandlung","8":"product_tag-wundheilung","9":"product_shipping_class-zubehoer","11":"first","12":"onbackorder","13":"taxable","14":"shipping-taxable","15":"purchasable","16":"product-type-simple"},"_links":{"self":[{"href":"https:\/\/koisiegi.com\/index.php\/wp-json\/wp\/v2\/product\/5336","targetHints":{"allow":["GET"]}}],"collection":[{"href":"https:\/\/koisiegi.com\/index.php\/wp-json\/wp\/v2\/product"}],"about":[{"href":"https:\/\/koisiegi.com\/index.php\/wp-json\/wp\/v2\/types\/product"}],"wp:featuredmedia":[{"embeddable":true,"href":"https:\/\/koisiegi.com\/index.php\/wp-json\/wp\/v2\/media\/5320"}],"wp:attachment":[{"href":"https:\/\/koisiegi.com\/index.php\/wp-json\/wp\/v2\/media?parent=5336"}],"wp:term":[{"taxonomy":"product_brand","embeddable":true,"href":"https:\/\/koisiegi.com\/index.php\/wp-json\/wp\/v2\/product_brand?post=5336"},{"taxonomy":"product_cat","embeddable":true,"href":"https:\/\/koisiegi.com\/index.php\/wp-json\/wp\/v2\/product_cat?post=5336"},{"taxonomy":"product_tag","embeddable":true,"href":"https:\/\/koisiegi.com\/index.php\/wp-json\/wp\/v2\/product_tag?post=5336"}],"curies":[{"name":"wp","href":"https:\/\/api.w.org\/{rel}","templated":true}]}}