{"id":5334,"date":"2020-05-30T12:20:02","date_gmt":"2020-05-30T10:20:02","guid":{"rendered":"https:\/\/koisiegi.com\/?post_type=product&#038;p=5334"},"modified":"2024-09-16T16:25:41","modified_gmt":"2024-09-16T14:25:41","slug":"colombo-morenicol-propolis-wound-spray-50ml","status":"publish","type":"product","link":"https:\/\/koisiegi.com\/index.php\/product\/colombo-morenicol-propolis-wound-spray-50ml\/","title":{"rendered":"Colombo Wound Clean 50ml"},"content":{"rendered":"<p style=\"font-weight: 400\"><strong>Colombo Wound Clean 50ml Wundreiniger<\/strong><\/p>\n<p style=\"font-weight: 400\">Colombo Wundreiniger ist eine verd\u00fcnnte Losung von Wasserstoffperoxid. Wasserstoffperoxid ist ein st\u00e4rkeres Reinigungsmittel, dass alle Bakterien und Viren, aber auch die Zerst\u00f6rung von infizierten und Colombo Wundreiniger reinigt Wunden und Verletzungen auf Fische f\u00fcr 100% was eine gute und schnelle Heilung m\u00f6glich macht.<\/p>\n","protected":false},"excerpt":{"rendered":"<p>Morenicol Wound Clean 50ml<\/p>\n","protected":false},"featured_media":9208,"template":"","meta":[],"product_brand":[],"product_cat":[34,66],"product_tag":[67],"class_list":{"0":"post-5334","1":"product","2":"type-product","3":"status-publish","4":"has-post-thumbnail","6":"product_cat-gesundheit","7":"product_cat-wundbehandlung","8":"product_tag-wundheilung","9":"product_shipping_class-zubehoer","11":"first","12":"onbackorder","13":"taxable","14":"shipping-taxable","15":"purchasable","16":"product-type-simple"},"_links":{"self":[{"href":"https:\/\/koisiegi.com\/index.php\/wp-json\/wp\/v2\/product\/5334","targetHints":{"allow":["GET"]}}],"collection":[{"href":"https:\/\/koisiegi.com\/index.php\/wp-json\/wp\/v2\/product"}],"about":[{"href":"https:\/\/koisiegi.com\/index.php\/wp-json\/wp\/v2\/types\/product"}],"wp:featuredmedia":[{"embeddable":true,"href":"https:\/\/koisiegi.com\/index.php\/wp-json\/wp\/v2\/media\/9208"}],"wp:attachment":[{"href":"https:\/\/koisiegi.com\/index.php\/wp-json\/wp\/v2\/media?parent=5334"}],"wp:term":[{"taxonomy":"product_brand","embeddable":true,"href":"https:\/\/koisiegi.com\/index.php\/wp-json\/wp\/v2\/product_brand?post=5334"},{"taxonomy":"product_cat","embeddable":true,"href":"https:\/\/koisiegi.com\/index.php\/wp-json\/wp\/v2\/product_cat?post=5334"},{"taxonomy":"product_tag","embeddable":true,"href":"https:\/\/koisiegi.com\/index.php\/wp-json\/wp\/v2\/product_tag?post=5334"}],"curies":[{"name":"wp","href":"https:\/\/api.w.org\/{rel}","templated":true}]}}