{"id":5332,"date":"2020-05-30T12:06:11","date_gmt":"2020-05-30T10:06:11","guid":{"rendered":"https:\/\/koisiegi.com\/?post_type=product&amp;p=5332"},"modified":"2025-04-23T21:44:51","modified_gmt":"2025-04-23T19:44:51","slug":"colombo-morenicol-lernex","status":"publish","type":"product","link":"https:\/\/koisiegi.com\/index.php\/product\/colombo-morenicol-lernex\/","title":{"rendered":"Colombo Morenicol Lernex 2kg"},"content":{"rendered":"<p>Colombo Morenicol Lernex<\/p>\n<p>COLOMBO LERNEX ist wirksam gegen Hautw\u00fcrmer (Gyrodaktylus), Kiemenw\u00fcrmer (Dactylogyrus) und Fadenw\u00fcrmer (Nematoden).Lernex ist zudem wirksam gegen Egel (Piscicola), Fischl\u00e4use (Argulus) und Ankerw\u00fcrmer (Lernea). Das Vorhandensein dieser Parasiten kann mit dem blo\u00dfen Auge festgestellt werden. Symptome f\u00fcr einen Befall mit diesen Parasiten sind u. a. Apathie, Scheuern und verminderte Fresslust.<\/p>\n<p>Zusammensetzung:<\/p>\n<ul>\n<li>Myrrhe 22,5 mg\/g<\/li>\n<li>Diflubenbenzuron 12,1 mg\/g<\/li>\n<li>Clorsulon 6,25 mg\/g<\/li>\n<li>Niclosamide 2,50 mg\/g<\/li>\n<li>Rafoxanide 1,25 mg\/g<\/li>\n<\/ul>\n","protected":false},"excerpt":{"rendered":"<p>Colombo Morenicol Lernex 2kg<\/p>\n","protected":false},"featured_media":5333,"template":"","meta":[],"product_brand":[],"product_cat":[34,65],"product_tag":[64],"class_list":{"0":"post-5332","1":"product","2":"type-product","3":"status-publish","4":"has-post-thumbnail","6":"product_cat-gesundheit","7":"product_cat-koibehandlung","8":"product_tag-teichbakterien","9":"product_shipping_class-zubehoer","11":"first","12":"instock","13":"taxable","14":"shipping-taxable","15":"purchasable","16":"product-type-simple"},"_links":{"self":[{"href":"https:\/\/koisiegi.com\/index.php\/wp-json\/wp\/v2\/product\/5332","targetHints":{"allow":["GET"]}}],"collection":[{"href":"https:\/\/koisiegi.com\/index.php\/wp-json\/wp\/v2\/product"}],"about":[{"href":"https:\/\/koisiegi.com\/index.php\/wp-json\/wp\/v2\/types\/product"}],"wp:featuredmedia":[{"embeddable":true,"href":"https:\/\/koisiegi.com\/index.php\/wp-json\/wp\/v2\/media\/5333"}],"wp:attachment":[{"href":"https:\/\/koisiegi.com\/index.php\/wp-json\/wp\/v2\/media?parent=5332"}],"wp:term":[{"taxonomy":"product_brand","embeddable":true,"href":"https:\/\/koisiegi.com\/index.php\/wp-json\/wp\/v2\/product_brand?post=5332"},{"taxonomy":"product_cat","embeddable":true,"href":"https:\/\/koisiegi.com\/index.php\/wp-json\/wp\/v2\/product_cat?post=5332"},{"taxonomy":"product_tag","embeddable":true,"href":"https:\/\/koisiegi.com\/index.php\/wp-json\/wp\/v2\/product_tag?post=5332"}],"curies":[{"name":"wp","href":"https:\/\/api.w.org\/{rel}","templated":true}]}}