{"id":5326,"date":"2020-05-30T11:41:45","date_gmt":"2020-05-30T09:41:45","guid":{"rendered":"https:\/\/koisiegi.com\/?post_type=product&#038;p=5326"},"modified":"2025-08-26T18:05:19","modified_gmt":"2025-08-26T16:05:19","slug":"colombo-cytofex","status":"publish","type":"product","link":"https:\/\/koisiegi.com\/index.php\/product\/colombo-cytofex\/","title":{"rendered":"Colombo Morenicol Cytofex, 2,5lt"},"content":{"rendered":"<div id=\"tab-product-description\" role=\"tabpanel\" aria-labelledby=\"ui-id-1\" aria-hidden=\"false\">\n<div>\n<p>Colombo Morenicol Cytofex<\/p>\n<p>Cytofex ist wirksam gegen externe bakterielle Infektionen wie Flossenf\u00e4ule, Kiemenf\u00e4ule, Bauchwassersucht, Maul Pilz und Hautgeschw\u00fcre. Cytofex besteht aus 100% nat\u00fcrlichen Rohstoffen, die eine nachgewiesene antibakterielle Wirkung haben, wie Tea Tree \u00d6l, Islandmoosextrakt und Extrakt des Pau d&#8217;arco &#8211; Baums.<\/p>\n<\/div>\n<\/div>\n","protected":false},"excerpt":{"rendered":"<p>Colombo Morenicol Cytofex 2,5lt<\/p>\n","protected":false},"featured_media":5327,"template":"","meta":[],"product_brand":[],"product_cat":[34,65],"product_tag":[64],"class_list":{"0":"post-5326","1":"product","2":"type-product","3":"status-publish","4":"has-post-thumbnail","6":"product_cat-gesundheit","7":"product_cat-koibehandlung","8":"product_tag-teichbakterien","9":"product_shipping_class-zubehoer","11":"first","12":"instock","13":"taxable","14":"shipping-taxable","15":"purchasable","16":"product-type-simple"},"_links":{"self":[{"href":"https:\/\/koisiegi.com\/index.php\/wp-json\/wp\/v2\/product\/5326","targetHints":{"allow":["GET"]}}],"collection":[{"href":"https:\/\/koisiegi.com\/index.php\/wp-json\/wp\/v2\/product"}],"about":[{"href":"https:\/\/koisiegi.com\/index.php\/wp-json\/wp\/v2\/types\/product"}],"wp:featuredmedia":[{"embeddable":true,"href":"https:\/\/koisiegi.com\/index.php\/wp-json\/wp\/v2\/media\/5327"}],"wp:attachment":[{"href":"https:\/\/koisiegi.com\/index.php\/wp-json\/wp\/v2\/media?parent=5326"}],"wp:term":[{"taxonomy":"product_brand","embeddable":true,"href":"https:\/\/koisiegi.com\/index.php\/wp-json\/wp\/v2\/product_brand?post=5326"},{"taxonomy":"product_cat","embeddable":true,"href":"https:\/\/koisiegi.com\/index.php\/wp-json\/wp\/v2\/product_cat?post=5326"},{"taxonomy":"product_tag","embeddable":true,"href":"https:\/\/koisiegi.com\/index.php\/wp-json\/wp\/v2\/product_tag?post=5326"}],"curies":[{"name":"wp","href":"https:\/\/api.w.org\/{rel}","templated":true}]}}