{"id":5268,"date":"2020-05-26T08:10:27","date_gmt":"2020-05-26T06:10:27","guid":{"rendered":"https:\/\/koisiegi.com\/?post_type=product&#038;p=5268"},"modified":"2024-09-11T16:06:53","modified_gmt":"2024-09-11T14:06:53","slug":"uvc-ersatzlampe-amalgam-40-80-watt","status":"publish","type":"product","link":"https:\/\/koisiegi.com\/index.php\/product\/uvc-ersatzlampe-amalgam-40-80-watt\/","title":{"rendered":"UVC Ersatzlampe Amalgam 40\/80 Watt"},"content":{"rendered":"<div class=\"content--title\">UVC Ersatzlampe Amalgam 80 Watt<\/div>\n<div class=\"product--description\">\n<p>Tauch UV-C Lampen haben einen gro\u00dfen Vorteil gegen\u00fcber herk\u00f6mmlichen UV-C Ger\u00e4ten: Sie bilden keinen Widerstand in derLeitung! Die Tauch UV-C kann einfach in den Filter oder Vortex gelegt werden, so dass Wasser vorbei str\u00f6men kann. Amalgam Tauch UVC haben gegn\u00fcber herk\u00f6mmlichen T5-Brenner mehrere Vorteile. Zum einen haben sie eine doppelt so lange Lebensdauer (16.000 Stunden) , sowie einen 2 x so starken Wirkungsgrad wie ein T5-Brenner. Die UVC-Leistung nimmt auch im Verh\u00e4ltnis zu einem T5-Brenner viel langsamer ab. Au\u00dferdem ist Amalgam energieeffizienter als\u00a0\u00fcbliche\u00a0UVC-Brenner, wodurch Sie Energie und gleichzeitig dadurch Geld sparen.<\/p>\n<p>Vorteile auf einen Blick:<\/p>\n<ul>\n<li>einfacher Einbau<\/li>\n<li>l\u00e4ngere Lebensdauer als T5-Brenner<\/li>\n<li>kein Widerstand in der Rohrleitung<\/li>\n<li>h\u00f6herer Wirkungsgrad<\/li>\n<li>einfache Reinigung des Quarzglases<\/li>\n<li>flexible Montage fast in jedem Filtersystem<\/li>\n<\/ul>\n<p>Achtung: Die\u00a0Reichweite der UV-C Strahlung ist begrenzt (Abh\u00e4ngig von u.a. der Klarheit des Wassers) so dass nur ein Teil des Wassers, welches\u00a0an der Lampe vorbei kommt, bestrahlt wird. Achten Sie immer darauf, dass die UV-C Strahlung nicht dem Auge ausgesetzt wird, tragen Sie hierzu eine\u00a0Schutzbrille und decken Sie den Filter\/Vortex o.\u00e4. immer ab. Schalten Sie das Ger\u00e4t aus bevor Sie sich diesem n\u00e4hern. Der\u00a0Verwender ist selbst\u00a0verantwortlich f\u00fcr die Gefahren bei der Aussetzung der UV-C Strahlung.<\/p>\n<p>Achtung: Die Lampe mu\u00df immer vollst\u00e4ndig unter Wasser getaucht sein!<br \/>\nDer Lampenfu\u00df hat \u00d832mm und kann ggf. mit 32mm Rohrschellen befestigt werden wenn die Lampe &#8222;lose&#8220; in einem Geh\u00e4use gebraucht wird. Das Amalgam Leuchtmittel\u00a0hat eine Lebensdauer von ca.16.000 Brennstunden.. Es ist auch eine spezielle Halterung zu\u00a0bekommen, sodass die Lampe direkt in ein Geh\u00e4use geschraubt werden kann (Tankdurchf\u00fchrung f\u00fcr Tauch-UVC). Hierf\u00fcr wird ein Loch von \u00b1 48mm ben\u00f6tigt.<\/p>\n<p>Wichtiger Sicherheitshinweis:<\/p>\n<p>Xclear (AquaForte) Tauch UVC Lampen entsprechen NICHT den geltenden DIN Normen. Der Bausatz wird ohne Stecker geliefert und muss durch einen anerkannten Fachbetrieb nach DIN EN 60335 installiert werden.<\/p>\n<p>F\u00fcr Sch\u00e4den, die durch den Zusammenbau und der Inbetriebnahme erfolgen, haftet der Kunde bzw. der Elektrofachbetrieb in vollem Umfang! Die Lieferung des Bausatzes erfolgt ohne Gebrauchsanleitung.<\/p>\n<p>Sicherheitszubeh\u00f6r (z.B. Schutzbrille, Handschutz)\u00a0 liegt dem Bausatz nicht bei. Unter unseren Zubeh\u00f6rteilen finden Sie zus\u00e4tzlich einen geerdeten Gummistecker und die ben\u00f6tigte Schutzbrille.<\/p>\n<\/div>\n<p>&nbsp;<\/p>\n<div><\/div>\n<div class=\"product--description\">\n<p>&nbsp;<\/p>\n<p>&nbsp;<\/p>\n<\/div>\n","protected":false},"excerpt":{"rendered":"<p>UVC Ersatzlampe Amalgam 40\/80 Watt<\/p>\n","protected":false},"featured_media":11912,"template":"","meta":[],"product_brand":[],"product_cat":[60,39],"product_tag":[61],"class_list":{"0":"post-5268","1":"product","2":"type-product","3":"status-publish","4":"has-post-thumbnail","6":"product_cat-uvc","7":"product_cat-zubehoer","8":"product_tag-uvc","9":"product_shipping_class-zubehoer","11":"first","12":"instock","13":"taxable","14":"shipping-taxable","15":"purchasable","16":"product-type-variable"},"_links":{"self":[{"href":"https:\/\/koisiegi.com\/index.php\/wp-json\/wp\/v2\/product\/5268","targetHints":{"allow":["GET"]}}],"collection":[{"href":"https:\/\/koisiegi.com\/index.php\/wp-json\/wp\/v2\/product"}],"about":[{"href":"https:\/\/koisiegi.com\/index.php\/wp-json\/wp\/v2\/types\/product"}],"wp:featuredmedia":[{"embeddable":true,"href":"https:\/\/koisiegi.com\/index.php\/wp-json\/wp\/v2\/media\/11912"}],"wp:attachment":[{"href":"https:\/\/koisiegi.com\/index.php\/wp-json\/wp\/v2\/media?parent=5268"}],"wp:term":[{"taxonomy":"product_brand","embeddable":true,"href":"https:\/\/koisiegi.com\/index.php\/wp-json\/wp\/v2\/product_brand?post=5268"},{"taxonomy":"product_cat","embeddable":true,"href":"https:\/\/koisiegi.com\/index.php\/wp-json\/wp\/v2\/product_cat?post=5268"},{"taxonomy":"product_tag","embeddable":true,"href":"https:\/\/koisiegi.com\/index.php\/wp-json\/wp\/v2\/product_tag?post=5268"}],"curies":[{"name":"wp","href":"https:\/\/api.w.org\/{rel}","templated":true}]}}