{"id":5253,"date":"2020-05-19T16:33:07","date_gmt":"2020-05-19T14:33:07","guid":{"rendered":"https:\/\/koisiegi.com\/?post_type=product&#038;p=5253"},"modified":"2025-07-09T16:48:41","modified_gmt":"2025-07-09T14:48:41","slug":"inspektionswanne-2","status":"publish","type":"product","link":"https:\/\/koisiegi.com\/index.php\/product\/inspektionswanne-2\/","title":{"rendered":"Inspektionswanne 65cm"},"content":{"rendered":"<p>Die Wannen sind zur Pr\u00e4sentation oder zur Gesundheitskontrolle Ihrer Fische sehr gut geeignet.<\/p>\n<p>Als Zubeh\u00f6r ist ein Abdecknetz mit Rei\u00dfverschluss erh\u00e4ltlich, um das Herausspringen der Fische zu verhindern.<\/p>\n<p>Techn. Daten:<br \/>\nMaterial: Kunststoff<br \/>\nFarbe: blau Innen mit 65cm L\u00e4nge Messl\u00e4nge<\/p>\n","protected":false},"excerpt":{"rendered":"<p>Inspektionswanne 65cm zum Vermessen von Koi bis zu 65-70cm<\/p>\n<p>UV-Stabil,<\/p>\n","protected":false},"featured_media":5254,"template":"","meta":[],"product_brand":[],"product_cat":[54,39],"product_tag":[53],"class_list":{"0":"post-5253","1":"product","2":"type-product","3":"status-publish","4":"has-post-thumbnail","6":"product_cat-inspektionswannen","7":"product_cat-zubehoer","8":"product_tag-inspektionswanne","9":"product_shipping_class-zubehoer","11":"first","12":"instock","13":"taxable","14":"shipping-taxable","15":"purchasable","16":"product-type-simple"},"_links":{"self":[{"href":"https:\/\/koisiegi.com\/index.php\/wp-json\/wp\/v2\/product\/5253","targetHints":{"allow":["GET"]}}],"collection":[{"href":"https:\/\/koisiegi.com\/index.php\/wp-json\/wp\/v2\/product"}],"about":[{"href":"https:\/\/koisiegi.com\/index.php\/wp-json\/wp\/v2\/types\/product"}],"wp:featuredmedia":[{"embeddable":true,"href":"https:\/\/koisiegi.com\/index.php\/wp-json\/wp\/v2\/media\/5254"}],"wp:attachment":[{"href":"https:\/\/koisiegi.com\/index.php\/wp-json\/wp\/v2\/media?parent=5253"}],"wp:term":[{"taxonomy":"product_brand","embeddable":true,"href":"https:\/\/koisiegi.com\/index.php\/wp-json\/wp\/v2\/product_brand?post=5253"},{"taxonomy":"product_cat","embeddable":true,"href":"https:\/\/koisiegi.com\/index.php\/wp-json\/wp\/v2\/product_cat?post=5253"},{"taxonomy":"product_tag","embeddable":true,"href":"https:\/\/koisiegi.com\/index.php\/wp-json\/wp\/v2\/product_tag?post=5253"}],"curies":[{"name":"wp","href":"https:\/\/api.w.org\/{rel}","templated":true}]}}