{"id":5245,"date":"2020-05-19T16:24:22","date_gmt":"2020-05-19T14:24:22","guid":{"rendered":"https:\/\/koisiegi.com\/?post_type=product&#038;p=5245"},"modified":"2025-07-20T16:37:14","modified_gmt":"2025-07-20T14:37:14","slug":"inspektionswanne","status":"publish","type":"product","link":"https:\/\/koisiegi.com\/index.php\/product\/inspektionswanne\/","title":{"rendered":"Inspektionswanne blau 45-80cm"},"content":{"rendered":"<p>Inspektionswanne\u00a0 blau<\/p>\n<p>Die Wannen sind zur Pr\u00e4sentation oder zur Gesundheitskontrolle Ihrer Fische sehr gut geeignet.<\/p>\n<p>Als Zubeh\u00f6r ist ein Abdecknetz mit Rei\u00dfverschluss erh\u00e4ltlich, um das Herausspringen der Fische zu verhindern.<\/p>\n<p>Techn. Daten:<br \/>\nMaterial: Kunststoff<br \/>\nFarbe: blau<\/p>\n","protected":false},"excerpt":{"rendered":"<p>Inspektionswanne blau f\u00fcr Visiten, Behandlungen und der gleichen<\/p>\n<p>Robust und UV-Stabil.<\/p>\n","protected":false},"featured_media":5255,"template":"","meta":[],"product_brand":[],"product_cat":[54,39],"product_tag":[53],"class_list":{"0":"post-5245","1":"product","2":"type-product","3":"status-publish","4":"has-post-thumbnail","6":"product_cat-inspektionswannen","7":"product_cat-zubehoer","8":"product_tag-inspektionswanne","9":"product_shipping_class-zubehoer","11":"first","12":"instock","13":"taxable","14":"shipping-taxable","15":"purchasable","16":"product-type-variable"},"_links":{"self":[{"href":"https:\/\/koisiegi.com\/index.php\/wp-json\/wp\/v2\/product\/5245","targetHints":{"allow":["GET"]}}],"collection":[{"href":"https:\/\/koisiegi.com\/index.php\/wp-json\/wp\/v2\/product"}],"about":[{"href":"https:\/\/koisiegi.com\/index.php\/wp-json\/wp\/v2\/types\/product"}],"wp:featuredmedia":[{"embeddable":true,"href":"https:\/\/koisiegi.com\/index.php\/wp-json\/wp\/v2\/media\/5255"}],"wp:attachment":[{"href":"https:\/\/koisiegi.com\/index.php\/wp-json\/wp\/v2\/media?parent=5245"}],"wp:term":[{"taxonomy":"product_brand","embeddable":true,"href":"https:\/\/koisiegi.com\/index.php\/wp-json\/wp\/v2\/product_brand?post=5245"},{"taxonomy":"product_cat","embeddable":true,"href":"https:\/\/koisiegi.com\/index.php\/wp-json\/wp\/v2\/product_cat?post=5245"},{"taxonomy":"product_tag","embeddable":true,"href":"https:\/\/koisiegi.com\/index.php\/wp-json\/wp\/v2\/product_tag?post=5245"}],"curies":[{"name":"wp","href":"https:\/\/api.w.org\/{rel}","templated":true}]}}