{"id":5231,"date":"2020-05-09T17:47:34","date_gmt":"2020-05-09T15:47:34","guid":{"rendered":"https:\/\/koisiegi.com\/?post_type=product&#038;p=5231"},"modified":"2024-09-16T13:23:46","modified_gmt":"2024-09-16T11:23:46","slug":"phosphatreduzierer-streudose","status":"publish","type":"product","link":"https:\/\/koisiegi.com\/index.php\/product\/phosphatreduzierer-streudose\/","title":{"rendered":"Phosphatreduzierer Streudose"},"content":{"rendered":"<p>Phosphatreduzierer bindet das Phosphat, das somit den Algen als Nahrungsquelle nicht zur Verf\u00fcgung steht. Damit beugen Sie \u00fcberm\u00e4\u00dfigem Algenwachstum effektiv vor.<\/p>\n","protected":false},"excerpt":{"rendered":"<p>Phosphatreduzierer Streudose<\/p>\n","protected":false},"featured_media":5232,"template":"","meta":[],"product_brand":[],"product_cat":[34,40],"product_tag":[42],"class_list":{"0":"post-5231","1":"product","2":"type-product","3":"status-publish","4":"has-post-thumbnail","6":"product_cat-gesundheit","7":"product_cat-wasserbehandlung","8":"product_tag-gesundheit","9":"product_shipping_class-zubehoer","11":"first","12":"instock","13":"taxable","14":"shipping-taxable","15":"purchasable","16":"product-type-simple"},"_links":{"self":[{"href":"https:\/\/koisiegi.com\/index.php\/wp-json\/wp\/v2\/product\/5231","targetHints":{"allow":["GET"]}}],"collection":[{"href":"https:\/\/koisiegi.com\/index.php\/wp-json\/wp\/v2\/product"}],"about":[{"href":"https:\/\/koisiegi.com\/index.php\/wp-json\/wp\/v2\/types\/product"}],"wp:featuredmedia":[{"embeddable":true,"href":"https:\/\/koisiegi.com\/index.php\/wp-json\/wp\/v2\/media\/5232"}],"wp:attachment":[{"href":"https:\/\/koisiegi.com\/index.php\/wp-json\/wp\/v2\/media?parent=5231"}],"wp:term":[{"taxonomy":"product_brand","embeddable":true,"href":"https:\/\/koisiegi.com\/index.php\/wp-json\/wp\/v2\/product_brand?post=5231"},{"taxonomy":"product_cat","embeddable":true,"href":"https:\/\/koisiegi.com\/index.php\/wp-json\/wp\/v2\/product_cat?post=5231"},{"taxonomy":"product_tag","embeddable":true,"href":"https:\/\/koisiegi.com\/index.php\/wp-json\/wp\/v2\/product_tag?post=5231"}],"curies":[{"name":"wp","href":"https:\/\/api.w.org\/{rel}","templated":true}]}}