{"id":5229,"date":"2020-05-09T17:42:44","date_gmt":"2020-05-09T15:42:44","guid":{"rendered":"https:\/\/koisiegi.com\/?post_type=product&#038;p=5229"},"modified":"2024-09-16T13:22:58","modified_gmt":"2024-09-16T11:22:58","slug":"kombi-schlammkiller","status":"publish","type":"product","link":"https:\/\/koisiegi.com\/index.php\/product\/kombi-schlammkiller\/","title":{"rendered":"Kombi Schlammkiller"},"content":{"rendered":"<div class=\"std\">\n<p>Teichpflege leicht gemacht. Kombi Schlammkiller ist ein vielseitiges Produkt, das die Pflege des Teiches denkbar einfach macht!<\/p>\n<p>Aktive nat\u00fcrliche Hochleistungs-Mikroorganismen und sauerstoffbildende Substanzen reduzieren Schlammablagerungen, die am Teichgrund entstehen (z.B. durch verrottende Pflanzenteile, Fischkot, Laub, Futterreste, etc.). Dadurch k\u00f6nnen sich keine f\u00fcr Teichlebewesen giftigen Faulgase bilden. Gleichzeitig wird der Sauerstoffgehalt des Teichwassers reguliert. Bei Neueinrichtung, einem Wasserwechsel (auch Teilwasserwechsel) oder einer Medikamentenbehandlung wird die Einstellung des \u00f6kologischen Gleichgewichtes beschleunigt.<\/p>\n<p>Die einzigartige Wirkungsweise von <strong>KOMBI SCHLAMMKILLER<\/strong> macht den Einsatz vieler verschiedener Einzelprodukte \u00fcberfl\u00fcssig.<\/p>\n<p><strong>Anwendung:<\/strong><br \/>\nKombi Schlammkiller bestm\u00f6glich verteilt \u00fcber den Teich einstreuen.\u00a0Das Granulat sinkt ab und wirkt vom Teichgrund aus.<\/p>\n<p>F\u00fcr Kinder unzug\u00e4nglich aufbewahren! Chargen-Nr. und Haltbarkeit: siehe Etikett. Lagerung trocken, frostfrei und nicht \u00fcber 35\u00b0 C. F\u00fcr unsachgem\u00e4\u00dfe Lagerung und Anwendung kann keine Haftung \u00fcbernommen werden.<\/p>\n<\/div>\n","protected":false},"excerpt":{"rendered":"<p>Kombi Schlammkiller<\/p>\n","protected":false},"featured_media":5230,"template":"","meta":[],"product_brand":[],"product_cat":[34,40],"product_tag":[42],"class_list":{"0":"post-5229","1":"product","2":"type-product","3":"status-publish","4":"has-post-thumbnail","6":"product_cat-gesundheit","7":"product_cat-wasserbehandlung","8":"product_tag-gesundheit","9":"product_shipping_class-zubehoer","11":"first","12":"instock","13":"taxable","14":"shipping-taxable","15":"purchasable","16":"product-type-simple"},"_links":{"self":[{"href":"https:\/\/koisiegi.com\/index.php\/wp-json\/wp\/v2\/product\/5229","targetHints":{"allow":["GET"]}}],"collection":[{"href":"https:\/\/koisiegi.com\/index.php\/wp-json\/wp\/v2\/product"}],"about":[{"href":"https:\/\/koisiegi.com\/index.php\/wp-json\/wp\/v2\/types\/product"}],"wp:featuredmedia":[{"embeddable":true,"href":"https:\/\/koisiegi.com\/index.php\/wp-json\/wp\/v2\/media\/5230"}],"wp:attachment":[{"href":"https:\/\/koisiegi.com\/index.php\/wp-json\/wp\/v2\/media?parent=5229"}],"wp:term":[{"taxonomy":"product_brand","embeddable":true,"href":"https:\/\/koisiegi.com\/index.php\/wp-json\/wp\/v2\/product_brand?post=5229"},{"taxonomy":"product_cat","embeddable":true,"href":"https:\/\/koisiegi.com\/index.php\/wp-json\/wp\/v2\/product_cat?post=5229"},{"taxonomy":"product_tag","embeddable":true,"href":"https:\/\/koisiegi.com\/index.php\/wp-json\/wp\/v2\/product_tag?post=5229"}],"curies":[{"name":"wp","href":"https:\/\/api.w.org\/{rel}","templated":true}]}}