{"id":5206,"date":"2020-05-06T14:29:23","date_gmt":"2020-05-06T12:29:23","guid":{"rendered":"https:\/\/koisiegi.com\/?post_type=product&#038;p=5206"},"modified":"2026-03-16T17:52:20","modified_gmt":"2026-03-16T16:52:20","slug":"trommelfilter-mit-biostufe-cl50","status":"publish","type":"product","link":"https:\/\/koisiegi.com\/index.php\/product\/trommelfilter-mit-biostufe-cl50\/","title":{"rendered":"Trommelfilter mit Biostufe CL50"},"content":{"rendered":"<p>Preise und Ausf\u00fchrungen auf Anfrage,<\/p>\n<p>Standard Ein- und Ausg\u00e4nge gem. Zeichnung<br \/>\n\u00c4nderungen Ein- und Ausg\u00e4nge nach Absprache m\u00f6glich<br \/>\n1 x 110 mm Schmutzablauf<br \/>\nDurchmesser der Trommel 60 cm x 40 cm<br \/>\nPatentiertes 75 micron Edelstahlsieb<br \/>\n2 x 90 mm Trommel-Bypass<br \/>\nSpr\u00fchd\u00fcsen austauschbar<br \/>\nDemontierbare Sp\u00fclrinne<br \/>\nEingebaute Sp\u00fclpumpe 5 Bar<br \/>\nMoving Bed Kammer f\u00fcr 300 Liter Helix (Helix ist optional)<br \/>\nEingebaute Luftscheibe 35 cm Durchmesser<br \/>\n50 NM Antriebsmotor mit 4 u\/min<br \/>\nDeckel im Lieferumfang enthalten<\/p>\n<p>Steuerung:<\/p>\n<p>Automatische Reinigung, plug and Play \u00fcber Sensor mit Me\u00dfstiften<br \/>\nManuelle Sp\u00fclung \u00fcber Sp\u00fclknopf m\u00f6glich<br \/>\nReinigung (Zeit\/Dauer) ist einstellbar<br \/>\nSp\u00fclniveau ist einstellbar<br \/>\n3 Steckdosen f\u00fcr Sp\u00fclpumpe, Teichpumpe und Motor enthalten<br \/>\nStandard Trockenlaufschutz f\u00fcr Teichpumpe<br \/>\nAlle Filtermodule k\u00f6nnen ausgetauscht werden<br \/>\nFilterlieferung mit ausf\u00fchrlicher Gebrauchsanleitung<br \/>\nCE-Zeichen vorhanden<\/p>\n<p>Technische Daten CL50<\/p>\n<p>Max. Durchfluss 50 m3\/h<br \/>\nSchwerkraft \/ Airlift \/ Pumpversion<br \/>\nGepumpte Version mit 30% Kapazit\u00e4tsverlust!<br \/>\nWasserspiegel \u00dcberstand 14 cm<\/p>\n<p>Material:<\/p>\n<p>Filterkammer PP 10\/15 mm \/ Trommel PP 15 mm<br \/>\nEdelstahl 316\/304 \/ Silikondichtungen<br \/>\nPP-Geh\u00e4use mit CNC-Maschine geschnitten<\/p>\n<p>2 Jahre Garantie (nicht auf das Sieb!)<\/p>\n<p>&nbsp;<\/p>\n<p>&nbsp;<\/p>\n<p>&nbsp;<\/p>\n","protected":false},"excerpt":{"rendered":"<p>Trommelfilter mit Biostufe CL50 Preise auf Anfrage<\/p>\n","protected":false},"featured_media":5207,"template":"","meta":[],"product_brand":[],"product_cat":[142,52],"product_tag":[50,51],"class_list":{"0":"post-5206","1":"product","2":"type-product","3":"status-publish","4":"has-post-thumbnail","6":"product_cat-filtertechnik-zubehoer","7":"product_cat-trommelfiltermodulfilter","8":"product_tag-modulfilter","9":"product_tag-trommelfilter","11":"first","12":"outofstock","13":"taxable","14":"shipping-taxable","15":"purchasable","16":"product-type-simple"},"_links":{"self":[{"href":"https:\/\/koisiegi.com\/index.php\/wp-json\/wp\/v2\/product\/5206","targetHints":{"allow":["GET"]}}],"collection":[{"href":"https:\/\/koisiegi.com\/index.php\/wp-json\/wp\/v2\/product"}],"about":[{"href":"https:\/\/koisiegi.com\/index.php\/wp-json\/wp\/v2\/types\/product"}],"wp:featuredmedia":[{"embeddable":true,"href":"https:\/\/koisiegi.com\/index.php\/wp-json\/wp\/v2\/media\/5207"}],"wp:attachment":[{"href":"https:\/\/koisiegi.com\/index.php\/wp-json\/wp\/v2\/media?parent=5206"}],"wp:term":[{"taxonomy":"product_brand","embeddable":true,"href":"https:\/\/koisiegi.com\/index.php\/wp-json\/wp\/v2\/product_brand?post=5206"},{"taxonomy":"product_cat","embeddable":true,"href":"https:\/\/koisiegi.com\/index.php\/wp-json\/wp\/v2\/product_cat?post=5206"},{"taxonomy":"product_tag","embeddable":true,"href":"https:\/\/koisiegi.com\/index.php\/wp-json\/wp\/v2\/product_tag?post=5206"}],"curies":[{"name":"wp","href":"https:\/\/api.w.org\/{rel}","templated":true}]}}