{"id":5142,"date":"2020-05-03T11:10:33","date_gmt":"2020-05-03T09:10:33","guid":{"rendered":"https:\/\/koisiegi.com\/?post_type=product&#038;p=5142"},"modified":"2024-09-16T12:18:03","modified_gmt":"2024-09-16T10:18:03","slug":"bioreaktor-rieselfiler-inkl-fuellpaket-und-beluefter-ring","status":"publish","type":"product","link":"https:\/\/koisiegi.com\/index.php\/product\/bioreaktor-rieselfiler-inkl-fuellpaket-und-beluefter-ring\/","title":{"rendered":"Bioreaktor-Rieselfiler inkl. F\u00fcllpaket und Bel\u00fcfter"},"content":{"rendered":"<p>Beschreibung auf einen Reaktor der Gr\u00f6\u00dfe \u00d8600mm \/ H 1500mm inkl. F\u00fcllpaket\u00a0 979,00 \u20ac<\/p>\n<p>Urspr\u00fcnglich stammen diese Filteranlagen aus der Aquakultur und der exzessiven Fischzucht.<\/p>\n<p>Seit einigen Jahren kommen diese Anlagen auch bei Koiteichen und H\u00e4lterungsanlagen zum Einsatz\u2026zu Recht!!!<\/p>\n<p>Die enorme Filterleistung auf kleinstem Raum, sucht ihres gleichen. Es k\u00f6nnen mehrere Filterarten in nur einem Filter angewandt werden, z.B. ein Rieselfilter im obere Teil und ein statischer, getauchter Hel-X Filter im unteren Bereich.<\/p>\n<p>Wir betreiben diese Filterart in unserer eigenen Anlage seit mehreren Jahren mit gro\u00dfem Erfolg.<\/p>\n<p>Unser Angebot umfasst 5 Standarddurchmesser von \u00d8600-1500mm und einer H\u00f6he von 1500-2000mm. Sonderanfertigungen mit abweichenden Ma\u00dfen sind auf Anfrage m\u00f6glich<\/p>\n<p>Wir bieten Komplettversion an, diese beinhaltet den Rundbeh\u00e4lter, Deckel und 3 Rohranschl\u00fcsse nach Ihrer Wahl (bis DN 200), die untere Tr\u00e4gerplatte, F\u00fcllpaket, die obere Verteilerplatte sowie einen passenden japanischen Bel\u00fcftungsring<\/p>\n<p>&nbsp;<\/p>\n<p>14 Tage Lieferzeit<\/p>\n<p>Preise ab 979,00 \u20ac &#8211; 4199,00\u20ac, Weitere Preise auf Anfrage<\/p>\n<p>von \u00a0\u00d8 600mm \/ H 1500mm \u00a0\u2013 \u00a0bis \u00d8 1500mm \/ H 2000mm<\/p>\n","protected":false},"excerpt":{"rendered":"<p>Bioreaktor-Rieselfiler inkl. F\u00fcllpaket und Bel\u00fcfter<\/p>\n","protected":false},"featured_media":5143,"template":"","meta":[],"product_brand":[],"product_cat":[47,142],"product_tag":[46,43],"class_list":{"0":"post-5142","1":"product","2":"type-product","3":"status-publish","4":"has-post-thumbnail","6":"product_cat-biokammer","7":"product_cat-filtertechnik-zubehoer","8":"product_tag-biokammer","9":"product_tag-filter","11":"first","12":"instock","13":"taxable","14":"shipping-taxable","15":"purchasable","16":"product-type-simple"},"_links":{"self":[{"href":"https:\/\/koisiegi.com\/index.php\/wp-json\/wp\/v2\/product\/5142","targetHints":{"allow":["GET"]}}],"collection":[{"href":"https:\/\/koisiegi.com\/index.php\/wp-json\/wp\/v2\/product"}],"about":[{"href":"https:\/\/koisiegi.com\/index.php\/wp-json\/wp\/v2\/types\/product"}],"wp:featuredmedia":[{"embeddable":true,"href":"https:\/\/koisiegi.com\/index.php\/wp-json\/wp\/v2\/media\/5143"}],"wp:attachment":[{"href":"https:\/\/koisiegi.com\/index.php\/wp-json\/wp\/v2\/media?parent=5142"}],"wp:term":[{"taxonomy":"product_brand","embeddable":true,"href":"https:\/\/koisiegi.com\/index.php\/wp-json\/wp\/v2\/product_brand?post=5142"},{"taxonomy":"product_cat","embeddable":true,"href":"https:\/\/koisiegi.com\/index.php\/wp-json\/wp\/v2\/product_cat?post=5142"},{"taxonomy":"product_tag","embeddable":true,"href":"https:\/\/koisiegi.com\/index.php\/wp-json\/wp\/v2\/product_tag?post=5142"}],"curies":[{"name":"wp","href":"https:\/\/api.w.org\/{rel}","templated":true}]}}