{"id":5131,"date":"2020-05-01T15:24:50","date_gmt":"2020-05-01T13:24:50","guid":{"rendered":"https:\/\/koisiegi.com\/?post_type=product&#038;p=5131"},"modified":"2024-09-16T13:22:40","modified_gmt":"2024-09-16T11:22:40","slug":"faden-algenkiller","status":"publish","type":"product","link":"https:\/\/koisiegi.com\/index.php\/product\/faden-algenkiller\/","title":{"rendered":"FADEN-ALGENKILLER"},"content":{"rendered":"<p>Fadenalgen sind eines der Hauptprobleme in Teichen! DAMIT IST JETZT SCHLUSS! Wir haben die \u00f6kologisch hochwertige L\u00f6sung f\u00fcr die gezielte Entfernung von Fadenalgen! NUR das von Weitz-Wasserwelt entwickelte ORIGINAL in der praktischen Streudose erm\u00f6glicht eine gezielte Dosierung f\u00fcr die erfolgreiche Entfernung von Fadenalgen in Teichen, Bachl\u00e4ufen und Flachwasserzonen.<\/p>\n<p>500 gr des Granulates sind ausreichend f\u00fcr max. 10.000 lt.<\/p>\n<ul>\n<li>Enth\u00e4lt Aktiv-Sauerstoff mit informiertem Bioelement Silizium<\/li>\n<li>Nat\u00fcrliche, nicht genmanipulierte Hochleistungs-Mikroorganismen<\/li>\n<li>Biologisch abbaubar<\/li>\n<li>Frei von Schwermetallzus\u00e4tzen<\/li>\n<li>Sorgt f\u00fcr beste Wasserqualit\u00e4t<\/li>\n<li>Seerosen werden nicht beeintr\u00e4chtigt.<\/li>\n<\/ul>\n","protected":false},"excerpt":{"rendered":"<p>FADEN-ALGENKILLER<\/p>\n","protected":false},"featured_media":5234,"template":"","meta":[],"product_brand":[],"product_cat":[34,40],"product_tag":[42],"class_list":{"0":"post-5131","1":"product","2":"type-product","3":"status-publish","4":"has-post-thumbnail","6":"product_cat-gesundheit","7":"product_cat-wasserbehandlung","8":"product_tag-gesundheit","9":"product_shipping_class-zubehoer","11":"first","12":"instock","13":"taxable","14":"shipping-taxable","15":"purchasable","16":"product-type-simple"},"_links":{"self":[{"href":"https:\/\/koisiegi.com\/index.php\/wp-json\/wp\/v2\/product\/5131","targetHints":{"allow":["GET"]}}],"collection":[{"href":"https:\/\/koisiegi.com\/index.php\/wp-json\/wp\/v2\/product"}],"about":[{"href":"https:\/\/koisiegi.com\/index.php\/wp-json\/wp\/v2\/types\/product"}],"wp:featuredmedia":[{"embeddable":true,"href":"https:\/\/koisiegi.com\/index.php\/wp-json\/wp\/v2\/media\/5234"}],"wp:attachment":[{"href":"https:\/\/koisiegi.com\/index.php\/wp-json\/wp\/v2\/media?parent=5131"}],"wp:term":[{"taxonomy":"product_brand","embeddable":true,"href":"https:\/\/koisiegi.com\/index.php\/wp-json\/wp\/v2\/product_brand?post=5131"},{"taxonomy":"product_cat","embeddable":true,"href":"https:\/\/koisiegi.com\/index.php\/wp-json\/wp\/v2\/product_cat?post=5131"},{"taxonomy":"product_tag","embeddable":true,"href":"https:\/\/koisiegi.com\/index.php\/wp-json\/wp\/v2\/product_tag?post=5131"}],"curies":[{"name":"wp","href":"https:\/\/api.w.org\/{rel}","templated":true}]}}