{"id":5110,"date":"2020-04-30T13:35:27","date_gmt":"2020-04-30T11:35:27","guid":{"rendered":"https:\/\/koisiegi.com\/?post_type=product&amp;p=5110"},"modified":"2020-04-30T13:35:27","modified_gmt":"2020-04-30T11:35:27","slug":"koi-brush-laichbuerste-120-x-14-cm","status":"publish","type":"product","link":"https:\/\/koisiegi.com\/index.php\/product\/koi-brush-laichbuerste-120-x-14-cm\/","title":{"rendered":"Laichb\u00fcrste 120&#215;14 cm (2 St\u00fcck)"},"content":{"rendered":"<p>Koi Brush Laichb\u00fcrste 120 x 14 cm (2 St\u00fcck)<\/p>\n<p>Koi Brush\u00a0Laichb\u00fcrsten sind stabil, sehr dicht und bestehen aus weichen, glatten Fasern<br \/>\ndamit sich die Fische beim Ablaichen nicht verletzen k\u00f6nnen.<\/p>\n<p>Rostfreie Edelstahldr\u00e4hte sind zu einer zylindrischen Form eingedreht.<br \/>\nAn\u00a0beiden Enden\u00a0sind zur einfachen Befestigung Kunststoff-\u00d6sen angebracht.<br \/>\nDurch Verbinden der \u00d6sen lassen sich die Laichb\u00fcrsten auch beliebig verl\u00e4ngern.<\/p>\n<p><span style=\"text-decoration: underline;\">Unser Tipp:<br \/>\n<\/span>Legen Sie die Ablaichb\u00fcrste w\u00e4hrend der Fortpflanzungssaison von April bis Juni in eine flachere Zone (Pflanzenbereich) des Teiches und lassen Sie die beiden Enden der B\u00fcrste zum Befestigen aus dem Wasser ragen .<br \/>\nUnmittelbar nach dem Ablaichen sollte die B\u00fcrste entweder an eine f\u00fcr die Fische unerreichbare Stelle im Teich platziert werden, oder Sie\u00a0legen Sie in ein extra vorbereitetes Aufzuchtsbecken mit Teichwasser.<br \/>\nUm einer Laichverpilzung vorzubeugen sollte die B\u00fcrste immer gut mit viel Sauerstoff angereichertem Teichwasser durchstr\u00f6mt werden. Auch eine Desinfektion des Wassers ist zu empfehlen.<\/p>\n<p><span style=\"text-decoration: underline;\">Daten:<\/span><strong><span style=\"text-decoration: underline;\"><br \/>\n<\/span><\/strong>Gr\u00f6\u00dfe (\u00d8xL): 14 x 120 cm<br \/>\nAusf\u00fchrung: Enden mit Kunststoff-\u00d6sen<br \/>\nFarbe:\u00a0gr\u00fcn<br \/>\nInhalt: 2 St\u00fcck<\/p>\n","protected":false},"excerpt":{"rendered":"<p>Laichb\u00fcrste 120&#215;14 cm (2 St\u00fcck)<\/p>\n","protected":false},"featured_media":5111,"template":"","meta":[],"product_brand":[],"product_cat":[39],"product_tag":[41],"class_list":{"0":"post-5110","1":"product","2":"type-product","3":"status-publish","4":"has-post-thumbnail","6":"product_cat-zubehoer","7":"product_tag-laichbuerste","8":"product_shipping_class-zubehoer","10":"first","11":"instock","12":"taxable","13":"shipping-taxable","14":"purchasable","15":"product-type-simple"},"_links":{"self":[{"href":"https:\/\/koisiegi.com\/index.php\/wp-json\/wp\/v2\/product\/5110","targetHints":{"allow":["GET"]}}],"collection":[{"href":"https:\/\/koisiegi.com\/index.php\/wp-json\/wp\/v2\/product"}],"about":[{"href":"https:\/\/koisiegi.com\/index.php\/wp-json\/wp\/v2\/types\/product"}],"wp:featuredmedia":[{"embeddable":true,"href":"https:\/\/koisiegi.com\/index.php\/wp-json\/wp\/v2\/media\/5111"}],"wp:attachment":[{"href":"https:\/\/koisiegi.com\/index.php\/wp-json\/wp\/v2\/media?parent=5110"}],"wp:term":[{"taxonomy":"product_brand","embeddable":true,"href":"https:\/\/koisiegi.com\/index.php\/wp-json\/wp\/v2\/product_brand?post=5110"},{"taxonomy":"product_cat","embeddable":true,"href":"https:\/\/koisiegi.com\/index.php\/wp-json\/wp\/v2\/product_cat?post=5110"},{"taxonomy":"product_tag","embeddable":true,"href":"https:\/\/koisiegi.com\/index.php\/wp-json\/wp\/v2\/product_tag?post=5110"}],"curies":[{"name":"wp","href":"https:\/\/api.w.org\/{rel}","templated":true}]}}