{"id":5077,"date":"2020-04-30T09:19:38","date_gmt":"2020-04-30T07:19:38","guid":{"rendered":"https:\/\/koisiegi.com\/?post_type=product&#038;p=5077"},"modified":"2024-09-16T12:58:44","modified_gmt":"2024-09-16T10:58:44","slug":"vitalicin","status":"publish","type":"product","link":"https:\/\/koisiegi.com\/index.php\/product\/vitalicin\/","title":{"rendered":"VITALICIN 250G"},"content":{"rendered":"<div class=\"std\">\n<p>VITALICIN\u00ae ist in Teichen und f\u00fcr alle Zierfische einsetzbar. Es ist ein reines Naturprodukt auf Kr\u00e4uterbasis. Es wirkt als Wasserpflegeprodukt aufbauend und unterst\u00fctzt die Vitalit\u00e4t und Gesundheit der Fische. Als Vorbeugung f\u00fcr gesunde und vitale Fische ist VITALICIN\u00ae unverzichtbar.<\/p>\n<p>Anwendung: Zur Vorbeugung werden ca. 100g in bis zu 10.000 Liter Teichwasser eingesetzt. Die Dosis kann bis auf 500g in max. 10.000 Liter Teichwasser erh\u00f6ht werden. Entsprechende Dosierung bei anderen Volumen.<\/p>\n<p>VITALICIN\u00ae mit bis zu 5 Liter hei\u00dfem Wasser in einem Gef\u00e4\u00df \u00fcber br\u00fchen und ca. 10 Minuten ziehen lassen. Den Sud nach dem Abk\u00fchlen gleichm\u00e4\u00dfig im Teich verteilen. Bei Bedarf ist die Anwendung zu wiederholen und eine entsprechende Nachdosierung vorzunehmen.<\/p>\n<p>&nbsp;<\/p>\n<p>Kindersicher aufbewahren!<\/p>\n<\/div>\n","protected":false},"excerpt":{"rendered":"<p>VITALICIN 250G<\/p>\n","protected":false},"featured_media":5105,"template":"","meta":[],"product_brand":[],"product_cat":[34,35],"product_tag":[36,37],"class_list":{"0":"post-5077","1":"product","2":"type-product","3":"status-publish","4":"has-post-thumbnail","6":"product_cat-gesundheit","7":"product_cat-teichpflege","8":"product_tag-wasserpflege","9":"product_tag-zubehoer","10":"product_shipping_class-zubehoer","12":"first","13":"instock","14":"taxable","15":"shipping-taxable","16":"purchasable","17":"product-type-simple"},"_links":{"self":[{"href":"https:\/\/koisiegi.com\/index.php\/wp-json\/wp\/v2\/product\/5077","targetHints":{"allow":["GET"]}}],"collection":[{"href":"https:\/\/koisiegi.com\/index.php\/wp-json\/wp\/v2\/product"}],"about":[{"href":"https:\/\/koisiegi.com\/index.php\/wp-json\/wp\/v2\/types\/product"}],"wp:featuredmedia":[{"embeddable":true,"href":"https:\/\/koisiegi.com\/index.php\/wp-json\/wp\/v2\/media\/5105"}],"wp:attachment":[{"href":"https:\/\/koisiegi.com\/index.php\/wp-json\/wp\/v2\/media?parent=5077"}],"wp:term":[{"taxonomy":"product_brand","embeddable":true,"href":"https:\/\/koisiegi.com\/index.php\/wp-json\/wp\/v2\/product_brand?post=5077"},{"taxonomy":"product_cat","embeddable":true,"href":"https:\/\/koisiegi.com\/index.php\/wp-json\/wp\/v2\/product_cat?post=5077"},{"taxonomy":"product_tag","embeddable":true,"href":"https:\/\/koisiegi.com\/index.php\/wp-json\/wp\/v2\/product_tag?post=5077"}],"curies":[{"name":"wp","href":"https:\/\/api.w.org\/{rel}","templated":true}]}}