{"id":5019,"date":"2020-04-20T18:24:51","date_gmt":"2020-04-20T16:24:51","guid":{"rendered":"https:\/\/koisiegi.com\/?post_type=product&#038;p=5019"},"modified":"2024-09-16T12:22:22","modified_gmt":"2024-09-16T10:22:22","slug":"superfish-pond-eco-8000-teichpumpe","status":"publish","type":"product","link":"https:\/\/koisiegi.com\/index.php\/product\/superfish-pond-eco-8000-teichpumpe\/","title":{"rendered":"Teichpumpe ECO 3500\/5000\/8000"},"content":{"rendered":"<p>Beschreibung:<\/p>\n<p>Die Teichpumpe ist das Herz Ihres Teiches!<\/p>\n<p>Die professionelle Teichpumpe Super Fish Pond ECO 3500\/5000\/8000 ist geeignet f\u00fcr die Anwendung im Wasser in nahezu allen Koi- und Fischteichen.<\/p>\n<p>Es handelt sich um eine Synchron-Pumpe die bei einem sehr niedrigen Stromverbrauch gro\u00dfe Mengen Wasser umw\u00e4lzt. Die speziellen Vortex-Schaufeln transportieren Schmutzteilchen bis zu einer Gr\u00f6\u00dfe von 8 mm optimal zum Teichfilter.<\/p>\n<p>Durch ihren drehbaren Multistep-Schlauchanschluss ist eine einfache Installation der Pumpe garantiert.<\/p>\n<p>Antrieb und Zahnr\u00e4der aus Keramik sorgen f\u00fcr einen sehr geringen Verschlei\u00df.<\/p>\n<p>Pumpenleistung 3.500 \/5000\/ 8.000 l\/h<\/p>\n<p>&nbsp;<\/p>\n","protected":false},"excerpt":{"rendered":"<p>SF Teichpumpe ECO 3500\/5000\/8000<\/p>\n","protected":false},"featured_media":5064,"template":"","meta":[],"product_brand":[],"product_cat":[142,24],"product_tag":[23],"class_list":{"0":"post-5019","1":"product","2":"type-product","3":"status-publish","4":"has-post-thumbnail","6":"product_cat-filtertechnik-zubehoer","7":"product_cat-pumpen","8":"product_tag-pumpe","9":"product_shipping_class-zubehoer","11":"first","12":"instock","13":"taxable","14":"shipping-taxable","15":"purchasable","16":"product-type-variable"},"_links":{"self":[{"href":"https:\/\/koisiegi.com\/index.php\/wp-json\/wp\/v2\/product\/5019","targetHints":{"allow":["GET"]}}],"collection":[{"href":"https:\/\/koisiegi.com\/index.php\/wp-json\/wp\/v2\/product"}],"about":[{"href":"https:\/\/koisiegi.com\/index.php\/wp-json\/wp\/v2\/types\/product"}],"wp:featuredmedia":[{"embeddable":true,"href":"https:\/\/koisiegi.com\/index.php\/wp-json\/wp\/v2\/media\/5064"}],"wp:attachment":[{"href":"https:\/\/koisiegi.com\/index.php\/wp-json\/wp\/v2\/media?parent=5019"}],"wp:term":[{"taxonomy":"product_brand","embeddable":true,"href":"https:\/\/koisiegi.com\/index.php\/wp-json\/wp\/v2\/product_brand?post=5019"},{"taxonomy":"product_cat","embeddable":true,"href":"https:\/\/koisiegi.com\/index.php\/wp-json\/wp\/v2\/product_cat?post=5019"},{"taxonomy":"product_tag","embeddable":true,"href":"https:\/\/koisiegi.com\/index.php\/wp-json\/wp\/v2\/product_tag?post=5019"}],"curies":[{"name":"wp","href":"https:\/\/api.w.org\/{rel}","templated":true}]}}