{"id":5010,"date":"2020-04-20T15:09:25","date_gmt":"2020-04-20T13:09:25","guid":{"rendered":"https:\/\/koisiegi.com\/?post_type=product&#038;p=5010"},"modified":"2025-08-28T14:35:47","modified_gmt":"2025-08-28T12:35:47","slug":"superfish-air-blow-50-2","status":"publish","type":"product","link":"https:\/\/koisiegi.com\/index.php\/product\/superfish-air-blow-50-2\/","title":{"rendered":"Teichluftpumpe Air Blow 50\/100"},"content":{"rendered":"<p>Diese professionellen Luftpumpen wurden speziell f\u00fcr einen hohen Luftertrag entwickelt. Auch bei gro\u00dfen Wassertiefen bis zu 3 Meter liefert diese Pumpe ausreichend Luft. Geeignet f\u00fcr Koi-Teiche und andere gro\u00dfe Teiche, aber auch f\u00fcr den Anschluss an Zucht-, Verkaufs- und Quarant\u00e4neanlagen mit mehreren Luftzug\u00e4nge. Ersatzmembran ist im Lieferumfang enthalten.<\/p>\n<p>Hoher Luftertrag und hohe Luftleistung<\/p>\n<p>Luftleistung per Stunde: <strong>3000\/6.000 l\/h<\/strong><\/p>\n<p>Abmessungen:\u00a0<strong>460 x 270 x 490 mm<\/strong><\/p>\n<p>&nbsp;<\/p>\n","protected":false},"excerpt":{"rendered":"<p>Teichluftpumpe Air Blow 50\/100<\/p>\n","protected":false},"featured_media":5068,"template":"","meta":[],"product_brand":[],"product_cat":[142,24],"product_tag":[23],"class_list":{"0":"post-5010","1":"product","2":"type-product","3":"status-publish","4":"has-post-thumbnail","6":"product_cat-filtertechnik-zubehoer","7":"product_cat-pumpen","8":"product_tag-pumpe","9":"product_shipping_class-zubehoer","11":"first","12":"instock","13":"taxable","14":"shipping-taxable","15":"purchasable","16":"product-type-variable","17":"has-default-attributes"},"_links":{"self":[{"href":"https:\/\/koisiegi.com\/index.php\/wp-json\/wp\/v2\/product\/5010","targetHints":{"allow":["GET"]}}],"collection":[{"href":"https:\/\/koisiegi.com\/index.php\/wp-json\/wp\/v2\/product"}],"about":[{"href":"https:\/\/koisiegi.com\/index.php\/wp-json\/wp\/v2\/types\/product"}],"wp:featuredmedia":[{"embeddable":true,"href":"https:\/\/koisiegi.com\/index.php\/wp-json\/wp\/v2\/media\/5068"}],"wp:attachment":[{"href":"https:\/\/koisiegi.com\/index.php\/wp-json\/wp\/v2\/media?parent=5010"}],"wp:term":[{"taxonomy":"product_brand","embeddable":true,"href":"https:\/\/koisiegi.com\/index.php\/wp-json\/wp\/v2\/product_brand?post=5010"},{"taxonomy":"product_cat","embeddable":true,"href":"https:\/\/koisiegi.com\/index.php\/wp-json\/wp\/v2\/product_cat?post=5010"},{"taxonomy":"product_tag","embeddable":true,"href":"https:\/\/koisiegi.com\/index.php\/wp-json\/wp\/v2\/product_tag?post=5010"}],"curies":[{"name":"wp","href":"https:\/\/api.w.org\/{rel}","templated":true}]}}