{"id":37983,"date":"2026-03-16T17:31:09","date_gmt":"2026-03-16T16:31:09","guid":{"rendered":"https:\/\/koisiegi.com\/?post_type=product&#038;p=37983"},"modified":"2026-03-16T17:51:22","modified_gmt":"2026-03-16T16:51:22","slug":"trommelfilter-mit-biostufe-cl65-kopie","status":"publish","type":"product","link":"https:\/\/koisiegi.com\/index.php\/product\/trommelfilter-mit-biostufe-cl65-kopie\/","title":{"rendered":"Combi Drum Filter 60000 Teiche bis 30-35m\u00b3"},"content":{"rendered":"<p>Der Combi Drum Filter 30.000, L 128 \/90\/101,5cm<\/p>\n<p>Der Koi Pro Combi Trommelfilter 60.000 ist ein sehr langlebiger, effizienter biologischer\u00a0 Trommelfilter, entwickelt und hergestellt in den Niederlanden .<\/p>\n<p>Der Kombi-Trommelfilter ist wartungsarm und selbst reinigend, die biologische Filterkammer ist mit einer Luftplatte, 12 mm Luftschlauch und Schnellanschluss f\u00fcr eine optionale Luftpumpe (empfohlen 3600 L\/h) ausgestattet. Die biologische Filterkammer kann mit Schwebebettmedien oder mit japanischen Matten bef\u00fcllt werden, diese sind nicht im Lieferumfang enthalten, aber bei uns erh\u00e4ltlich. Die Combi-Trommel ist in zwei Versionen erh\u00e4ltlich: als pumpengespeister Filter und als Schwerkraftfilter, was bedeutet, dass der Schwimmer und die Umlenkbleche korrekt montiert sind, was eine einfache Installation erm\u00f6glicht. Die Combi Drum wird mit einer wartungsfreundlichen 120 \u03bcm-Siebplatte geliefert. Die beiden eingebauten 40watt UVC,s sind unter der Trommel verbaut und reinigen so das Sieb und halten das Schwebealgen Wachstum unter Kontrolle.<\/p>\n<p>Bis zu 30m\u00b3\/Std Durchsatz<\/p>\n<p><span style=\"color: #000000\">Lieferumfang inklusive:<\/span><\/p>\n<ul>\n<li><strong><span style=\"color: #000000\">Trommelfilter 60000 \/ Teiche 30-35m\u00b3<\/span><\/strong><\/li>\n<li><strong><span style=\"color: #000000\">Max Pumpkapazit\u00e4t\u00a0 30000lt<\/span><\/strong><\/li>\n<li><strong><span style=\"color: #000000\">inkl. Hochtruckpumpe 4 Bar 750Watt<\/span><\/strong><\/li>\n<li><strong><span style=\"color: #000000\"> Steuerung und Bel\u00fcftung 35cm Stange<br \/>\n<\/span><\/strong><\/li>\n<li><strong><span style=\"color: #000000\">inkl. 2 x 40Watt tauch UVC, Hochleistung UVC<\/span><\/strong><\/li>\n<li><strong><span style=\"color: #000000\">128 \/90\/101,5cm L\/B\/H<\/span><\/strong><\/li>\n<li><strong><span style=\"color: #000000\">Helix Volumen 100-150lt<\/span><\/strong><\/li>\n<li><strong><span style=\"color: #000000\">4 mal 110mm Einlass<\/span><\/strong><\/li>\n<li><strong><span style=\"color: #000000\">3 mal 110mm Auslass<\/span><\/strong><\/li>\n<\/ul>\n<p>&nbsp;<\/p>\n<p><strong>Achtung ! Kein Standardversand.\u00a0<\/strong><\/p>\n<p><strong>Selbstabholung des Filters bei uns im Koi Haus-Hitzendorf. <\/strong><\/p>\n<p><strong>Koisiegi: Stein 86, A-8561 Hitzendorf ! +43 664\/836 85 85<\/strong><\/p>\n<p>&nbsp;<\/p>\n<p>&nbsp;<\/p>\n<p>&nbsp;<\/p>\n<p>&nbsp;<\/p>\n<p>&nbsp;<\/p>\n","protected":false},"excerpt":{"rendered":"<p>Trommelfilter mit Biostufe CL65 Preise auf Anfrage<\/p>\n","protected":false},"featured_media":37964,"template":"","meta":[],"product_brand":[],"product_cat":[142,52],"product_tag":[50,51],"class_list":{"0":"post-37983","1":"product","2":"type-product","3":"status-publish","4":"has-post-thumbnail","6":"product_cat-filtertechnik-zubehoer","7":"product_cat-trommelfiltermodulfilter","8":"product_tag-modulfilter","9":"product_tag-trommelfilter","11":"first","12":"outofstock","13":"taxable","14":"shipping-taxable","15":"purchasable","16":"product-type-simple"},"_links":{"self":[{"href":"https:\/\/koisiegi.com\/index.php\/wp-json\/wp\/v2\/product\/37983","targetHints":{"allow":["GET"]}}],"collection":[{"href":"https:\/\/koisiegi.com\/index.php\/wp-json\/wp\/v2\/product"}],"about":[{"href":"https:\/\/koisiegi.com\/index.php\/wp-json\/wp\/v2\/types\/product"}],"wp:featuredmedia":[{"embeddable":true,"href":"https:\/\/koisiegi.com\/index.php\/wp-json\/wp\/v2\/media\/37964"}],"wp:attachment":[{"href":"https:\/\/koisiegi.com\/index.php\/wp-json\/wp\/v2\/media?parent=37983"}],"wp:term":[{"taxonomy":"product_brand","embeddable":true,"href":"https:\/\/koisiegi.com\/index.php\/wp-json\/wp\/v2\/product_brand?post=37983"},{"taxonomy":"product_cat","embeddable":true,"href":"https:\/\/koisiegi.com\/index.php\/wp-json\/wp\/v2\/product_cat?post=37983"},{"taxonomy":"product_tag","embeddable":true,"href":"https:\/\/koisiegi.com\/index.php\/wp-json\/wp\/v2\/product_tag?post=37983"}],"curies":[{"name":"wp","href":"https:\/\/api.w.org\/{rel}","templated":true}]}}