{"id":37941,"date":"2026-02-19T18:53:37","date_gmt":"2026-02-19T17:53:37","guid":{"rendered":"https:\/\/koisiegi.com\/?post_type=product&#038;p=37941"},"modified":"2026-04-20T14:26:38","modified_gmt":"2026-04-20T12:26:38","slug":"18-24cm-chagoi-kopie-kopie","status":"publish","type":"product","link":"https:\/\/koisiegi.com\/index.php\/product\/18-24cm-chagoi-kopie-kopie\/","title":{"rendered":"Mano Ginrin Showa 17-20cm Tosai"},"content":{"rendered":"<h3>Mano Ginrin Showa 17-20cm<\/h3>\n<ul style=\"list-style-type: square\">\n<li><strong><span style=\"vertical-align: inherit\"><span style=\"vertical-align: inherit\">Geburtsjahr: 2025<\/span><\/span><\/strong><\/li>\n<li><strong><span style=\"vertical-align: inherit\"><span style=\"vertical-align: inherit\">Gr\u00f6\u00dfe: 17-20cm<\/span><\/span><\/strong><\/li>\n<li><b><span style=\"vertical-align: inherit\"><span style=\"vertical-align: inherit\">Z\u00fcchter: Mano<\/span><\/span><\/b><\/li>\n<li><strong><span style=\"vertical-align: inherit\"><span style=\"vertical-align: inherit\">Geschlecht: \u26a5<\/span><\/span><\/strong><\/li>\n<li><strong><span style=\"vertical-align: inherit\"><span style=\"vertical-align: inherit\">Video auf Anfrage<\/span><\/span><\/strong><\/li>\n<li><strong><span style=\"vertical-align: inherit\"><span style=\"vertical-align: inherit\">Standort Koihaus-Hitzendorf \/ AT<\/span><\/span><\/strong><\/li>\n<li><strong><span style=\"vertical-align: inherit\"><span style=\"vertical-align: inherit\">Azukari, Ja<\/span><\/span><\/strong><\/li>\n<\/ul>\n<p><span style=\"vertical-align: inherit\"><span style=\"vertical-align: inherit\">Bildmaterial folgt ende M\u00e4rz 26<\/span><\/span><\/p>\n","protected":false},"excerpt":{"rendered":"<p>Mano Ginrin Showa 17-20cm Geburtsjahr: 2025 Gr\u00f6\u00dfe: 17-20cm Z\u00fcchter: Mano Geschlecht: \u26a5 Video auf Anfrage Standort Koihaus-Hitzendorf \/ AT Azukari, Ja Bildmaterial folgt ende M\u00e4rz 26<\/p>\n","protected":false},"featured_media":37029,"template":"","meta":[],"product_brand":[],"product_cat":[33,167],"product_tag":[166],"class_list":{"0":"post-37941","1":"product","2":"type-product","3":"status-publish","4":"has-post-thumbnail","6":"product_cat-koi","7":"product_cat-tosai-2026","8":"product_tag-tosai","9":"product_shipping_class-koi","11":"first","12":"instock","13":"sold-individually","14":"taxable","15":"shipping-taxable","16":"purchasable","17":"product-type-simple"},"_links":{"self":[{"href":"https:\/\/koisiegi.com\/index.php\/wp-json\/wp\/v2\/product\/37941","targetHints":{"allow":["GET"]}}],"collection":[{"href":"https:\/\/koisiegi.com\/index.php\/wp-json\/wp\/v2\/product"}],"about":[{"href":"https:\/\/koisiegi.com\/index.php\/wp-json\/wp\/v2\/types\/product"}],"wp:featuredmedia":[{"embeddable":true,"href":"https:\/\/koisiegi.com\/index.php\/wp-json\/wp\/v2\/media\/37029"}],"wp:attachment":[{"href":"https:\/\/koisiegi.com\/index.php\/wp-json\/wp\/v2\/media?parent=37941"}],"wp:term":[{"taxonomy":"product_brand","embeddable":true,"href":"https:\/\/koisiegi.com\/index.php\/wp-json\/wp\/v2\/product_brand?post=37941"},{"taxonomy":"product_cat","embeddable":true,"href":"https:\/\/koisiegi.com\/index.php\/wp-json\/wp\/v2\/product_cat?post=37941"},{"taxonomy":"product_tag","embeddable":true,"href":"https:\/\/koisiegi.com\/index.php\/wp-json\/wp\/v2\/product_tag?post=37941"}],"curies":[{"name":"wp","href":"https:\/\/api.w.org\/{rel}","templated":true}]}}