{"id":37853,"date":"2025-12-01T17:01:41","date_gmt":"2025-12-01T16:01:41","guid":{"rendered":"https:\/\/koisiegi.com\/?post_type=product&#038;p=37853"},"modified":"2025-12-02T17:54:55","modified_gmt":"2025-12-02T16:54:55","slug":"hq-gin-rin-kohaku-tsuna-72-74cm","status":"publish","type":"product","link":"https:\/\/koisiegi.com\/index.php\/product\/hq-gin-rin-kohaku-tsuna-72-74cm\/","title":{"rendered":"HQ Gin Rin Kohaku Tsuna 72-74cm"},"content":{"rendered":"<h2 style=\"text-align: center\"><a href=\"https:\/\/youtube.com\/shorts\/61yP7Ys2Aak?si=keUjk94H_zVb2ZRH\">HQ Gin Rin Kohaku\u00a0 \u00a0YouTube Video<\/a><\/h2>\n<h3><strong>Spezifikationen :<\/strong><\/h3>\n<h4><strong> <a href=\"tel:+436648368585\">Infoline Koisiegi\u00a0<\/a><\/strong><\/h4>\n<ul data-spread=\"false\">\n<li><strong>Variet\u00e4t: HQ Gin Rin Kohaku<\/strong><\/li>\n<li><strong>Gr\u00f6\u00dfe:<\/strong>\u00a0 75-77 cm<\/li>\n<li><strong>Geburtsjahr :<\/strong> 2021<\/li>\n<li><strong>Geschlecht:<\/strong> Weiblich\/M\u00e4nnlich<\/li>\n<li><strong>Z\u00fcchter:<\/strong> Tsuna<\/li>\n<li><strong>Standort:<\/strong> Koihaus Hitzendorf, AT<\/li>\n<li><strong>Azukari 1 Jahr :<\/strong>\u00a0 \u00a0nach Absprache<\/li>\n<li><strong>Verf\u00fcgbarkeit:<\/strong> verf\u00fcgbar<\/li>\n<li>Stand 12\/2025 &#8211; 1 Jahr\u00a0 Quarant\u00e4ne Jumbo Spezial Becken II<\/li>\n<\/ul>\n<p>Japan\u2011Selektion \u2022 Quarant\u00e4ne abgeschlossen \u2022 Azukari m\u00f6glich \u2022 Lieferung AT\u2022 Lieferung EU \u2022 Schwimmt in Hitzendorf<\/p>\n<h4><a href=\"https:\/\/wa.me\/436648368585.\"><strong><span style=\"color: #0000ff\">WhatsApp Info Koisiegi<\/span><\/strong><\/a><\/h4>\n","protected":false},"excerpt":{"rendered":"<p>HQ Gin Rin Kohaku\u00a0 \u00a0YouTube Video Spezifikationen : Infoline Koisiegi\u00a0 Variet\u00e4t: HQ Gin Rin Kohaku Gr\u00f6\u00dfe:\u00a0 75-77 cm Geburtsjahr : 2021 Geschlecht: Weiblich\/M\u00e4nnlich Z\u00fcchter: Tsuna Standort: Koihaus Hitzendorf, AT Azukari 1 Jahr :\u00a0 \u00a0nach Absprache Verf\u00fcgbarkeit: verf\u00fcgbar Stand 12\/2025 &#8211; 1 Jahr\u00a0 Quarant\u00e4ne Jumbo Spezial Becken II Japan\u2011Selektion \u2022 Quarant\u00e4ne abgeschlossen \u2022 Azukari m\u00f6glich \u2022 [&hellip;]<\/p>\n","protected":false},"featured_media":37854,"template":"","meta":[],"product_brand":[],"product_cat":[237,33,246],"product_tag":[240,250,241,243,247],"class_list":{"0":"post-37853","1":"product","2":"type-product","3":"status-publish","4":"has-post-thumbnail","6":"product_cat-60-75-cm","7":"product_cat-koi","8":"product_cat-neuzugang-2026","9":"product_tag-japankoi","10":"product_tag-jumbo-spezial-becken-ii","11":"product_tag-koi","12":"product_tag-koikoisiegi-die-nummer1-bei-koi","13":"product_tag-neuzugang-2026","14":"product_shipping_class-koi","16":"first","17":"instock","18":"taxable","19":"shipping-taxable","20":"purchasable","21":"product-type-simple"},"_links":{"self":[{"href":"https:\/\/koisiegi.com\/index.php\/wp-json\/wp\/v2\/product\/37853","targetHints":{"allow":["GET"]}}],"collection":[{"href":"https:\/\/koisiegi.com\/index.php\/wp-json\/wp\/v2\/product"}],"about":[{"href":"https:\/\/koisiegi.com\/index.php\/wp-json\/wp\/v2\/types\/product"}],"wp:featuredmedia":[{"embeddable":true,"href":"https:\/\/koisiegi.com\/index.php\/wp-json\/wp\/v2\/media\/37854"}],"wp:attachment":[{"href":"https:\/\/koisiegi.com\/index.php\/wp-json\/wp\/v2\/media?parent=37853"}],"wp:term":[{"taxonomy":"product_brand","embeddable":true,"href":"https:\/\/koisiegi.com\/index.php\/wp-json\/wp\/v2\/product_brand?post=37853"},{"taxonomy":"product_cat","embeddable":true,"href":"https:\/\/koisiegi.com\/index.php\/wp-json\/wp\/v2\/product_cat?post=37853"},{"taxonomy":"product_tag","embeddable":true,"href":"https:\/\/koisiegi.com\/index.php\/wp-json\/wp\/v2\/product_tag?post=37853"}],"curies":[{"name":"wp","href":"https:\/\/api.w.org\/{rel}","templated":true}]}}