{"id":37775,"date":"2025-11-21T18:01:03","date_gmt":"2025-11-21T17:01:03","guid":{"rendered":"https:\/\/koisiegi.com\/?post_type=product&#038;p=37775"},"modified":"2026-03-17T17:17:02","modified_gmt":"2026-03-17T16:17:02","slug":"sakai-n-20-floating-l-20kg-2026","status":"publish","type":"product","link":"https:\/\/koisiegi.com\/index.php\/product\/sakai-n-20-floating-l-20kg-2026\/","title":{"rendered":"Sakai N-20 Floating L 20kg 2026 Lagernd"},"content":{"rendered":"<table border=\"0\" cellspacing=\"0\" cellpadding=\"0\">\n<tbody>\n<tr>\n<td class=\"infotext\">N-20 ist das echte und urspr\u00fcngliche Futter, das seit mehr als 30 Jahren von der f\u00fchrenden Sakai-Fischfarm verwendet wird. Dieses Futter wird von Hikari in Japan hergestellt und viele Grand Champions der All Japan Nishikigoi Show wurden damit aufgezogen.<\/td>\n<\/tr>\n<tr>\n<td class=\"infolabel\" valign=\"top\" nowrap=\"nowrap\">20kG Swim<\/td>\n<td class=\"infotext\">Professionelles Tagesfutter f\u00fcr Koi, N-20\u00ae Diese Rezeptur ist reich an hochwertigen Proteinen aus Fischmehl und Weizenkeimen, wodurch die Fische insgesamt mehr N\u00e4hrstoffe aufnehmen k\u00f6nnen.<\/td>\n<\/tr>\n<tr>\n<td class=\"infolabel\" valign=\"top\" nowrap=\"nowrap\"><\/td>\n<td class=\"infotext\">Dieses Futter eignet sich hervorragend zum Mischen mit Saki-Hikari, um es f\u00fcr bestimmte Zwecke zu verwenden. Mischen Sie es mit Saki Hikari Color f\u00fcr zus\u00e4tzliche Farbe oder mit Growth f\u00fcr zus\u00e4tzliches Wachstum.<\/td>\n<\/tr>\n<tr>\n<td class=\"infolabel\" valign=\"top\" nowrap=\"nowrap\"><\/td>\n<td class=\"infotext\">Inhalt: 20KG sinkende Pellets der Gr\u00f6\u00dfe 6 bis 6,5 mm. F\u00fcr Koi von 25 cm und gr\u00f6\u00dfer.<\/td>\n<\/tr>\n<\/tbody>\n<\/table>\n","protected":false},"excerpt":{"rendered":"<p><span style=\"color: #ff0000\">\u00a0VERSANDKOSTEN FREI!<\/span><\/p>\n","protected":false},"featured_media":37783,"template":"","meta":[],"product_brand":[],"product_cat":[96,164],"product_tag":[97],"class_list":{"0":"post-37775","1":"product","2":"type-product","3":"status-publish","4":"has-post-thumbnail","6":"product_cat-futter","7":"product_cat-saki-hikari","8":"product_tag-futter","9":"product_shipping_class-koi","11":"first","12":"instock","13":"taxable","14":"shipping-taxable","15":"purchasable","16":"product-type-simple"},"_links":{"self":[{"href":"https:\/\/koisiegi.com\/index.php\/wp-json\/wp\/v2\/product\/37775","targetHints":{"allow":["GET"]}}],"collection":[{"href":"https:\/\/koisiegi.com\/index.php\/wp-json\/wp\/v2\/product"}],"about":[{"href":"https:\/\/koisiegi.com\/index.php\/wp-json\/wp\/v2\/types\/product"}],"wp:featuredmedia":[{"embeddable":true,"href":"https:\/\/koisiegi.com\/index.php\/wp-json\/wp\/v2\/media\/37783"}],"wp:attachment":[{"href":"https:\/\/koisiegi.com\/index.php\/wp-json\/wp\/v2\/media?parent=37775"}],"wp:term":[{"taxonomy":"product_brand","embeddable":true,"href":"https:\/\/koisiegi.com\/index.php\/wp-json\/wp\/v2\/product_brand?post=37775"},{"taxonomy":"product_cat","embeddable":true,"href":"https:\/\/koisiegi.com\/index.php\/wp-json\/wp\/v2\/product_cat?post=37775"},{"taxonomy":"product_tag","embeddable":true,"href":"https:\/\/koisiegi.com\/index.php\/wp-json\/wp\/v2\/product_tag?post=37775"}],"curies":[{"name":"wp","href":"https:\/\/api.w.org\/{rel}","templated":true}]}}