{"id":37325,"date":"2025-03-13T18:42:29","date_gmt":"2025-03-13T17:42:29","guid":{"rendered":"https:\/\/koisiegi.com\/?post_type=product&#038;p=37325"},"modified":"2025-09-14T07:12:22","modified_gmt":"2025-09-14T05:12:22","slug":"bactoplus-fresh-psb-20000ml","status":"publish","type":"product","link":"https:\/\/koisiegi.com\/index.php\/product\/bactoplus-fresh-psb-20000ml\/","title":{"rendered":"Bactoplus Fresh PSB 2000ml"},"content":{"rendered":"<table style=\"height: 305px\" border=\"0\" width=\"1359\" cellspacing=\"0\" cellpadding=\"0\">\n<tbody>\n<tr>\n<td class=\"infotext\"><a>BACTOPLUS FRESH PSB 2000 ML<\/a><\/td>\n<\/tr>\n<tr>\n<td class=\"infolabel\" valign=\"top\" nowrap=\"nowrap\" width=\"20%\"><\/td>\n<td class=\"infotext\">Frische PSB (Photo Synthetic Bacteria) sind in der Lage, gro\u00dfe Mengen organischer Stoffe zu verdauen und sorgen so f\u00fcr eine hervorragende Wasserqualit\u00e4t.<\/td>\n<\/tr>\n<tr>\n<td class=\"infolabel\" valign=\"top\" nowrap=\"nowrap\" width=\"20%\"><\/td>\n<td class=\"infotext\">Fresh PSB wird in den Niederlanden frisch produziert, ist 100% nat\u00fcrlich und ohne Farbstoffe.<\/td>\n<\/tr>\n<tr>\n<td class=\"infolabel\" valign=\"top\" nowrap=\"nowrap\" width=\"20%\"><\/td>\n<td class=\"infotext\">PSB-Bakterien arbeiten ohne Sauerstoff und k\u00f6nnen daher auch in h\u00f6heren Dosen zugegeben werden, um die Ergebnisse zu beschleunigen.<\/td>\n<\/tr>\n<tr>\n<td class=\"infolabel\" valign=\"top\" nowrap=\"nowrap\" width=\"20%\"><\/td>\n<td class=\"infotext\">Inhalt: 2.000 ml ausreichend f\u00fcr 200.000 Liter Teichwasser.<\/td>\n<\/tr>\n<\/tbody>\n<\/table>\n<p>&nbsp;<\/p>\n","protected":false},"excerpt":{"rendered":"<p>Bactoplus Fresh PSB 20000ml<\/p>\n","protected":false},"featured_media":37328,"template":"","meta":[],"product_brand":[],"product_cat":[34,40],"product_tag":[230,210,211,224,212,64],"class_list":{"0":"post-37325","1":"product","2":"type-product","3":"status-publish","4":"has-post-thumbnail","6":"product_cat-gesundheit","7":"product_cat-wasserbehandlung","8":"product_tag-probiotisch","9":"product_tag-schnelle-teichreinigung","10":"product_tag-schonend-fuer-flora-und-fauna","11":"product_tag-sensitiv","12":"product_tag-sichere-teichbehandlung","13":"product_tag-teichbakterien","14":"product_shipping_class-zubehoer","16":"first","17":"instock","18":"taxable","19":"shipping-taxable","20":"purchasable","21":"product-type-simple"},"_links":{"self":[{"href":"https:\/\/koisiegi.com\/index.php\/wp-json\/wp\/v2\/product\/37325","targetHints":{"allow":["GET"]}}],"collection":[{"href":"https:\/\/koisiegi.com\/index.php\/wp-json\/wp\/v2\/product"}],"about":[{"href":"https:\/\/koisiegi.com\/index.php\/wp-json\/wp\/v2\/types\/product"}],"wp:featuredmedia":[{"embeddable":true,"href":"https:\/\/koisiegi.com\/index.php\/wp-json\/wp\/v2\/media\/37328"}],"wp:attachment":[{"href":"https:\/\/koisiegi.com\/index.php\/wp-json\/wp\/v2\/media?parent=37325"}],"wp:term":[{"taxonomy":"product_brand","embeddable":true,"href":"https:\/\/koisiegi.com\/index.php\/wp-json\/wp\/v2\/product_brand?post=37325"},{"taxonomy":"product_cat","embeddable":true,"href":"https:\/\/koisiegi.com\/index.php\/wp-json\/wp\/v2\/product_cat?post=37325"},{"taxonomy":"product_tag","embeddable":true,"href":"https:\/\/koisiegi.com\/index.php\/wp-json\/wp\/v2\/product_tag?post=37325"}],"curies":[{"name":"wp","href":"https:\/\/api.w.org\/{rel}","templated":true}]}}