{"id":37276,"date":"2025-02-04T21:28:48","date_gmt":"2025-02-04T20:28:48","guid":{"rendered":"https:\/\/koisiegi.com\/?post_type=product&#038;p=37276"},"modified":"2025-02-04T21:34:25","modified_gmt":"2025-02-04T20:34:25","slug":"karashi-marudo-52-55cm-4","status":"publish","type":"product","link":"https:\/\/koisiegi.com\/index.php\/product\/karashi-marudo-52-55cm-4\/","title":{"rendered":"Karashi, Marudo, 52-55cm"},"content":{"rendered":"<h3>Karashi<\/h3>\n<ul>\n<li>Geburtsjahr: 2023<\/li>\n<li>Gr\u00f6\u00dfe: 52-55cm<\/li>\n<li>Geschlecht: Fem<\/li>\n<li>Z\u00fcchter: Marudo<\/li>\n<li>Standort Koihaus-Hitzendorf \/ AT<\/li>\n<li>Azukari, Ja<\/li>\n<\/ul>\n","protected":false},"excerpt":{"rendered":"<p>Karashi Geburtsjahr: 2023 Gr\u00f6\u00dfe: 52-55cm Geschlecht: Fem Z\u00fcchter: Marudo Standort Koihaus-Hitzendorf \/ AT Azukari, Ja<\/p>\n","protected":false},"featured_media":37277,"template":"","meta":[],"product_brand":[],"product_cat":[236,33],"product_tag":[178],"class_list":{"0":"post-37276","1":"product","2":"type-product","3":"status-publish","4":"has-post-thumbnail","6":"product_cat-50-60-cm","7":"product_cat-koi","8":"product_tag-koihaus-becken-5","9":"product_shipping_class-koi","11":"first","12":"instock","13":"taxable","14":"shipping-taxable","15":"purchasable","16":"product-type-simple"},"_links":{"self":[{"href":"https:\/\/koisiegi.com\/index.php\/wp-json\/wp\/v2\/product\/37276","targetHints":{"allow":["GET"]}}],"collection":[{"href":"https:\/\/koisiegi.com\/index.php\/wp-json\/wp\/v2\/product"}],"about":[{"href":"https:\/\/koisiegi.com\/index.php\/wp-json\/wp\/v2\/types\/product"}],"wp:featuredmedia":[{"embeddable":true,"href":"https:\/\/koisiegi.com\/index.php\/wp-json\/wp\/v2\/media\/37277"}],"wp:attachment":[{"href":"https:\/\/koisiegi.com\/index.php\/wp-json\/wp\/v2\/media?parent=37276"}],"wp:term":[{"taxonomy":"product_brand","embeddable":true,"href":"https:\/\/koisiegi.com\/index.php\/wp-json\/wp\/v2\/product_brand?post=37276"},{"taxonomy":"product_cat","embeddable":true,"href":"https:\/\/koisiegi.com\/index.php\/wp-json\/wp\/v2\/product_cat?post=37276"},{"taxonomy":"product_tag","embeddable":true,"href":"https:\/\/koisiegi.com\/index.php\/wp-json\/wp\/v2\/product_tag?post=37276"}],"curies":[{"name":"wp","href":"https:\/\/api.w.org\/{rel}","templated":true}]}}