{"id":37274,"date":"2025-02-04T21:22:51","date_gmt":"2025-02-04T20:22:51","guid":{"rendered":"https:\/\/koisiegi.com\/?post_type=product&#038;p=37274"},"modified":"2025-02-07T16:52:09","modified_gmt":"2025-02-07T15:52:09","slug":"karashi-marudo-52-55cm-3","status":"publish","type":"product","link":"https:\/\/koisiegi.com\/index.php\/product\/karashi-marudo-52-55cm-3\/","title":{"rendered":"Karashi, Marudo, 55-58cm Verkauft"},"content":{"rendered":"<h3>Karashi<\/h3>\n<ul>\n<li>Geburtsjahr: 2023<\/li>\n<li>Gr\u00f6\u00dfe: 55-58cm<\/li>\n<li>Geschlecht: Fem<\/li>\n<li>Z\u00fcchter: Marudo<\/li>\n<li>Standort Koihaus-Hitzendorf \/ AT<\/li>\n<li>Azukari, Ja<\/li>\n<\/ul>\n","protected":false},"excerpt":{"rendered":"<p>Karashi Geburtsjahr: 2023 Gr\u00f6\u00dfe: 55-58cm Geschlecht: Fem Z\u00fcchter: Marudo Standort Koihaus-Hitzendorf \/ AT Azukari, Ja<\/p>\n","protected":false},"featured_media":37275,"template":"","meta":[],"product_brand":[],"product_cat":[236,33],"product_tag":[238,178],"class_list":{"0":"post-37274","1":"product","2":"type-product","3":"status-publish","4":"has-post-thumbnail","6":"product_cat-50-60-cm","7":"product_cat-koi","8":"product_tag-karshi","9":"product_tag-koihaus-becken-5","10":"product_shipping_class-koi","12":"first","13":"outofstock","14":"taxable","15":"shipping-taxable","16":"purchasable","17":"product-type-simple"},"_links":{"self":[{"href":"https:\/\/koisiegi.com\/index.php\/wp-json\/wp\/v2\/product\/37274","targetHints":{"allow":["GET"]}}],"collection":[{"href":"https:\/\/koisiegi.com\/index.php\/wp-json\/wp\/v2\/product"}],"about":[{"href":"https:\/\/koisiegi.com\/index.php\/wp-json\/wp\/v2\/types\/product"}],"wp:featuredmedia":[{"embeddable":true,"href":"https:\/\/koisiegi.com\/index.php\/wp-json\/wp\/v2\/media\/37275"}],"wp:attachment":[{"href":"https:\/\/koisiegi.com\/index.php\/wp-json\/wp\/v2\/media?parent=37274"}],"wp:term":[{"taxonomy":"product_brand","embeddable":true,"href":"https:\/\/koisiegi.com\/index.php\/wp-json\/wp\/v2\/product_brand?post=37274"},{"taxonomy":"product_cat","embeddable":true,"href":"https:\/\/koisiegi.com\/index.php\/wp-json\/wp\/v2\/product_cat?post=37274"},{"taxonomy":"product_tag","embeddable":true,"href":"https:\/\/koisiegi.com\/index.php\/wp-json\/wp\/v2\/product_tag?post=37274"}],"curies":[{"name":"wp","href":"https:\/\/api.w.org\/{rel}","templated":true}]}}