{"id":37266,"date":"2025-02-04T20:47:13","date_gmt":"2025-02-04T19:47:13","guid":{"rendered":"https:\/\/koisiegi.com\/?post_type=product&#038;p=37266"},"modified":"2025-02-04T21:02:32","modified_gmt":"2025-02-04T20:02:32","slug":"karashi-marudo-54-57cm","status":"publish","type":"product","link":"https:\/\/koisiegi.com\/index.php\/product\/karashi-marudo-54-57cm\/","title":{"rendered":"Karashi, Marudo, 54-57cm"},"content":{"rendered":"<h3>Karashi<\/h3>\n<ul>\n<li>Geburtsjahr: 2023<\/li>\n<li>Gr\u00f6\u00dfe: 54-57cm<\/li>\n<li>Geschlecht: Fem<\/li>\n<li>Z\u00fcchter: Marudo<\/li>\n<li>Standort Koihaus-Hitzendorf \/ AT<\/li>\n<li>Azukari, Ja<\/li>\n<\/ul>\n","protected":false},"excerpt":{"rendered":"<p>Karashi Geburtsjahr: 2023 Gr\u00f6\u00dfe: 54-57cm Geschlecht: Fem Z\u00fcchter: Marudo Standort Koihaus-Hitzendorf \/ AT Azukari, Ja<\/p>\n","protected":false},"featured_media":37267,"template":"","meta":[],"product_brand":[],"product_cat":[236,33],"product_tag":[178],"class_list":{"0":"post-37266","1":"product","2":"type-product","3":"status-publish","4":"has-post-thumbnail","6":"product_cat-50-60-cm","7":"product_cat-koi","8":"product_tag-koihaus-becken-5","9":"product_shipping_class-koi","11":"first","12":"instock","13":"taxable","14":"shipping-taxable","15":"purchasable","16":"product-type-simple"},"_links":{"self":[{"href":"https:\/\/koisiegi.com\/index.php\/wp-json\/wp\/v2\/product\/37266","targetHints":{"allow":["GET"]}}],"collection":[{"href":"https:\/\/koisiegi.com\/index.php\/wp-json\/wp\/v2\/product"}],"about":[{"href":"https:\/\/koisiegi.com\/index.php\/wp-json\/wp\/v2\/types\/product"}],"wp:featuredmedia":[{"embeddable":true,"href":"https:\/\/koisiegi.com\/index.php\/wp-json\/wp\/v2\/media\/37267"}],"wp:attachment":[{"href":"https:\/\/koisiegi.com\/index.php\/wp-json\/wp\/v2\/media?parent=37266"}],"wp:term":[{"taxonomy":"product_brand","embeddable":true,"href":"https:\/\/koisiegi.com\/index.php\/wp-json\/wp\/v2\/product_brand?post=37266"},{"taxonomy":"product_cat","embeddable":true,"href":"https:\/\/koisiegi.com\/index.php\/wp-json\/wp\/v2\/product_cat?post=37266"},{"taxonomy":"product_tag","embeddable":true,"href":"https:\/\/koisiegi.com\/index.php\/wp-json\/wp\/v2\/product_tag?post=37266"}],"curies":[{"name":"wp","href":"https:\/\/api.w.org\/{rel}","templated":true}]}}