{"id":37207,"date":"2025-01-28T08:44:36","date_gmt":"2025-01-28T07:44:36","guid":{"rendered":"https:\/\/koisiegi.com\/?post_type=product&#038;p=37207"},"modified":"2025-01-28T08:58:58","modified_gmt":"2025-01-28T07:58:58","slug":"gin-rin-kohaku-torazo-2","status":"publish","type":"product","link":"https:\/\/koisiegi.com\/index.php\/product\/gin-rin-kohaku-torazo-2\/","title":{"rendered":"Gin Rin Kohaku, Torazo, 41-44cm  *****"},"content":{"rendered":"<h3>Gin Rin Kohaku, Torazo*****<\/h3>\n<ul>\n<li>Geburtsjahr: 2022<\/li>\n<li>Gr\u00f6\u00dfe: 41-44 cm<\/li>\n<li>Z\u00fcchter: Torazo<\/li>\n<li>Geschlecht:\u00a0\u2640<\/li>\n<li>Video auf Anfrage<\/li>\n<li>Standort Koihaus-Hitzendorf \/ AT<\/li>\n<li>Azukari, Nein<\/li>\n<li>Kalt \u00fcberwintert<\/li>\n<li>Kohaku and other Variet\u00e9s ++<\/li>\n<\/ul>\n","protected":false},"excerpt":{"rendered":"<p>Gin Rin Kohaku, Torazo***** Geburtsjahr: 2022 Gr\u00f6\u00dfe: 41-44 cm Z\u00fcchter: Torazo Geschlecht:\u00a0\u2640 Video auf Anfrage Standort Koihaus-Hitzendorf \/ AT Azukari, Nein Kalt \u00fcberwintert Kohaku and other Variet\u00e9s ++<\/p>\n","protected":false},"featured_media":37208,"template":"","meta":[],"product_brand":[],"product_cat":[235,33],"product_tag":[171],"class_list":{"0":"post-37207","1":"product","2":"type-product","3":"status-publish","4":"has-post-thumbnail","6":"product_cat-40-50-cm","7":"product_cat-koi","8":"product_tag-koihaus-becken-3","10":"first","11":"instock","12":"sold-individually","13":"taxable","14":"shipping-taxable","15":"purchasable","16":"product-type-simple"},"_links":{"self":[{"href":"https:\/\/koisiegi.com\/index.php\/wp-json\/wp\/v2\/product\/37207","targetHints":{"allow":["GET"]}}],"collection":[{"href":"https:\/\/koisiegi.com\/index.php\/wp-json\/wp\/v2\/product"}],"about":[{"href":"https:\/\/koisiegi.com\/index.php\/wp-json\/wp\/v2\/types\/product"}],"wp:featuredmedia":[{"embeddable":true,"href":"https:\/\/koisiegi.com\/index.php\/wp-json\/wp\/v2\/media\/37208"}],"wp:attachment":[{"href":"https:\/\/koisiegi.com\/index.php\/wp-json\/wp\/v2\/media?parent=37207"}],"wp:term":[{"taxonomy":"product_brand","embeddable":true,"href":"https:\/\/koisiegi.com\/index.php\/wp-json\/wp\/v2\/product_brand?post=37207"},{"taxonomy":"product_cat","embeddable":true,"href":"https:\/\/koisiegi.com\/index.php\/wp-json\/wp\/v2\/product_cat?post=37207"},{"taxonomy":"product_tag","embeddable":true,"href":"https:\/\/koisiegi.com\/index.php\/wp-json\/wp\/v2\/product_tag?post=37207"}],"curies":[{"name":"wp","href":"https:\/\/api.w.org\/{rel}","templated":true}]}}