{"id":37202,"date":"2025-01-28T08:39:15","date_gmt":"2025-01-28T07:39:15","guid":{"rendered":"https:\/\/koisiegi.com\/?post_type=product&#038;p=37202"},"modified":"2025-01-28T08:55:51","modified_gmt":"2025-01-28T07:55:51","slug":"kohaku-torazo","status":"publish","type":"product","link":"https:\/\/koisiegi.com\/index.php\/product\/kohaku-torazo\/","title":{"rendered":"Kohaku, Torazo, 50-53cm *****"},"content":{"rendered":"<h3>Kohaku, Torazo*****<\/h3>\n<ul>\n<li>Geburtsjahr: 2022<\/li>\n<li>Gr\u00f6\u00dfe: 50-53 cm<\/li>\n<li>Z\u00fcchter: Torazo<\/li>\n<li>Geschlecht: M<\/li>\n<li>Video auf Anfrage<\/li>\n<li>Standort Koihaus-Hitzendorf \/ AT<\/li>\n<li>Azukari, Nein<\/li>\n<li>Kalt \u00fcberwintert<\/li>\n<li>Kohaku and other Variet\u00e9s ++<\/li>\n<\/ul>\n","protected":false},"excerpt":{"rendered":"<p>Kohaku, Torazo***** Geburtsjahr: 2022 Gr\u00f6\u00dfe: 50-53 cm Z\u00fcchter: Torazo Geschlecht: M Video auf Anfrage Standort Koihaus-Hitzendorf \/ AT Azukari, Nein Kalt \u00fcberwintert Kohaku and other Variet\u00e9s ++<\/p>\n","protected":false},"featured_media":37203,"template":"","meta":[],"product_brand":[],"product_cat":[236,33],"product_tag":[171],"class_list":{"0":"post-37202","1":"product","2":"type-product","3":"status-publish","4":"has-post-thumbnail","6":"product_cat-50-60-cm","7":"product_cat-koi","8":"product_tag-koihaus-becken-3","10":"first","11":"instock","12":"sold-individually","13":"taxable","14":"shipping-taxable","15":"purchasable","16":"product-type-simple"},"_links":{"self":[{"href":"https:\/\/koisiegi.com\/index.php\/wp-json\/wp\/v2\/product\/37202","targetHints":{"allow":["GET"]}}],"collection":[{"href":"https:\/\/koisiegi.com\/index.php\/wp-json\/wp\/v2\/product"}],"about":[{"href":"https:\/\/koisiegi.com\/index.php\/wp-json\/wp\/v2\/types\/product"}],"wp:featuredmedia":[{"embeddable":true,"href":"https:\/\/koisiegi.com\/index.php\/wp-json\/wp\/v2\/media\/37203"}],"wp:attachment":[{"href":"https:\/\/koisiegi.com\/index.php\/wp-json\/wp\/v2\/media?parent=37202"}],"wp:term":[{"taxonomy":"product_brand","embeddable":true,"href":"https:\/\/koisiegi.com\/index.php\/wp-json\/wp\/v2\/product_brand?post=37202"},{"taxonomy":"product_cat","embeddable":true,"href":"https:\/\/koisiegi.com\/index.php\/wp-json\/wp\/v2\/product_cat?post=37202"},{"taxonomy":"product_tag","embeddable":true,"href":"https:\/\/koisiegi.com\/index.php\/wp-json\/wp\/v2\/product_tag?post=37202"}],"curies":[{"name":"wp","href":"https:\/\/api.w.org\/{rel}","templated":true}]}}