{"id":37194,"date":"2025-01-28T08:29:07","date_gmt":"2025-01-28T07:29:07","guid":{"rendered":"https:\/\/koisiegi.com\/?post_type=product&#038;p=37194"},"modified":"2026-02-12T10:35:56","modified_gmt":"2026-02-12T09:35:56","slug":"gin-rin-yuki-asagi-show-koi","status":"publish","type":"product","link":"https:\/\/koisiegi.com\/index.php\/product\/gin-rin-yuki-asagi-show-koi\/","title":{"rendered":"Gin Rin Yuki Asagi, Tanaka, 55cm"},"content":{"rendered":"<h3>GR Yuki Asagi Show Koi<\/h3>\n<ul>\n<li>Geburtsjahr: 2022<\/li>\n<li>Gr\u00f6\u00dfe: 50 cm<\/li>\n<li>Z\u00fcchter: Tanaka.H<\/li>\n<li>Geschlecht: Weibl. Tendenz<\/li>\n<li>Video auf Anfrage<\/li>\n<li>Standort Koihaus-Hitzendorf \/ AT<\/li>\n<li>Azukari, Nein<\/li>\n<li>Kalt \u00fcberwintert<\/li>\n<li>Kohaku, Sanke, Showa, Shiro Utsuri, Asagi, Shusui and other Variet\u00e9s<\/li>\n<\/ul>\n","protected":false},"excerpt":{"rendered":"<p>GR Yuki Asagi Show Koi Geburtsjahr: 2022 Gr\u00f6\u00dfe: 50 cm Z\u00fcchter: Tanaka.H Geschlecht: Weibl. Tendenz Video auf Anfrage Standort Koihaus-Hitzendorf \/ AT Azukari, Nein Kalt \u00fcberwintert Kohaku, Sanke, Showa, Shiro Utsuri, Asagi, Shusui and other Variet\u00e9s<\/p>\n","protected":false},"featured_media":37195,"template":"","meta":[],"product_brand":[],"product_cat":[236,33],"product_tag":[171],"class_list":{"0":"post-37194","1":"product","2":"type-product","3":"status-publish","4":"has-post-thumbnail","6":"product_cat-50-60-cm","7":"product_cat-koi","8":"product_tag-koihaus-becken-3","10":"first","11":"instock","12":"sold-individually","13":"taxable","14":"shipping-taxable","15":"purchasable","16":"product-type-simple"},"_links":{"self":[{"href":"https:\/\/koisiegi.com\/index.php\/wp-json\/wp\/v2\/product\/37194","targetHints":{"allow":["GET"]}}],"collection":[{"href":"https:\/\/koisiegi.com\/index.php\/wp-json\/wp\/v2\/product"}],"about":[{"href":"https:\/\/koisiegi.com\/index.php\/wp-json\/wp\/v2\/types\/product"}],"wp:featuredmedia":[{"embeddable":true,"href":"https:\/\/koisiegi.com\/index.php\/wp-json\/wp\/v2\/media\/37195"}],"wp:attachment":[{"href":"https:\/\/koisiegi.com\/index.php\/wp-json\/wp\/v2\/media?parent=37194"}],"wp:term":[{"taxonomy":"product_brand","embeddable":true,"href":"https:\/\/koisiegi.com\/index.php\/wp-json\/wp\/v2\/product_brand?post=37194"},{"taxonomy":"product_cat","embeddable":true,"href":"https:\/\/koisiegi.com\/index.php\/wp-json\/wp\/v2\/product_cat?post=37194"},{"taxonomy":"product_tag","embeddable":true,"href":"https:\/\/koisiegi.com\/index.php\/wp-json\/wp\/v2\/product_tag?post=37194"}],"curies":[{"name":"wp","href":"https:\/\/api.w.org\/{rel}","templated":true}]}}