{"id":37163,"date":"2025-01-15T21:16:18","date_gmt":"2025-01-15T20:16:18","guid":{"rendered":"https:\/\/koisiegi.com\/?post_type=product&#038;p=37163"},"modified":"2025-07-03T15:34:16","modified_gmt":"2025-07-03T13:34:16","slug":"d-sanke-hiroi-52-54cm-2","status":"publish","type":"product","link":"https:\/\/koisiegi.com\/index.php\/product\/d-sanke-hiroi-52-54cm-2\/","title":{"rendered":"D-Sanke, Hiroi, 52-54cm"},"content":{"rendered":"<h3>D-Sanke, Hiroi<\/h3>\n<h4><a href=\"tel:00436648368585\">Terminanruf +436648368585<\/a><\/h4>\n<ul>\n<li>Geburtsjahr: 2023<\/li>\n<li>Gr\u00f6\u00dfe: 52-54 cm<\/li>\n<li>Z\u00fcchter: Hiroi ( Conias )<\/li>\n<li>Geschlecht: \u2642 Tendenz<\/li>\n<li>Video auf Anfrage<\/li>\n<li>Standort Koihaus-Hitzendorf \/ AT<\/li>\n<li>Azukari, Nein<\/li>\n<li>Kalt \u00fcberwintert<\/li>\n<li>Go Sanke, Doitsu Go Sanke, Goshiki, GR Goshiki, GR Kohaku , Parent stock 80, Yearly production 40.000 pcs<\/li>\n<\/ul>\n","protected":false},"excerpt":{"rendered":"<p>D-Sanke, Hiroi Terminanruf +436648368585 Geburtsjahr: 2023 Gr\u00f6\u00dfe: 52-54 cm Z\u00fcchter: Hiroi ( Conias ) Geschlecht: \u2642 Tendenz Video auf Anfrage Standort Koihaus-Hitzendorf \/ AT Azukari, Nein Kalt \u00fcberwintert Go Sanke, Doitsu Go Sanke, Goshiki, GR Goshiki, GR Kohaku , Parent stock 80, Yearly production 40.000 pcs<\/p>\n","protected":false},"featured_media":37164,"template":"","meta":[],"product_brand":[],"product_cat":[236,33],"product_tag":[171],"class_list":{"0":"post-37163","1":"product","2":"type-product","3":"status-publish","4":"has-post-thumbnail","6":"product_cat-50-60-cm","7":"product_cat-koi","8":"product_tag-koihaus-becken-3","10":"first","11":"instock","12":"sold-individually","13":"taxable","14":"shipping-taxable","15":"purchasable","16":"product-type-simple"},"_links":{"self":[{"href":"https:\/\/koisiegi.com\/index.php\/wp-json\/wp\/v2\/product\/37163","targetHints":{"allow":["GET"]}}],"collection":[{"href":"https:\/\/koisiegi.com\/index.php\/wp-json\/wp\/v2\/product"}],"about":[{"href":"https:\/\/koisiegi.com\/index.php\/wp-json\/wp\/v2\/types\/product"}],"wp:featuredmedia":[{"embeddable":true,"href":"https:\/\/koisiegi.com\/index.php\/wp-json\/wp\/v2\/media\/37164"}],"wp:attachment":[{"href":"https:\/\/koisiegi.com\/index.php\/wp-json\/wp\/v2\/media?parent=37163"}],"wp:term":[{"taxonomy":"product_brand","embeddable":true,"href":"https:\/\/koisiegi.com\/index.php\/wp-json\/wp\/v2\/product_brand?post=37163"},{"taxonomy":"product_cat","embeddable":true,"href":"https:\/\/koisiegi.com\/index.php\/wp-json\/wp\/v2\/product_cat?post=37163"},{"taxonomy":"product_tag","embeddable":true,"href":"https:\/\/koisiegi.com\/index.php\/wp-json\/wp\/v2\/product_tag?post=37163"}],"curies":[{"name":"wp","href":"https:\/\/api.w.org\/{rel}","templated":true}]}}